{"id":34750,"date":"2022-12-03T14:54:53","date_gmt":"2022-12-03T13:54:53","guid":{"rendered":"https:\/\/muscleforge.nl\/product\/proceder-chino-jogger-moro-gray\/"},"modified":"2025-06-02T00:08:49","modified_gmt":"2025-06-01T22:08:49","slug":"proceder-chino-jogger-moro-gray","status":"publish","type":"product","link":"https:\/\/muscleforge.nl\/pl\/produkt\/proceder-chino-jogger-moro-gray\/","title":{"rendered":"Proceder Chino Jogger Moro Gray"},"content":{"rendered":"<h3>Spodnie materia\u0142owe jogger marki Proceder<\/h3>\n<div>Materia\u0142: 98% bawe\u0142na, 2% elastan<br \/>\nWyprodukowano: w Polsce<b>Cechy produktu:<\/b><br \/>\ndwie przednie i dwie tylne kieszenie<br \/>\nw pasie znajduje si\u0119 \u015bci\u0105gacz z czarnym sznurkiem<br \/>\nna tylnej kieszeni starannie wykonany haft<br \/>\nca\u0142o\u015b\u0107 wykonana jest z wysokiej jako\u015bci tkaniny, z dodatkiem elastanu, kt\u00f3ry poprawia komfort u\u017cytkowania.<br \/>\nwyko\u0144czenie firmowymi metkami<\/p>\n<\/div>\n<div><\/div>\n<div><\/div>\n<div class=\"size-table-image\"><img decoding=\"async\" src=\"https:\/\/www.stephurt.pl\/img\/sizings\/ftp\/tabela.jpg\" \/><\/div>\n<div class=\"size-table\">\n<table>\n<thead>\n<tr>\n<th><\/th>\n<th>S<\/th>\n<th>M<\/th>\n<th>L<\/th>\n<th>XL<\/th>\n<th>2XL<\/th>\n<th>3XL<\/th>\n<\/tr>\n<\/thead>\n<tbody>\n<tr>\n<td>A<\/td>\n<td>95<\/td>\n<td>98<\/td>\n<td>101<\/td>\n<td>103<\/td>\n<td>111<\/td>\n<td>112<\/td>\n<\/tr>\n<tr>\n<td>B<\/td>\n<td>40<\/td>\n<td>41<\/td>\n<td>44<\/td>\n<td>46<\/td>\n<td>50<\/td>\n<td>51<\/td>\n<\/tr>\n<tr>\n<td>C<\/td>\n<td>73<\/td>\n<td>74<\/td>\n<td>77<\/td>\n<td>80<\/td>\n<td>83<\/td>\n<td>84<\/td>\n<\/tr>\n<tr>\n<td>D<\/td>\n<td>13<\/td>\n<td>13<\/td>\n<td>13<\/td>\n<td>13<\/td>\n<td>13<\/td>\n<td>13<\/td>\n<\/tr>\n<\/tbody>\n<\/table>\n<\/div>\n","protected":false},"excerpt":{"rendered":"<p>Spodnie materia\u0142owe jogger marki Proceder Materia\u0142: 98% bawe\u0142na, 2% elastan Wyprodukowano: w PolsceCechy produktu: dwie przednie i dwie tylne kieszenie w pasie znajduje si\u0119 \u015bci\u0105gacz z czarnym sznurkiem na tylnej kieszeni starannie wykonany haft ca\u0142o\u015b\u0107 wykonana jest z wysokiej jako\u015bci tkaniny, z dodatkiem elastanu, kt\u00f3ry poprawia komfort u\u017cytkowania. wyko\u0144czenie firmowymi metkami S M L XL&#8230;<\/p>\n","protected":false},"featured_media":34740,"comment_status":"open","ping_status":"closed","template":"","meta":[],"product_brand":[],"product_cat":[798,799,800,801,802],"product_tag":[],"class_list":{"0":"post-34750","1":"product","2":"type-product","3":"status-publish","4":"has-post-thumbnail","6":"product_cat-odziez","7":"product_cat-dla-mezczyzn","8":"product_cat-promocja","9":"product_cat-spodnie","10":"product_cat-joggers-pl","12":"first","13":"instock","14":"sale","15":"taxable","16":"shipping-taxable","17":"purchasable","18":"product-type-variable"},"_links":{"self":[{"href":"https:\/\/muscleforge.nl\/pl\/wp-json\/wp\/v2\/product\/34750","targetHints":{"allow":["GET"]}}],"collection":[{"href":"https:\/\/muscleforge.nl\/pl\/wp-json\/wp\/v2\/product"}],"about":[{"href":"https:\/\/muscleforge.nl\/pl\/wp-json\/wp\/v2\/types\/product"}],"replies":[{"embeddable":true,"href":"https:\/\/muscleforge.nl\/pl\/wp-json\/wp\/v2\/comments?post=34750"}],"wp:featuredmedia":[{"embeddable":true,"href":"https:\/\/muscleforge.nl\/pl\/wp-json\/wp\/v2\/media\/34740"}],"wp:attachment":[{"href":"https:\/\/muscleforge.nl\/pl\/wp-json\/wp\/v2\/media?parent=34750"}],"wp:term":[{"taxonomy":"product_brand","embeddable":true,"href":"https:\/\/muscleforge.nl\/pl\/wp-json\/wp\/v2\/product_brand?post=34750"},{"taxonomy":"product_cat","embeddable":true,"href":"https:\/\/muscleforge.nl\/pl\/wp-json\/wp\/v2\/product_cat?post=34750"},{"taxonomy":"product_tag","embeddable":true,"href":"https:\/\/muscleforge.nl\/pl\/wp-json\/wp\/v2\/product_tag?post=34750"}],"curies":[{"name":"wp","href":"https:\/\/api.w.org\/{rel}","templated":true}]}}