{"id":34846,"date":"2022-12-05T14:02:17","date_gmt":"2022-12-05T13:02:17","guid":{"rendered":"https:\/\/muscleforge.nl\/product\/patriotic-wallet-futura-square\/"},"modified":"2025-06-02T00:08:46","modified_gmt":"2025-06-01T22:08:46","slug":"patriotic-wallet-futura-square","status":"publish","type":"product","link":"https:\/\/muscleforge.nl\/pl\/produkt\/patriotic-wallet-futura-square\/","title":{"rendered":"Patriotic Wallet Futura Square"},"content":{"rendered":"<h3>Portfel marki Patriotic<\/h3>\n<p>materia\u0142: cordura<\/p>\n<p><strong>Cechy produktu:<\/strong><br \/>\nCzarny portfel urozmaicony zadrukowan\u0105 wstawk\u0105 z aplikacj\u0105 Patriotic.<br \/>\nWewn\u0105trz znajduj\u0105 si\u0119 dwie przegrody na banknoty, kiesze\u0144 na monety oraz kilka przegr\u00f3dek na karty, dokumenty lub wizyt\u00f3wki.<br \/>\nPortfel wygodny w u\u017cytkowaniu, doskonale uk\u0142adaj\u0105cy si\u0119 w kieszeni. Zosta\u0142 wykonany z wysokiej jako\u015bci, \u0142atwoczyszcz\u0105cego si\u0119 materia\u0142u<\/p>\n","protected":false},"excerpt":{"rendered":"<p>Portfel marki Patriotic materia\u0142: cordura Cechy produktu: Czarny portfel urozmaicony zadrukowan\u0105 wstawk\u0105 z aplikacj\u0105 Patriotic. Wewn\u0105trz znajduj\u0105 si\u0119 dwie przegrody na banknoty, kiesze\u0144 na monety oraz kilka przegr\u00f3dek na karty, dokumenty lub wizyt\u00f3wki. Portfel wygodny w u\u017cytkowaniu, doskonale uk\u0142adaj\u0105cy si\u0119 w kieszeni. Zosta\u0142 wykonany z wysokiej jako\u015bci, \u0142atwoczyszcz\u0105cego si\u0119 materia\u0142u<\/p>\n","protected":false},"featured_media":34842,"comment_status":"open","ping_status":"closed","template":"","meta":[],"product_brand":[],"product_cat":[774,780,787],"product_tag":[],"class_list":{"0":"post-34846","1":"product","2":"type-product","3":"status-publish","4":"has-post-thumbnail","6":"product_cat-akcesoria","7":"product_cat-akcesoria-uliczne","8":"product_cat-portfele","10":"first","11":"instock","12":"sale","13":"taxable","14":"shipping-taxable","15":"purchasable","16":"product-type-simple"},"_links":{"self":[{"href":"https:\/\/muscleforge.nl\/pl\/wp-json\/wp\/v2\/product\/34846","targetHints":{"allow":["GET"]}}],"collection":[{"href":"https:\/\/muscleforge.nl\/pl\/wp-json\/wp\/v2\/product"}],"about":[{"href":"https:\/\/muscleforge.nl\/pl\/wp-json\/wp\/v2\/types\/product"}],"replies":[{"embeddable":true,"href":"https:\/\/muscleforge.nl\/pl\/wp-json\/wp\/v2\/comments?post=34846"}],"wp:featuredmedia":[{"embeddable":true,"href":"https:\/\/muscleforge.nl\/pl\/wp-json\/wp\/v2\/media\/34842"}],"wp:attachment":[{"href":"https:\/\/muscleforge.nl\/pl\/wp-json\/wp\/v2\/media?parent=34846"}],"wp:term":[{"taxonomy":"product_brand","embeddable":true,"href":"https:\/\/muscleforge.nl\/pl\/wp-json\/wp\/v2\/product_brand?post=34846"},{"taxonomy":"product_cat","embeddable":true,"href":"https:\/\/muscleforge.nl\/pl\/wp-json\/wp\/v2\/product_cat?post=34846"},{"taxonomy":"product_tag","embeddable":true,"href":"https:\/\/muscleforge.nl\/pl\/wp-json\/wp\/v2\/product_tag?post=34846"}],"curies":[{"name":"wp","href":"https:\/\/api.w.org\/{rel}","templated":true}]}}