{"id":35064,"date":"2022-12-08T16:21:47","date_gmt":"2022-12-08T15:21:47","guid":{"rendered":"https:\/\/muscleforge.nl\/product\/sport-support-ankle-support\/"},"modified":"2025-06-02T00:08:42","modified_gmt":"2025-06-01T22:08:42","slug":"sport-support-ankle-support","status":"publish","type":"product","link":"https:\/\/muscleforge.nl\/pl\/produkt\/sport-support-ankle-support\/","title":{"rendered":"Sport Support- Ankle Support"},"content":{"rendered":"<h1 class=\"text-4xl font-bold text-main-dark-blue sm:text-5xl\">Stabilizator kostki Sport Support<\/h1>\n<div class=\"richText dangerously mt-4\">\n<ul>\n<li>Banda\u017c kompresyjny<\/li>\n<li>Podpora dla kostki<\/li>\n<li>Dost\u0119pne r\u00f3\u017cne rozmiary, by zapewni\u0107 optymalne wsparcie<\/li>\n<\/ul>\n<div class=\"mt-4\">Stabilizator kostki stanowi dodatkow\u0105 podpor\u0119 i pomaga zmniejszy\u0107 b\u00f3l.<\/div>\n<\/div>\n","protected":false},"excerpt":{"rendered":"<p>Stabilizator kostki Sport Support Banda\u017c kompresyjny Podpora dla kostki Dost\u0119pne r\u00f3\u017cne rozmiary, by zapewni\u0107 optymalne wsparcie Stabilizator kostki stanowi dodatkow\u0105 podpor\u0119 i pomaga zmniejszy\u0107 b\u00f3l.<\/p>\n","protected":false},"featured_media":35061,"comment_status":"open","ping_status":"closed","template":"","meta":[],"product_brand":[],"product_cat":[774,775,779],"product_tag":[],"class_list":{"0":"post-35064","1":"product","2":"type-product","3":"status-publish","4":"has-post-thumbnail","6":"product_cat-akcesoria","7":"product_cat-akcesoria-na-silownie","8":"product_cat-pasy-paki-i-inne","10":"first","11":"instock","12":"sale","13":"taxable","14":"shipping-taxable","15":"purchasable","16":"product-type-variable"},"_links":{"self":[{"href":"https:\/\/muscleforge.nl\/pl\/wp-json\/wp\/v2\/product\/35064","targetHints":{"allow":["GET"]}}],"collection":[{"href":"https:\/\/muscleforge.nl\/pl\/wp-json\/wp\/v2\/product"}],"about":[{"href":"https:\/\/muscleforge.nl\/pl\/wp-json\/wp\/v2\/types\/product"}],"replies":[{"embeddable":true,"href":"https:\/\/muscleforge.nl\/pl\/wp-json\/wp\/v2\/comments?post=35064"}],"wp:featuredmedia":[{"embeddable":true,"href":"https:\/\/muscleforge.nl\/pl\/wp-json\/wp\/v2\/media\/35061"}],"wp:attachment":[{"href":"https:\/\/muscleforge.nl\/pl\/wp-json\/wp\/v2\/media?parent=35064"}],"wp:term":[{"taxonomy":"product_brand","embeddable":true,"href":"https:\/\/muscleforge.nl\/pl\/wp-json\/wp\/v2\/product_brand?post=35064"},{"taxonomy":"product_cat","embeddable":true,"href":"https:\/\/muscleforge.nl\/pl\/wp-json\/wp\/v2\/product_cat?post=35064"},{"taxonomy":"product_tag","embeddable":true,"href":"https:\/\/muscleforge.nl\/pl\/wp-json\/wp\/v2\/product_tag?post=35064"}],"curies":[{"name":"wp","href":"https:\/\/api.w.org\/{rel}","templated":true}]}}