{"id":35590,"date":"2023-01-28T15:59:31","date_gmt":"2023-01-28T14:59:31","guid":{"rendered":"https:\/\/muscleforge.nl\/product\/trec-wear-stringer-123-one-more-rep-black\/"},"modified":"2025-06-02T00:08:41","modified_gmt":"2025-06-01T22:08:41","slug":"trec-wear-stringer-123-one-more-rep-black","status":"publish","type":"product","link":"https:\/\/muscleforge.nl\/pl\/produkt\/trec-wear-stringer-123-one-more-rep-black\/","title":{"rendered":"Trec Wear STRINGER 123 ONE MORE REP BLACK"},"content":{"rendered":"<h3><strong>CZARNA KOSZULKA NA RAMI\u0104CZKACH <em>STRINGER 123 ONE MORE REP BLACK<br \/>\n<\/em><\/strong><\/h3>\n<p>Co\u015b dla fan\u00f3w treningu si\u0142owego! Koszulka \u015bwietnie eksponuje mi\u0119\u015bnie i pozwala kontrolowa\u0107 ich prac\u0119 w trakcie treningu.<\/p>\n<p>Koszulka wykonana jest w 100% z bawe\u0142ny, a ciekawy nadruk wykonany jest metod\u0105 sitodruku, kt\u00f3ry zapewnia jego trwa\u0142o\u015b\u0107.<\/p>\n<p>Jeste\u015bmy polsk\u0105 mark\u0105, dlatego ca\u0142y proces produkcji naszych ubra\u0144 odbywa si\u0119 w Polsce. Szycie, krojenie, drukowanie tkanin, nadruki i produkcja dodatk\u00f3w \u2013 wszystkie te procesy odbywaj\u0105 si\u0119 w naszym kraju.<\/p>\n<p>&nbsp;<\/p>\n<h3>TABELA ROZMIAR\u00d3W<\/h3>\n<p><img loading=\"lazy\" decoding=\"async\" src=\"https:\/\/www.trec.pl\/media\/filer_public\/2d\/fa\/2dfa1303-eb6c-4511-af9b-1d0be2a42ed4\/tshirt_-_stringer.png\" alt=\"MODAL\" width=\"751\" height=\"246\" \/><\/p>\n","protected":false},"excerpt":{"rendered":"<p>CZARNA KOSZULKA NA RAMI\u0104CZKACH STRINGER 123 ONE MORE REP BLACK Co\u015b dla fan\u00f3w treningu si\u0142owego! Koszulka \u015bwietnie eksponuje mi\u0119\u015bnie i pozwala kontrolowa\u0107 ich prac\u0119 w trakcie treningu. Koszulka wykonana jest w 100% z bawe\u0142ny, a ciekawy nadruk wykonany jest metod\u0105 sitodruku, kt\u00f3ry zapewnia jego trwa\u0142o\u015b\u0107. Jeste\u015bmy polsk\u0105 mark\u0105, dlatego ca\u0142y proces produkcji naszych ubra\u0144 odbywa&#8230;<\/p>\n","protected":false},"featured_media":35581,"comment_status":"open","ping_status":"closed","template":"","meta":[],"product_brand":[],"product_cat":[798,799,800,809,813],"product_tag":[],"class_list":{"0":"post-35590","1":"product","2":"type-product","3":"status-publish","4":"has-post-thumbnail","6":"product_cat-odziez","7":"product_cat-dla-mezczyzn","8":"product_cat-promocja","9":"product_cat-koszulki","10":"product_cat-tank-tops-pl","12":"first","13":"instock","14":"sale","15":"taxable","16":"shipping-taxable","17":"purchasable","18":"product-type-variable"},"_links":{"self":[{"href":"https:\/\/muscleforge.nl\/pl\/wp-json\/wp\/v2\/product\/35590","targetHints":{"allow":["GET"]}}],"collection":[{"href":"https:\/\/muscleforge.nl\/pl\/wp-json\/wp\/v2\/product"}],"about":[{"href":"https:\/\/muscleforge.nl\/pl\/wp-json\/wp\/v2\/types\/product"}],"replies":[{"embeddable":true,"href":"https:\/\/muscleforge.nl\/pl\/wp-json\/wp\/v2\/comments?post=35590"}],"wp:featuredmedia":[{"embeddable":true,"href":"https:\/\/muscleforge.nl\/pl\/wp-json\/wp\/v2\/media\/35581"}],"wp:attachment":[{"href":"https:\/\/muscleforge.nl\/pl\/wp-json\/wp\/v2\/media?parent=35590"}],"wp:term":[{"taxonomy":"product_brand","embeddable":true,"href":"https:\/\/muscleforge.nl\/pl\/wp-json\/wp\/v2\/product_brand?post=35590"},{"taxonomy":"product_cat","embeddable":true,"href":"https:\/\/muscleforge.nl\/pl\/wp-json\/wp\/v2\/product_cat?post=35590"},{"taxonomy":"product_tag","embeddable":true,"href":"https:\/\/muscleforge.nl\/pl\/wp-json\/wp\/v2\/product_tag?post=35590"}],"curies":[{"name":"wp","href":"https:\/\/api.w.org\/{rel}","templated":true}]}}