{"id":35667,"date":"2023-02-02T14:39:03","date_gmt":"2023-02-02T13:39:03","guid":{"rendered":"https:\/\/muscleforge.nl\/product\/scitec-nutrition-bcaaglutamine-xpress-300g\/"},"modified":"2025-06-02T00:08:40","modified_gmt":"2025-06-01T22:08:40","slug":"scitec-nutrition-bcaaglutamine-xpress-300g","status":"publish","type":"product","link":"https:\/\/muscleforge.nl\/pl\/produkt\/scitec-nutrition-bcaaglutamine-xpress-300g\/","title":{"rendered":"Scitec Nutrition BCAA+Glutamine Xpress 300g"},"content":{"rendered":"<h1 class=\"name_desktop\">Scitec BCAA + Glutamine Xpress<\/h1>\n<p>&nbsp;<\/p>\n<ul>\n<li>WYSOKA KONCENTRACJA AMINOKWAS\u00d3W BCAA, GLUTAMINY ORAZ TAURYNY<\/li>\n<li>WSPIERA REGENERACJ\u0118 ORAZ ODDALA POCZUCIE ZM\u0118CZENIA<\/li>\n<li>CHRONI TKANKI ORGANIZMU PRZED KATABOLIZMEM<\/li>\n<li>DOPRACOWANY SMAK I ROZPUSZCZALNO\u015a\u0106<\/li>\n<\/ul>\n<p>&nbsp;<\/p>\n<div class=\"rte\">\n<p><strong>Zaawansowana formu\u0142a oparta o aminokwasy rozga\u0142\u0119zione BCAA (2:1:1) z dodatkiem glutaminy i tauryny! Chroni mi\u0119\u015bnie przed katabolizmem, wspiera regeneracj\u0119 oraz rozw\u00f3j bezt\u0142uszczowej masy mi\u0119\u015bniowej. Dobra rozpuszczalno\u015b\u0107 oraz dopracowany smak!<\/strong><\/p>\n<p><strong>Scitec BCAA + Glutamine Xpress<\/strong>\u00a0jest zaawansowan\u0105 mieszank\u0105 BCAA w stosunku ilo\u015bciowym 2:1:1 (dla leucyny, izoleucyny oraz waliny). Aminokwasy rozga\u0142\u0119zione stanowi\u0105 oko\u0142o 35% aminokwas\u00f3w wchodz\u0105cych w sk\u0142ad mi\u0119\u015bni i musz\u0105 by\u0107 dostarczane wraz z pokarmem b\u0105d\u017a przy pomocy profesjonalnych suplement\u00f3w \u2013 takich jak ten. Glutamina jest jednym z najbardziej docenianych sk\u0142adnik\u00f3w suplement\u00f3w diety w\u015br\u00f3d sportowc\u00f3w, dlatego nie mog\u0142o jej zabrakn\u0105\u0107 r\u00f3wnie\u017c w naszym produkcie. Mieszanka BCAA oraz Glutaminy w porcji 1:1 wspiera regeneracj\u0119 mi\u0119\u015bni podczas treningu o wysokiej intensywno\u015bci oraz zabiegaj\u0105 niepo\u017c\u0105danemu rozpadowi mi\u0119\u015bni, co zosta\u0142o potwierdzone badaniami naukowymi.<\/p>\n<p><strong>BCAA + GLUTAMINE XPRESS \u2013 DOPRACOWANY SMAK I OCHRONA PRZED KATABOLIZMEM!<\/strong><\/p>\n<h3><\/h3>\n<\/div>\n<div class=\"product-additional-informations\">\n<h3>Zalecane spo\u017cycie \/ spos\u00f3b przygotowania:<\/h3>\n<p class=\"product-suggested-use\">Wymiesza\u0107 1 porcj\u0119 (12 g) z 600 ml wody. Spo\u017cywa\u0107 1 raz dziennie w okolicach i\/lub w trakcie treningu lub pomi\u0119dzy posi\u0142kami.<\/p>\n<\/div>\n<p>&nbsp;<\/p>\n<div class=\"product-mobile-nav\" data-value=\"compositionTab\">\n<h3 class=\"product-block-header\">TABELA SK\u0141ADU<i class=\"bp-icon-arrow-up\"><\/i><\/h3>\n<\/div>\n<section id=\"compositionTab\" class=\"page-product-box tab-pane fade\">\n<div id=\"CompositionForm\">\n<table class=\"table table-composition\">\n<thead>\n<tr>\n<td class=\"text-center\" colspan=\"6\"><b>Scitec BCAA + Glutamine Xpress &#8211; 300g<\/b><br \/>\nZawiera substancje s\u0142odz\u0105ce.<\/td>\n<\/tr>\n<\/thead>\n<tbody>\n<tr>\n<td class=\"col-md-2\"><b>Porcja:<\/b><\/td>\n<td class=\"col-md-2\">12 g<\/td>\n<td class=\"col-md-2\"><\/td>\n<\/tr>\n<tr>\n<td class=\"col-md-2\"><b>Ilo\u015b\u0107 porcji w opakowaniu:<\/b><\/td>\n<td class=\"col-md-2\">25<\/td>\n<td class=\"col-md-2\"><\/td>\n<\/tr>\n<tr>\n<td class=\"col-md-2\"><b>Opakowanie:<\/b><\/td>\n<td class=\"col-md-2\">300 g<\/td>\n<td class=\"col-md-2\"><\/td>\n<\/tr>\n<tr>\n<td class=\"col-md-2\"><b>Masa netto :<\/b><\/td>\n<td class=\"col-md-2\">300.00 g<\/td>\n<td class=\"col-md-2\"><\/td>\n<\/tr>\n<tr>\n<td class=\"col-md-2\"><b>Warto\u015b\u0107 Od\u017cywcza \/ Informacja \u017bywieniowa:<\/b><\/td>\n<td class=\"col-md-2\"><b>Na 12 g<\/b><\/td>\n<td class=\"col-md-2\"><b>% RWS*<\/b><\/td>\n<\/tr>\n<tr>\n<td class=\"col-md-2\"><b>Aminokwasy rozga\u0142\u0119zione (BCAA):<\/b><\/td>\n<td class=\"col-md-2\">5000 mg<\/td>\n<td class=\"col-md-2\">&#8211;<\/td>\n<\/tr>\n<tr>\n<td class=\"col-md-2\"><span style=\"margin: 0px;padding: 0px;border: 0px;font-style: inherit;font-variant: inherit;font-weight: inherit;line-height: inherit;font-family: inherit;font-size: 13px;vertical-align: baseline\" data-popover=\"true\" data-content=\"L-leucyna jest jednym z najwa\u017cniejszych aminokwas\u00f3w rozga\u0142\u0119zionych BCAA. Wp\u0142ywa pozytywnie na procesy anaboliczne oraz popraw\u0119 og\u00f3lnej wydolno\u015bci organizmu. Dzi\u0119ki swoim w\u0142a\u015bciwo\u015bciom chemicznym hamuje procesy kataboliczne, zabezpieczaj\u0105c tym samym przed ich rozpadem. Zwi\u0119ksza sekrecj\u0105 niezwykle anabolicznego hormonu, jakim jest insulina, przyczynia si\u0119 do utrzymania dodatniego bilansu azotowego. \u015awietny dodatek zar\u00f3wno podczas odchudzania, jak i podczas pracy nad mas\u0105 mi\u0119\u015bniowa. Dodatkowo poprawia regeneracj\u0119 oraz op\u00f3\u017ania poczucie zm\u0119czenia.&lt;div class='text-center'&gt;&lt;a href='https:\/\/www.bodypak.pl\/pl\/skladniki\/--l-leucyna' target='_blank' rel='nofollow'&gt;Zobacz Produkty&lt;\/a&gt;&lt;div&gt;\"><span class=\"d-inline-block\">L-leucyna<\/span><\/span><\/td>\n<td class=\"col-md-2\">2500 mg<\/td>\n<td class=\"col-md-2\">&#8211;<\/td>\n<\/tr>\n<tr>\n<td class=\"col-md-2\"><span style=\"margin: 0px;padding: 0px;border: 0px;font-style: inherit;font-variant: inherit;font-weight: inherit;line-height: inherit;font-family: inherit;font-size: 13px;vertical-align: baseline\" data-popover=\"true\" data-content=\"L-izoleucyna jest aminokwasem wliczanym w sk\u0142ad BCAA. Wykazuje aktywno\u015b\u0107 antykataboliczn\u0105, ale tak\u017ce wspiera procesy anaboliczne. Wchodzi w sk\u0142ad preparat\u00f3w bazuj\u0105cych na aminokwas\u00f3w rozga\u0142\u0119zionych, ale tak\u017ce w produktach do stosowania oko\u0142otreningowego maj\u0105cego za zadanie tak\u017ce maksymalne przy\u015bpieszenie proces\u00f3w regeneracyjnych.&lt;div class='text-center'&gt;&lt;a href='https:\/\/www.bodypak.pl\/pl\/skladniki\/--l-izoleucyna' target='_blank' rel='nofollow'&gt;Zobacz Produkty&lt;\/a&gt;&lt;div&gt;\"><span class=\"d-inline-block\">L-izoleucyna<\/span><\/span><\/td>\n<td class=\"col-md-2\">1250 mg<\/td>\n<td class=\"col-md-2\">&#8211;<\/td>\n<\/tr>\n<tr>\n<td class=\"col-md-2\"><span style=\"margin: 0px;padding: 0px;border: 0px;font-style: inherit;font-variant: inherit;font-weight: inherit;line-height: inherit;font-family: inherit;font-size: 13px;vertical-align: baseline\" title=\"\" data-popover=\"true\" data-content=\"Walina jest jedn\u0105 z zaawansowanych form chemicznych jednego z 3 najwa\u017cniejszych aminokwas\u00f3w rozga\u0142\u0119zionych (waliny). Wyst\u0119puje zazwyczaj w towarzystwie l-izoleucyny raz l-leucyny. Wyst\u0119puje w preparatach aminokwasowych najnowszej generacji. Walina bierze udzia\u0142 w ochronie tkanki mi\u0119\u015bniowej przed rozpadem (katabolizmem). Jest tak\u017ce niezb\u0119dnym aminokwasem dla sprawnej regeneracji i rozbudowy mi\u0119\u015bni.&lt;div class='text-center'&gt;&lt;a href='https:\/\/www.bodypak.pl\/pl\/skladniki\/--l-walina' target='_blank' rel='nofollow'&gt;Zobacz Produkty&lt;\/a&gt;&lt;div&gt;\" data-original-title=\"\"><span class=\"d-inline-block\">L-walina<\/span><\/span><\/td>\n<td class=\"col-md-2\">1250 mg<\/td>\n<td class=\"col-md-2\">&#8211;<\/td>\n<\/tr>\n<tr>\n<td class=\"col-md-2\"><span style=\"margin: 0px;padding: 0px;border: 0px;font-style: inherit;font-variant: inherit;font-weight: inherit;line-height: inherit;font-family: inherit;font-size: 13px;vertical-align: baseline\" data-popover=\"true\" data-content=\"Jeden z 22 aminokwas\u00f3w wchodz\u0105cych w sk\u0142ad bia\u0142ka. Nale\u017cy do grupy aminokwas\u00f3w endogennych (mo\u017ce by\u0107 syntetyzowany przez organizm). W skrajnych przypadkach niedoboru cukru mo\u017ce s\u0142u\u017cy\u0107 jako substrat do produkcji glukozy (podczas glukoneogenezy). Przypisuje si\u0119 jej w\u0142a\u015bciwo\u015bci antykataboliczne oraz pozytywny wp\u0142yw na uk\u0142ad pokarmowy i odporno\u015bciowy. Wyst\u0119puje jako monopreparat ale jest tak\u017ce dodatkiem do wielu preparat\u00f3w wspomagaj\u0105cych regeneracj\u0119 oraz chroni\u0105cych przed katabolizmem.&lt;div class='text-center'&gt;&lt;a href='https:\/\/www.bodypak.pl\/pl\/skladniki\/l-glutamina' target='_blank' rel='nofollow'&gt;Zobacz Produkty&lt;\/a&gt;&lt;div&gt;\">L-glutamina<\/span><\/td>\n<td class=\"col-md-2\">5000 mg<\/td>\n<td class=\"col-md-2\">&#8211;<\/td>\n<\/tr>\n<tr>\n<td class=\"col-md-2\"><span style=\"margin: 0px;padding: 0px;border: 0px;font-style: inherit;font-variant: inherit;font-weight: inherit;line-height: inherit;font-family: inherit;font-size: 13px;vertical-align: baseline\" data-popover=\"true\" data-content=\"Tauryna jest aminokwasem z grupy tzw. \u201eniebia\u0142kowych\u201d zawieraj\u0105cy siark\u0119 i pe\u0142ni\u0105c szereg r\u00f3l w organizmie. Obficie wyst\u0119puje w tkankach zwierz\u0119cych (g\u0142\u00f3wnie w mi\u0119\u015bniach poprzecznie pr\u0105\u017ckowanych) Organizm ludzki jest w stanie syntetyzowa\u0107 j\u0105 z cysteiny i metioniny. Nie ma 100% pewno\u015bci czy jeste\u015bmy w stanie pokry\u0107 ca\u0142e zapotrzebowanie na ten aminokwas. DO najwa\u017cniejszych jej funkcji nale\u017cy regulacja i utrzymanie r\u00f3wnowagi wodno-elektrolitowej oraz kwasowo-zasadowej. Wykazuje silne dzia\u0142anie antyoksydacyjne, dzi\u0119ki kt\u00f3remu pomaga w zwalczaniu wolnych rodnik\u00f3w. Wspomaga transport substancji od\u017cywczych do kom\u00f3rek mi\u0119\u015bniowych \u2013 w\u0142a\u015bnie ta w\u0142a\u015bciwo\u015b\u0107 jest cz\u0119sto wykorzystywana np. w stackach kreatynowych (dla lepszego przyswojenia kreatyny oraz innych zawartych w nim sk\u0142adnik\u00f3w). Wyst\u0119puje tak\u017ce w formie monopreparatu. Suplementacja opiera si\u0119 na dawkach rz\u0119du 3g i jest polecana osobom aktywnym fizycznie oraz umys\u0142owo.&lt;div class='text-center'&gt;&lt;a href='https:\/\/www.bodypak.pl\/pl\/skladniki\/tauryna' target='_blank' rel='nofollow'&gt;Zobacz Produkty&lt;\/a&gt;&lt;div&gt;\">Tauryna<\/span><\/td>\n<td class=\"col-md-2\">300 mg<\/td>\n<td class=\"col-md-2\">&#8211;<\/td>\n<\/tr>\n<tr>\n<td colspan=\"6\">Sk\u0142adniki (dla produktu o smaku jab\u0142kowym): L-glutamina, L-leucyna, L-izoleucyna, L-walina, regulator kwasowo\u015bci (kwas DL-jab\u0142kowy, kwas cytrynowy bezwodny), aromat (jab\u0142kowy), tauryna, substancje s\u0142odz\u0105ce (sukraloza, acesulfam K), ekstrakt s\u0142odu\u00a0<b><u>j\u0119czmiennego<\/u><\/b>.<\/p>\n<p>Sk\u0142adniki (dla produktu o smaku arbuzowym): L-glutamina, L-leucyna, L-izoleucyna, L-walina, aromat (arbuzowy), regulatory kwasowo\u015bci (kwas jab\u0142kowy, bezwodny kwas cytrynowy), tauryna, substancje s\u0142odz\u0105ce (sukraloza, acesulfam K), barwnik (karmoizyna &#8211; mo\u017ce mie\u0107 szkodliwy wp\u0142yw na aktywno\u015b\u0107 i skupienie uwagi u dzieci).<\/p>\n<p>Mo\u017cliwa obecno\u015b\u0107\u00a0<b><u>mleka, jaj, glutenu, soi, orzeszk\u00f3w ziemnych i innych orzech\u00f3w, selera, ryb i skorupiak\u00f3w<\/u><\/b>.<\/td>\n<\/tr>\n<\/tbody>\n<\/table>\n<p><small>*% Referencyjna Warto\u015b\u0107 Spo\u017cycia<\/small><\/p>\n<\/div>\n<\/section>\n<p>&nbsp;<\/p>\n","protected":false},"excerpt":{"rendered":"<p>Scitec BCAA + Glutamine Xpress &nbsp; WYSOKA KONCENTRACJA AMINOKWAS\u00d3W BCAA, GLUTAMINY ORAZ TAURYNY WSPIERA REGENERACJ\u0118 ORAZ ODDALA POCZUCIE ZM\u0118CZENIA CHRONI TKANKI ORGANIZMU PRZED KATABOLIZMEM DOPRACOWANY SMAK I ROZPUSZCZALNO\u015a\u0106 &nbsp; Zaawansowana formu\u0142a oparta o aminokwasy rozga\u0142\u0119zione BCAA (2:1:1) z dodatkiem glutaminy i tauryny! Chroni mi\u0119\u015bnie przed katabolizmem, wspiera regeneracj\u0119 oraz rozw\u00f3j bezt\u0142uszczowej masy mi\u0119\u015bniowej. Dobra rozpuszczalno\u015b\u0107&#8230;<\/p>\n","protected":false},"featured_media":35656,"comment_status":"open","ping_status":"closed","template":"","meta":[],"product_brand":[],"product_cat":[728,835,851],"product_tag":[],"class_list":{"0":"post-35667","1":"product","2":"type-product","3":"status-publish","4":"has-post-thumbnail","6":"product_cat-suplementy-diety","7":"product_cat-bcaa","8":"product_cat-glutamina","10":"first","11":"outofstock","12":"taxable","13":"shipping-taxable","14":"purchasable","15":"product-type-variable"},"_links":{"self":[{"href":"https:\/\/muscleforge.nl\/pl\/wp-json\/wp\/v2\/product\/35667","targetHints":{"allow":["GET"]}}],"collection":[{"href":"https:\/\/muscleforge.nl\/pl\/wp-json\/wp\/v2\/product"}],"about":[{"href":"https:\/\/muscleforge.nl\/pl\/wp-json\/wp\/v2\/types\/product"}],"replies":[{"embeddable":true,"href":"https:\/\/muscleforge.nl\/pl\/wp-json\/wp\/v2\/comments?post=35667"}],"wp:featuredmedia":[{"embeddable":true,"href":"https:\/\/muscleforge.nl\/pl\/wp-json\/wp\/v2\/media\/35656"}],"wp:attachment":[{"href":"https:\/\/muscleforge.nl\/pl\/wp-json\/wp\/v2\/media?parent=35667"}],"wp:term":[{"taxonomy":"product_brand","embeddable":true,"href":"https:\/\/muscleforge.nl\/pl\/wp-json\/wp\/v2\/product_brand?post=35667"},{"taxonomy":"product_cat","embeddable":true,"href":"https:\/\/muscleforge.nl\/pl\/wp-json\/wp\/v2\/product_cat?post=35667"},{"taxonomy":"product_tag","embeddable":true,"href":"https:\/\/muscleforge.nl\/pl\/wp-json\/wp\/v2\/product_tag?post=35667"}],"curies":[{"name":"wp","href":"https:\/\/api.w.org\/{rel}","templated":true}]}}