{"id":35681,"date":"2023-02-02T15:39:30","date_gmt":"2023-02-02T14:39:30","guid":{"rendered":"https:\/\/muscleforge.nl\/product\/scitec-nutrition-protein-pudding-400g\/"},"modified":"2025-06-02T00:08:40","modified_gmt":"2025-06-01T22:08:40","slug":"scitec-nutrition-protein-pudding-400g","status":"publish","type":"product","link":"https:\/\/muscleforge.nl\/pl\/produkt\/scitec-nutrition-protein-pudding-400g\/","title":{"rendered":"Scitec Nutrition Protein Pudding 400g"},"content":{"rendered":"<h1><strong>SCITEC Protein Pudding\u00a0<\/strong><\/h1>\n<ul>\n<li>Deser z kazein\u0105 i bia\u0142kiem serwatki<\/li>\n<li>Pyszne smaki<\/li>\n<li>Nie zawiera dodanego cukru<\/li>\n<li>Mix bia\u0142ek w postaci deseru<\/li>\n<\/ul>\n<div>\n<p><strong>Protein Pudding 400g od Scitec \u2013 znakomity deser z kazein\u0105 oraz bia\u0142kiem serwatki dostarczaj\u0105cy sk\u0142adnik\u00f3w od\u017cywczych!<\/strong><\/p>\n<p>Jaka jest pierwsza rzecz, kt\u00f3ra przychodzi Ci na my\u015bl, gdy s\u0142yszysz s\u0142owo budy\u0144? Popularny, wy\u015bmienity deser, kt\u00f3ry wywo\u0142uje wyrzuty sumienia ju\u017c po pierwszym k\u0119sie. Jednak naszym zdaniem funkcjonalne suplementy, tj.\u00a0<b>SCITEC<\/b><b>Protein Pudding<\/b>powinny przede wszystkim dostarcza\u0107 organizmowi sk\u0142adnik\u00f3w od\u017cywczych. W celu zwi\u0119kszenia warto\u015bci od\u017cywczej, dodali\u015bmy do naszego deseru dla sportowc\u00f3w wysokiej jako\u015bci bia\u0142ko z dw\u00f3ch r\u00f3\u017cnych \u017ar\u00f3de\u0142 (kazeiny oraz serwatki). Bia\u0142ko jest odpowiedzialne za utrzymanie prawid\u0142owego stanu ko\u015bci i z\u0119b\u00f3w. Produkt nie zawiera dodanego cukru!<\/p>\n<\/div>\n<h3><strong>Spos\u00f3b u\u017cycia SCITEC Protein Pudding 400g:<br \/>\n<\/strong><\/h3>\n<div>Wymiesza\u0107 jedn\u0105 porcj\u0119 produktu (40 g=1 miarka) z 250 ml wody przy u\u017cyciu shakera. Miesza\u0107 energicznie do momentu, a\u017c masa zg\u0119stnieje. Prze\u0142o\u017cy\u0107 do miseczki, je\u015b\u0107 \u0142y\u017ceczk\u0105. Sch\u0142odzony smakuje jeszcze lepiej. Po przygotowaniu przechowywa\u0107 w lod\u00f3wce, spo\u017cy\u0107 w ci\u0105gu dw\u00f3ch dni.<\/div>\n<div><\/div>\n<div>\n<div class=\"w-100\" data-v-1b13974e=\"\">\n<div class=\"composition-block mt-4\" data-v-505bd065=\"\" data-v-1b13974e=\"\">\n<div data-v-505bd065=\"\">\n<div data-v-505bd065=\"\">\n<div class=\"w-100 d-flex mt-2\" data-v-505bd065=\"\">\n<div class=\"pie-chart-block w-50\" data-v-431f9924=\"\" data-v-505bd065=\"\">\n<div data-v-431f9924=\"\">\n<table id=\"product_composition\" class=\"table table-bordered table-striped table-hover\" width=\"100%\">\n<tbody>\n<tr class=\"even table-header\">\n<td class=\"col0\"><strong>Warto\u015b\u0107 od\u017cywcza<\/strong><\/td>\n<td class=\"col1\"><strong>w porcji (40 gram\u00f3w)<\/strong><\/td>\n<td class=\"col2\"><\/td>\n<td class=\"col3\"><\/td>\n<\/tr>\n<tr class=\"even\">\n<td class=\"col0\">Warto\u015b\u0107 energetyczna<\/td>\n<td class=\"col1\">150 kcal<\/td>\n<td class=\"col2\"><\/td>\n<td class=\"col3\"><\/td>\n<\/tr>\n<tr class=\"odd\">\n<td class=\"col0\">T\u0142uszcz<\/td>\n<td class=\"col1\">2,1 g<\/td>\n<td class=\"col2\"><\/td>\n<td class=\"col3\"><\/td>\n<\/tr>\n<tr class=\"even\">\n<td class=\"col0\">&#8211; w tym kwasy t\u0142uszczowe nasycone<\/td>\n<td class=\"col1\">1,5 g<\/td>\n<td class=\"col2\"><\/td>\n<td class=\"col3\"><\/td>\n<\/tr>\n<tr class=\"odd\">\n<td class=\"col0\">W\u0119glowodany<\/td>\n<td class=\"col1\">2,6 g<\/td>\n<td class=\"col2\"><\/td>\n<td class=\"col3\"><\/td>\n<\/tr>\n<tr class=\"even\">\n<td class=\"col0\">&#8211; w tym cukry<\/td>\n<td class=\"col1\">1,5 g<\/td>\n<td class=\"col2\"><\/td>\n<td class=\"col3\"><\/td>\n<\/tr>\n<tr class=\"odd\">\n<td class=\"col0\">Bia\u0142ko<\/td>\n<td class=\"col1\">29 g<\/td>\n<td class=\"col2\"><\/td>\n<td class=\"col3\"><\/td>\n<\/tr>\n<tr class=\"even\">\n<td class=\"col0\">S\u00f3d<\/td>\n<td class=\"col1\">0,27 g<\/td>\n<\/tr>\n<\/tbody>\n<\/table>\n<\/div>\n<\/div>\n<\/div>\n<\/div>\n<\/div>\n<\/div>\n<\/div>\n<p><strong>Sk\u0142adniki SCITEC Protein Pudding 400g:<br \/>\n<\/strong><\/p>\n<\/div>\n<div><b>smak p<\/b><strong><b>odw\u00f3jna czekolada<\/b><\/strong><b>:<\/b>\u00a0kazeinian wapnia (z\u00a0<strong>mleka<\/strong>), koncentrat bia\u0142ek serwatki (z\u00a0<strong>mleka<\/strong>, emulgator: lecytyna\u00a0<strong>sojowa<\/strong>), pe\u0142ne\u00a0<strong>mleko<\/strong>w proszku, substancja zag\u0119szczaj\u0105ca (Guma ksantanowa, Karagen), Kakao (10- 12%) w proszku o obni\u017conej zawarto\u015bci t\u0142uszczu, aromaty (pralinki czekoladowe, gorzka czekolada, ciemna czekolada), substancja s\u0142odz\u0105ca (Suklaroza, Acesulfam K)<b>-smak p<\/b><strong><b>anna cotta<\/b><\/strong><b>:<\/b>\u00a0Kazeinian wapnia (z\u00a0<strong>mleka<\/strong>), koncentrat bia\u0142ek serwatki (z\u00a0<strong>mleka<\/strong>, emulgator: lecytyna\u00a0<strong>sojowa<\/strong>), pe\u0142ne\u00a0<strong>mleko<\/strong>w proszku, substancja zag\u0119szczaj\u0105ca (Guma ksantanowa, Karagen), aromaty (waniliowy, jogurtowy, \u015bmietankowy), twar\u00f3g w proszku (z\u00a0<strong>mleka<\/strong>), substancja s\u0142odz\u0105ca (Suklaroza, Acesulfam K)<\/p>\n<\/div>\n<div><\/div>\n<div><b>UWAGA!!!<\/b>\u00a0Nie nale\u017cy przekracza\u0107 zalecanej dziennej porcji do spo\u017cycia. Produkt nie mo\u017ce by\u0107 stosowany przez osoby uczulone na kt\u00f3rykolwiek z jego sk\u0142adnik\u00f3w. Przechowywa\u0107 w miejscu niedost\u0119pnym dla ma\u0142ych dzieci. Przechowywa\u0107 w miejscu suchym w temperaturze pokojowej w szczelnie zamkni\u0119tych opakowaniach.<\/div>\n<div><\/div>\n<div>Wielko\u015b\u0107 opakowania: 400g<br \/>\nWielko\u015b\u0107 porcji: 40g<br \/>\nIlo\u015b\u0107 porcji w opakowaniu: 10<\/div>\n","protected":false},"excerpt":{"rendered":"<p>SCITEC Protein Pudding\u00a0 Deser z kazein\u0105 i bia\u0142kiem serwatki Pyszne smaki Nie zawiera dodanego cukru Mix bia\u0142ek w postaci deseru Protein Pudding 400g od Scitec \u2013 znakomity deser z kazein\u0105 oraz bia\u0142kiem serwatki dostarczaj\u0105cy sk\u0142adnik\u00f3w od\u017cywczych! Jaka jest pierwsza rzecz, kt\u00f3ra przychodzi Ci na my\u015bl, gdy s\u0142yszysz s\u0142owo budy\u0144? Popularny, wy\u015bmienity deser, kt\u00f3ry wywo\u0142uje wyrzuty&#8230;<\/p>\n","protected":false},"featured_media":35678,"comment_status":"open","ping_status":"closed","template":"","meta":[],"product_brand":[],"product_cat":[728,849],"product_tag":[],"class_list":{"0":"post-35681","1":"product","2":"type-product","3":"status-publish","4":"has-post-thumbnail","6":"product_cat-suplementy-diety","7":"product_cat-zdrowa-zywnosc-i-przekaski","9":"first","10":"instock","11":"taxable","12":"shipping-taxable","13":"purchasable","14":"product-type-variable"},"_links":{"self":[{"href":"https:\/\/muscleforge.nl\/pl\/wp-json\/wp\/v2\/product\/35681","targetHints":{"allow":["GET"]}}],"collection":[{"href":"https:\/\/muscleforge.nl\/pl\/wp-json\/wp\/v2\/product"}],"about":[{"href":"https:\/\/muscleforge.nl\/pl\/wp-json\/wp\/v2\/types\/product"}],"replies":[{"embeddable":true,"href":"https:\/\/muscleforge.nl\/pl\/wp-json\/wp\/v2\/comments?post=35681"}],"wp:featuredmedia":[{"embeddable":true,"href":"https:\/\/muscleforge.nl\/pl\/wp-json\/wp\/v2\/media\/35678"}],"wp:attachment":[{"href":"https:\/\/muscleforge.nl\/pl\/wp-json\/wp\/v2\/media?parent=35681"}],"wp:term":[{"taxonomy":"product_brand","embeddable":true,"href":"https:\/\/muscleforge.nl\/pl\/wp-json\/wp\/v2\/product_brand?post=35681"},{"taxonomy":"product_cat","embeddable":true,"href":"https:\/\/muscleforge.nl\/pl\/wp-json\/wp\/v2\/product_cat?post=35681"},{"taxonomy":"product_tag","embeddable":true,"href":"https:\/\/muscleforge.nl\/pl\/wp-json\/wp\/v2\/product_tag?post=35681"}],"curies":[{"name":"wp","href":"https:\/\/api.w.org\/{rel}","templated":true}]}}