{"id":36088,"date":"2023-03-03T16:39:48","date_gmt":"2023-03-03T15:39:48","guid":{"rendered":"https:\/\/muscleforge.nl\/product\/trec-nutrition-bcaa-g-force-90cap\/"},"modified":"2025-06-02T00:08:39","modified_gmt":"2025-06-01T22:08:39","slug":"trec-nutrition-bcaa-g-force-90cap","status":"publish","type":"product","link":"https:\/\/muscleforge.nl\/pl\/produkt\/trec-nutrition-bcaa-g-force-90cap\/","title":{"rendered":"TREC NUTRITION BCAA G-FORCE 90cap"},"content":{"rendered":"<h1>Trec Nutrition BCAA G-Force<\/h1>\n<h1><span style=\"font-size: 16px\">BCAA G-FORCE TO UNIWERSALNY MATRIX AMINOKWASOWY POLECANY DLA WSZYSTKICH SPORTOWC\u00d3W<\/span><\/h1>\n<p>Innowacyjny matrix BCAA i L-Glutaminy<\/p>\n<p>Kompleksowe wspomaganie dla mi\u0119\u015bni<\/p>\n<p>Wysoka koncentracja aminokwas\u00f3w<\/p>\n<p>&nbsp;<\/p>\n<h5>BCAA G-FORCE\u00a0to preparat zawieraj\u0105cy\u00a0<strong>optymalne proporcje aminokwas\u00f3w rozga\u0142\u0119zionych<\/strong>: L-Leucyny, L-Waliny i L-Izoleucyny oraz\u00a0<strong>wysok\u0105 dawk\u0119 mikrorozdrobnionej\u00a0L-Glutaminy.<\/strong><\/h5>\n<p>Sk\u0142adniki te nasilaj\u0105 przebieg proces\u00f3w anabolicznych (budowy), umo\u017cliwiaj\u0105c\u00a0<strong>szybki przyrost czystej tkanki mi\u0119\u015bniowej<\/strong>. Aminokwasy BCAA i L-Glutamina wykazuj\u0105 wyj\u0105tkowo silne dzia\u0142anie antykataboliczne, przez co znacz\u0105co\u00a0<strong>przyspieszaj\u0105 regeneracj\u0119 mi\u0119\u015bni<\/strong>. Po\u0142\u0105cznie BCAA i glutaminy w produkcie BCAA G force daje gwarancje, \u017ce aminokwasy BCAA zostan\u0105 zu\u017cyte na poczet syntezy nowych w\u0142\u00f3kien mi\u0119\u015bniowych.<\/p>\n<p>Aminokwasy BCAA umo\u017cliwiaj\u0105 oszcz\u0119dzanie glikogenu mi\u0119\u015bniowego poprawiaj\u0105c energetyk\u0119 wysi\u0142k\u00f3w d\u0142ugotrwa\u0142ych. <strong>BCAA G-FORCE<\/strong>\u00a0<strong>zwi\u0119ksza si\u0142\u0119 i wydolno\u015b\u0107<\/strong>\u00a0podczas ci\u0119\u017ckich i d\u0142ugotrwa\u0142ych \u0107wicze\u0144.<\/p>\n<p>BCAA G FORCE czyli poprawa energetyki wysi\u0142kowej i gwarancja potreningowego anabolizmu. Sproszkowana posta\u0107 BCAA g force pozwala \u0142atwo po\u0142\u0105czy\u0107 go z potreningowym<strong>\u00a0carbo lub vitargo<\/strong>. W\u0119glowodany przyjmowane po wysi\u0142ku u\u0142atwiaj\u0105 transport i wch\u0142anianie aminokwas\u00f3w bcaa przez mi\u0119\u015bnie.<\/p>\n<p>&nbsp;<\/p>\n<h3>Spos\u00f3b u\u017cycia BCAA Trec Nutrition:<\/h3>\n<p>Jednorazow\u0105 porcj\u0119 preparatu \u2013 6 kapsu\u0142ek popi\u0107 300 ml wody.\u00a0<strong>W dni treningowe:<\/strong>\u00a0I porcja 30 min. przed treningiem, II porcja bezpo\u015brednio po treningu.<strong>\u00a0W dni nietreningowe:\u00a0<\/strong>I porcja rano po przebudzeniu, II porcja przed snem.<\/p>\n<div>\n<div><\/div>\n<\/div>\n<table border=\"0\" cellspacing=\"0\" cellpadding=\"0\">\n<tbody>\n<tr>\n<td colspan=\"2\">\n<div>\n<div><strong>w 12 kap*<\/strong><\/div>\n<\/div>\n<\/td>\n<td colspan=\"2\" width=\"113\" data-tab=\"content_1\">\n<p align=\"center\">\n<\/td>\n<td colspan=\"2\" width=\"113\" data-tab=\"content_2\">\n<p align=\"center\">\n<\/td>\n<\/tr>\n<tr>\n<td width=\"217\">Aminokwasy Rozga\u0142\u0119zione<\/td>\n<td class=\"data-content\" width=\"66\" data-content=\"content_1\">9720 mg<\/td>\n<\/tr>\n<tr>\n<td width=\"217\">\u00a0\u00a0 w tym L-Leucyna<\/td>\n<td class=\"data-content\" width=\"66\" data-content=\"content_1\">6840 mg<\/td>\n<\/tr>\n<tr>\n<td width=\"217\">\u00a0\u00a0 w tym L-Walina<\/td>\n<td class=\"data-content\" width=\"66\" data-content=\"content_1\">1920 mg<\/td>\n<\/tr>\n<tr>\n<td width=\"217\">\u00a0\u00a0 w tym L-Izoleucya<\/td>\n<td class=\"data-content\" width=\"66\" data-content=\"content_1\">960 mg<\/td>\n<\/tr>\n<tr>\n<td width=\"217\">L-Glutamina<\/td>\n<td class=\"data-content\" width=\"66\" data-content=\"content_1\">3900 mg<\/td>\n<\/tr>\n<\/tbody>\n<\/table>\n<p align=\"center\">*Dzienna porcja produktu<\/p>\n<p align=\"center\">\n<h3>SK\u0141ADNIKI\u00a0<em><strong>BCAA G-FORCE<\/strong><\/em><\/h3>\n<p>50 %<b><\/b>aminokwasy rozga\u0142\u0119zione (L-leucyna; L-walina; L-izoleucyna); maltodekstryny; 20 % L-glutamina; regulator kwasowo\u015bci (kwas cytrynowy); aromaty; substancja s\u0142odz\u0105ca (sukraloza); barwnik (beta karoten).<\/p>\n<p>Produkt mo\u017ce zawiera\u0107:\u00a0<b><u>mleko<\/u><\/b>,\u00a0<b><u>soj\u0119<\/u><\/b>,\u00a0<b><u>zbo\u017ca zawieraj\u0105ce gluten<\/u><\/b>,\u00a0<b><u>ryby<\/u><\/b>\u00a0i\u00a0<b><u>orzeszki ziemne<\/u><\/b>.<\/p>\n","protected":false},"excerpt":{"rendered":"<p>Trec Nutrition BCAA G-Force BCAA G-FORCE TO UNIWERSALNY MATRIX AMINOKWASOWY POLECANY DLA WSZYSTKICH SPORTOWC\u00d3W Innowacyjny matrix BCAA i L-Glutaminy Kompleksowe wspomaganie dla mi\u0119\u015bni Wysoka koncentracja aminokwas\u00f3w &nbsp; BCAA G-FORCE\u00a0to preparat zawieraj\u0105cy\u00a0optymalne proporcje aminokwas\u00f3w rozga\u0142\u0119zionych: L-Leucyny, L-Waliny i L-Izoleucyny oraz\u00a0wysok\u0105 dawk\u0119 mikrorozdrobnionej\u00a0L-Glutaminy. Sk\u0142adniki te nasilaj\u0105 przebieg proces\u00f3w anabolicznych (budowy), umo\u017cliwiaj\u0105c\u00a0szybki przyrost czystej tkanki mi\u0119\u015bniowej. Aminokwasy BCAA&#8230;<\/p>\n","protected":false},"featured_media":36085,"comment_status":"open","ping_status":"closed","template":"","meta":[],"product_brand":[],"product_cat":[728,835],"product_tag":[],"class_list":{"0":"post-36088","1":"product","2":"type-product","3":"status-publish","4":"has-post-thumbnail","6":"product_cat-suplementy-diety","7":"product_cat-bcaa","9":"first","10":"instock","11":"taxable","12":"shipping-taxable","13":"purchasable","14":"product-type-simple"},"_links":{"self":[{"href":"https:\/\/muscleforge.nl\/pl\/wp-json\/wp\/v2\/product\/36088","targetHints":{"allow":["GET"]}}],"collection":[{"href":"https:\/\/muscleforge.nl\/pl\/wp-json\/wp\/v2\/product"}],"about":[{"href":"https:\/\/muscleforge.nl\/pl\/wp-json\/wp\/v2\/types\/product"}],"replies":[{"embeddable":true,"href":"https:\/\/muscleforge.nl\/pl\/wp-json\/wp\/v2\/comments?post=36088"}],"wp:featuredmedia":[{"embeddable":true,"href":"https:\/\/muscleforge.nl\/pl\/wp-json\/wp\/v2\/media\/36085"}],"wp:attachment":[{"href":"https:\/\/muscleforge.nl\/pl\/wp-json\/wp\/v2\/media?parent=36088"}],"wp:term":[{"taxonomy":"product_brand","embeddable":true,"href":"https:\/\/muscleforge.nl\/pl\/wp-json\/wp\/v2\/product_brand?post=36088"},{"taxonomy":"product_cat","embeddable":true,"href":"https:\/\/muscleforge.nl\/pl\/wp-json\/wp\/v2\/product_cat?post=36088"},{"taxonomy":"product_tag","embeddable":true,"href":"https:\/\/muscleforge.nl\/pl\/wp-json\/wp\/v2\/product_tag?post=36088"}],"curies":[{"name":"wp","href":"https:\/\/api.w.org\/{rel}","templated":true}]}}