{"id":36401,"date":"2023-03-24T13:07:41","date_gmt":"2023-03-24T12:07:41","guid":{"rendered":"https:\/\/muscleforge.nl\/product\/dunlop-hand-guard\/"},"modified":"2025-06-02T00:08:37","modified_gmt":"2025-06-01T22:08:37","slug":"dunlop-hand-guard","status":"publish","type":"product","link":"https:\/\/muscleforge.nl\/pl\/produkt\/dunlop-hand-guard\/","title":{"rendered":"Dunlop Hand Guard"},"content":{"rendered":"<h3>Dunlop Hand Guard<\/h3>\n<ul>\n<li>Wsparcie przy kontuzji<\/li>\n<li>Prosty do za\u0142o\u017cenia<\/li>\n<li>W rozmiarach S, M, L lub XL<\/li>\n<\/ul>\n<div class=\"mt-4\">Banda\u017c sportowy Dunlop zapewni dodatkowe wsparcie dla delikatnych staw\u00f3w podczas \u0107wicze\u0144.<\/div>\n","protected":false},"excerpt":{"rendered":"<p>Dunlop Hand Guard Wsparcie przy kontuzji Prosty do za\u0142o\u017cenia W rozmiarach S, M, L lub XL Banda\u017c sportowy Dunlop zapewni dodatkowe wsparcie dla delikatnych staw\u00f3w podczas \u0107wicze\u0144.<\/p>\n","protected":false},"featured_media":36396,"comment_status":"open","ping_status":"closed","template":"","meta":[],"product_brand":[],"product_cat":[774,775,779],"product_tag":[],"class_list":{"0":"post-36401","1":"product","2":"type-product","3":"status-publish","4":"has-post-thumbnail","6":"product_cat-akcesoria","7":"product_cat-akcesoria-na-silownie","8":"product_cat-pasy-paki-i-inne","10":"first","11":"instock","12":"taxable","13":"shipping-taxable","14":"purchasable","15":"product-type-variable"},"_links":{"self":[{"href":"https:\/\/muscleforge.nl\/pl\/wp-json\/wp\/v2\/product\/36401","targetHints":{"allow":["GET"]}}],"collection":[{"href":"https:\/\/muscleforge.nl\/pl\/wp-json\/wp\/v2\/product"}],"about":[{"href":"https:\/\/muscleforge.nl\/pl\/wp-json\/wp\/v2\/types\/product"}],"replies":[{"embeddable":true,"href":"https:\/\/muscleforge.nl\/pl\/wp-json\/wp\/v2\/comments?post=36401"}],"wp:featuredmedia":[{"embeddable":true,"href":"https:\/\/muscleforge.nl\/pl\/wp-json\/wp\/v2\/media\/36396"}],"wp:attachment":[{"href":"https:\/\/muscleforge.nl\/pl\/wp-json\/wp\/v2\/media?parent=36401"}],"wp:term":[{"taxonomy":"product_brand","embeddable":true,"href":"https:\/\/muscleforge.nl\/pl\/wp-json\/wp\/v2\/product_brand?post=36401"},{"taxonomy":"product_cat","embeddable":true,"href":"https:\/\/muscleforge.nl\/pl\/wp-json\/wp\/v2\/product_cat?post=36401"},{"taxonomy":"product_tag","embeddable":true,"href":"https:\/\/muscleforge.nl\/pl\/wp-json\/wp\/v2\/product_tag?post=36401"}],"curies":[{"name":"wp","href":"https:\/\/api.w.org\/{rel}","templated":true}]}}