{"id":36416,"date":"2023-03-24T13:50:06","date_gmt":"2023-03-24T12:50:06","guid":{"rendered":"https:\/\/muscleforge.nl\/product\/kaytan-ab-wheel\/"},"modified":"2025-06-02T00:08:37","modified_gmt":"2025-06-01T22:08:37","slug":"kaytan-ab-wheel","status":"publish","type":"product","link":"https:\/\/muscleforge.nl\/pl\/produkt\/kaytan-ab-wheel\/","title":{"rendered":"Kaytan AB Wheel"},"content":{"rendered":"<h3>Kaytan AB Wheel<\/h3>\n<ul>\n<li>Do treningu mi\u0119\u015bni dolnej cz\u0119\u015bci plec\u00f3w i brzucha<\/li>\n<\/ul>\n<div class=\"mt-4\">Wiele os\u00f3b u\u017cywa tego k\u00f3\u0142ka do \u0107wicze\u0144, aby trenowa\u0107 doln\u0105 cz\u0119\u015b\u0107 plec\u00f3w. W tym celu nale\u017cy usi\u0105\u015b\u0107 na stopach lub kolanach i przesuwa\u0107 ko\u0142o do przodu i do ty\u0142u obiema r\u0119kami. Upewnij si\u0119 przy tym, \u017ce ci\u0119\u017car Twojego cia\u0142a opiera si\u0119 na dolnej cz\u0119\u015bci plec\u00f3w.<\/div>\n","protected":false},"excerpt":{"rendered":"<p>Kaytan AB Wheel Do treningu mi\u0119\u015bni dolnej cz\u0119\u015bci plec\u00f3w i brzucha Wiele os\u00f3b u\u017cywa tego k\u00f3\u0142ka do \u0107wicze\u0144, aby trenowa\u0107 doln\u0105 cz\u0119\u015b\u0107 plec\u00f3w. W tym celu nale\u017cy usi\u0105\u015b\u0107 na stopach lub kolanach i przesuwa\u0107 ko\u0142o do przodu i do ty\u0142u obiema r\u0119kami. Upewnij si\u0119 przy tym, \u017ce ci\u0119\u017car Twojego cia\u0142a opiera si\u0119 na dolnej cz\u0119\u015bci&#8230;<\/p>\n","protected":false},"featured_media":36415,"comment_status":"open","ping_status":"closed","template":"","meta":[],"product_brand":[],"product_cat":[774,775,779],"product_tag":[],"class_list":{"0":"post-36416","1":"product","2":"type-product","3":"status-publish","4":"has-post-thumbnail","6":"product_cat-akcesoria","7":"product_cat-akcesoria-na-silownie","8":"product_cat-pasy-paki-i-inne","10":"first","11":"instock","12":"taxable","13":"shipping-taxable","14":"purchasable","15":"product-type-simple"},"_links":{"self":[{"href":"https:\/\/muscleforge.nl\/pl\/wp-json\/wp\/v2\/product\/36416","targetHints":{"allow":["GET"]}}],"collection":[{"href":"https:\/\/muscleforge.nl\/pl\/wp-json\/wp\/v2\/product"}],"about":[{"href":"https:\/\/muscleforge.nl\/pl\/wp-json\/wp\/v2\/types\/product"}],"replies":[{"embeddable":true,"href":"https:\/\/muscleforge.nl\/pl\/wp-json\/wp\/v2\/comments?post=36416"}],"wp:featuredmedia":[{"embeddable":true,"href":"https:\/\/muscleforge.nl\/pl\/wp-json\/wp\/v2\/media\/36415"}],"wp:attachment":[{"href":"https:\/\/muscleforge.nl\/pl\/wp-json\/wp\/v2\/media?parent=36416"}],"wp:term":[{"taxonomy":"product_brand","embeddable":true,"href":"https:\/\/muscleforge.nl\/pl\/wp-json\/wp\/v2\/product_brand?post=36416"},{"taxonomy":"product_cat","embeddable":true,"href":"https:\/\/muscleforge.nl\/pl\/wp-json\/wp\/v2\/product_cat?post=36416"},{"taxonomy":"product_tag","embeddable":true,"href":"https:\/\/muscleforge.nl\/pl\/wp-json\/wp\/v2\/product_tag?post=36416"}],"curies":[{"name":"wp","href":"https:\/\/api.w.org\/{rel}","templated":true}]}}