{"id":37194,"date":"2023-05-11T12:37:49","date_gmt":"2023-05-11T10:37:49","guid":{"rendered":"https:\/\/muscleforge.nl\/product\/pit-bull-hooded-hilltop-terry-group-black\/"},"modified":"2025-06-02T00:08:33","modified_gmt":"2025-06-01T22:08:33","slug":"pit-bull-hooded-hilltop-terry-group-black","status":"publish","type":"product","link":"https:\/\/muscleforge.nl\/pl\/produkt\/pit-bull-hooded-hilltop-terry-group-black\/","title":{"rendered":"PIT BULL HOODED HILLTOP TERRY GROUP BLACK"},"content":{"rendered":"<div class=\" product-block product-block--title product-block--first \"><\/div>\n<div class=\" product-block product-block--description \">\n<div class=\"description\">\n<h3>Bluza m\u0119ska z kapturem z najnowszej kolekcji firmy PIT BULL WEST COAST \u2013 Terry Hilltop SERIA COTTON TERRY<\/h3>\n<p>&nbsp;<\/p>\n<p>&#8211; fason RELAXED FIT<\/p>\n<p>&#8211; lu\u017aniejszy wygodny fason<\/p>\n<p>&#8211; wykonana z wysokogatunkowej bawe\u0142ny typu Terry o gramaturze 355 g\/m2<\/p>\n<p>&#8211; tkanina od zewn\u0119trznej strony jest g\u0142adka a od wewn\u0119trznej posiada charakterystyczny mi\u0119kki splot<\/p>\n<p>&#8211; delikatny efekt sprania<\/p>\n<p>&#8211; mocne \u017cebrowane \u015bci\u0105gacze w r\u0119kawach oraz u do\u0142u bluzy<\/p>\n<p>&#8211; kaptur z regulacj\u0105 sznurkiem<\/p>\n<p>&#8211; du\u017ca przednia kiesze\u0144 typu kangura zapinana na zamki<\/p>\n<p>&#8211; kontrastowe wyko\u0144czenie<\/p>\n<p>&#8211; du\u017cy napis Pit Bull oraz logo na klatce piersiowej<\/p>\n<p>&#8211; sk\u0142ad materia\u0142u: 100% bawe\u0142na<\/p>\n<\/div>\n<\/div>\n<p><img loading=\"lazy\" decoding=\"async\" class=\"alignnone wp-image-37187 size-full\" src=\"https:\/\/muscleforge.nl\/wp-content\/uploads\/2023\/05\/2022-10-31-5-1.png\" alt=\"\" width=\"527\" height=\"584\" srcset=\"https:\/\/muscleforge.nl\/wp-content\/uploads\/2023\/05\/2022-10-31-5-1.png 527w, https:\/\/muscleforge.nl\/wp-content\/uploads\/2023\/05\/2022-10-31-5-1-271x300.png 271w\" sizes=\"auto, (max-width: 527px) 100vw, 527px\" \/><\/p>\n<p>&nbsp;<\/p>\n<p><img loading=\"lazy\" decoding=\"async\" class=\"alignnone wp-image-37190 size-full\" src=\"https:\/\/muscleforge.nl\/wp-content\/uploads\/2023\/05\/PIT-BULL-HOODED-HILLTOP-TERRY-GROUP-BLACK9.jpg\" alt=\"\" width=\"611\" height=\"298\" srcset=\"https:\/\/muscleforge.nl\/wp-content\/uploads\/2023\/05\/PIT-BULL-HOODED-HILLTOP-TERRY-GROUP-BLACK9.jpg 611w, https:\/\/muscleforge.nl\/wp-content\/uploads\/2023\/05\/PIT-BULL-HOODED-HILLTOP-TERRY-GROUP-BLACK9-300x146.jpg 300w, https:\/\/muscleforge.nl\/wp-content\/uploads\/2023\/05\/PIT-BULL-HOODED-HILLTOP-TERRY-GROUP-BLACK9-580x283.jpg 580w, https:\/\/muscleforge.nl\/wp-content\/uploads\/2023\/05\/PIT-BULL-HOODED-HILLTOP-TERRY-GROUP-BLACK9-600x293.jpg 600w\" sizes=\"auto, (max-width: 611px) 100vw, 611px\" \/><\/p>\n","protected":false},"excerpt":{"rendered":"<p>Bluza m\u0119ska z kapturem z najnowszej kolekcji firmy PIT BULL WEST COAST \u2013 Terry Hilltop SERIA COTTON TERRY &nbsp; &#8211; fason RELAXED FIT &#8211; lu\u017aniejszy wygodny fason &#8211; wykonana z wysokogatunkowej bawe\u0142ny typu Terry o gramaturze 355 g\/m2 &#8211; tkanina od zewn\u0119trznej strony jest g\u0142adka a od wewn\u0119trznej posiada charakterystyczny mi\u0119kki splot &#8211; delikatny efekt&#8230;<\/p>\n","protected":false},"featured_media":37180,"comment_status":"open","ping_status":"closed","template":"","meta":[],"product_brand":[],"product_cat":[798,799,800,814,891],"product_tag":[],"class_list":{"0":"post-37194","1":"product","2":"type-product","3":"status-publish","4":"has-post-thumbnail","6":"product_cat-odziez","7":"product_cat-dla-mezczyzn","8":"product_cat-promocja","9":"product_cat-bez-kaptura","10":"product_cat-z-kapturem-pl-2","12":"first","13":"instock","14":"sale","15":"taxable","16":"shipping-taxable","17":"purchasable","18":"product-type-variable"},"_links":{"self":[{"href":"https:\/\/muscleforge.nl\/pl\/wp-json\/wp\/v2\/product\/37194","targetHints":{"allow":["GET"]}}],"collection":[{"href":"https:\/\/muscleforge.nl\/pl\/wp-json\/wp\/v2\/product"}],"about":[{"href":"https:\/\/muscleforge.nl\/pl\/wp-json\/wp\/v2\/types\/product"}],"replies":[{"embeddable":true,"href":"https:\/\/muscleforge.nl\/pl\/wp-json\/wp\/v2\/comments?post=37194"}],"wp:featuredmedia":[{"embeddable":true,"href":"https:\/\/muscleforge.nl\/pl\/wp-json\/wp\/v2\/media\/37180"}],"wp:attachment":[{"href":"https:\/\/muscleforge.nl\/pl\/wp-json\/wp\/v2\/media?parent=37194"}],"wp:term":[{"taxonomy":"product_brand","embeddable":true,"href":"https:\/\/muscleforge.nl\/pl\/wp-json\/wp\/v2\/product_brand?post=37194"},{"taxonomy":"product_cat","embeddable":true,"href":"https:\/\/muscleforge.nl\/pl\/wp-json\/wp\/v2\/product_cat?post=37194"},{"taxonomy":"product_tag","embeddable":true,"href":"https:\/\/muscleforge.nl\/pl\/wp-json\/wp\/v2\/product_tag?post=37194"}],"curies":[{"name":"wp","href":"https:\/\/api.w.org\/{rel}","templated":true}]}}