{"id":37268,"date":"2023-05-11T13:53:29","date_gmt":"2023-05-11T11:53:29","guid":{"rendered":"https:\/\/muscleforge.nl\/product\/pit-bull-t-shirt-master-of-muay-thai-black\/"},"modified":"2025-12-24T21:42:27","modified_gmt":"2025-12-24T20:42:27","slug":"pit-bull-t-shirt-master-of-muay-thai-black","status":"publish","type":"product","link":"https:\/\/muscleforge.nl\/pl\/produkt\/pit-bull-t-shirt-master-of-muay-thai-black\/","title":{"rendered":"PIT BULL T-SHIRT MASTER OF MUAY THAI BLACK"},"content":{"rendered":"<div class=\" product-block product-block--title product-block--first \"><\/div>\n<h3>Koszulka m\u0119ska z najnowszej kolekcji marki PIT BULL WEST COAST &#8211; Masters Of Muay Thai<\/h3>\n<p>&nbsp;<\/p>\n<p><strong>SERIA MIDDLE WEIGHT 190 REGULAR CLASSIC<\/strong><\/p>\n<p>&#8211; klasyczny regularny fason z okr\u0105g\u0142ym dekoltem<br \/>\n&#8211; T-shirt wykonany z najwy\u017cszej jako\u015bci bawe\u0142ny o gramaturze 190 g\/m2<br \/>\n&#8211; mi\u0119kka lam\u00f3wka od wewn\u0119trznej strony ko\u0142nierza chroni\u0105ca przed otarciami<br \/>\n&#8211; du\u017cy nadruk na plecach oraz ma\u0142y nadruk na piersi<br \/>\n&#8211; nadruki wykonane specjalistyczn\u0105 technologi\u0105 sitodruku<br \/>\n&#8211; du\u017ca tkana naszywka z logo marki PIT BULL WEST COAST u do\u0142u koszulki<br \/>\n&#8211; ma\u0142a tkana naszywka na kraw\u0119dzi lewego r\u0119kawa<br \/>\n&#8211; kolor koszulki: czarny<br \/>\n&#8211; sk\u0142ad materia\u0142u: 100% bawe\u0142na<\/p>\n<p>&nbsp;<\/p>\n<p><img loading=\"lazy\" decoding=\"async\" class=\"alignnone wp-image-37229 size-full\" src=\"https:\/\/muscleforge.nl\/wp-content\/uploads\/2023\/05\/T-shirt-2.png\" alt=\"\" width=\"504\" height=\"444\" srcset=\"https:\/\/muscleforge.nl\/wp-content\/uploads\/2023\/05\/T-shirt-2.png 504w, https:\/\/muscleforge.nl\/wp-content\/uploads\/2023\/05\/T-shirt-2-300x264.png 300w\" sizes=\"auto, (max-width: 504px) 100vw, 504px\" \/><\/p>\n<p><img loading=\"lazy\" decoding=\"async\" class=\"alignnone wp-image-37237 size-full\" src=\"https:\/\/muscleforge.nl\/wp-content\/uploads\/2023\/05\/PIT-BULL-T-SHIRT-MASTER-OF-BOXING-BLACK9.jpg\" alt=\"\" width=\"606\" height=\"285\" srcset=\"https:\/\/muscleforge.nl\/wp-content\/uploads\/2023\/05\/PIT-BULL-T-SHIRT-MASTER-OF-BOXING-BLACK9.jpg 606w, https:\/\/muscleforge.nl\/wp-content\/uploads\/2023\/05\/PIT-BULL-T-SHIRT-MASTER-OF-BOXING-BLACK9-300x141.jpg 300w, https:\/\/muscleforge.nl\/wp-content\/uploads\/2023\/05\/PIT-BULL-T-SHIRT-MASTER-OF-BOXING-BLACK9-580x273.jpg 580w, https:\/\/muscleforge.nl\/wp-content\/uploads\/2023\/05\/PIT-BULL-T-SHIRT-MASTER-OF-BOXING-BLACK9-600x282.jpg 600w\" sizes=\"auto, (max-width: 606px) 100vw, 606px\" \/><\/p>\n","protected":false},"excerpt":{"rendered":"<p>Koszulka m\u0119ska z najnowszej kolekcji marki PIT BULL WEST COAST &#8211; Masters Of Muay Thai &nbsp; SERIA MIDDLE WEIGHT 190 REGULAR CLASSIC &#8211; klasyczny regularny fason z okr\u0105g\u0142ym dekoltem &#8211; T-shirt wykonany z najwy\u017cszej jako\u015bci bawe\u0142ny o gramaturze 190 g\/m2 &#8211; mi\u0119kka lam\u00f3wka od wewn\u0119trznej strony ko\u0142nierza chroni\u0105ca przed otarciami &#8211; du\u017cy nadruk na plecach&#8230;<\/p>\n","protected":false},"featured_media":37242,"comment_status":"open","ping_status":"closed","template":"","meta":[],"product_brand":[],"product_cat":[798,799,800,809,812],"product_tag":[],"class_list":{"0":"post-37268","1":"product","2":"type-product","3":"status-publish","4":"has-post-thumbnail","6":"product_cat-odziez","7":"product_cat-dla-mezczyzn","8":"product_cat-promocja","9":"product_cat-koszulki","10":"product_cat-t-shirts-pl","12":"first","13":"instock","14":"sale","15":"taxable","16":"shipping-taxable","17":"purchasable","18":"product-type-variable"},"_links":{"self":[{"href":"https:\/\/muscleforge.nl\/pl\/wp-json\/wp\/v2\/product\/37268","targetHints":{"allow":["GET"]}}],"collection":[{"href":"https:\/\/muscleforge.nl\/pl\/wp-json\/wp\/v2\/product"}],"about":[{"href":"https:\/\/muscleforge.nl\/pl\/wp-json\/wp\/v2\/types\/product"}],"replies":[{"embeddable":true,"href":"https:\/\/muscleforge.nl\/pl\/wp-json\/wp\/v2\/comments?post=37268"}],"wp:featuredmedia":[{"embeddable":true,"href":"https:\/\/muscleforge.nl\/pl\/wp-json\/wp\/v2\/media\/37242"}],"wp:attachment":[{"href":"https:\/\/muscleforge.nl\/pl\/wp-json\/wp\/v2\/media?parent=37268"}],"wp:term":[{"taxonomy":"product_brand","embeddable":true,"href":"https:\/\/muscleforge.nl\/pl\/wp-json\/wp\/v2\/product_brand?post=37268"},{"taxonomy":"product_cat","embeddable":true,"href":"https:\/\/muscleforge.nl\/pl\/wp-json\/wp\/v2\/product_cat?post=37268"},{"taxonomy":"product_tag","embeddable":true,"href":"https:\/\/muscleforge.nl\/pl\/wp-json\/wp\/v2\/product_tag?post=37268"}],"curies":[{"name":"wp","href":"https:\/\/api.w.org\/{rel}","templated":true}]}}