{"id":37550,"date":"2023-05-12T16:04:31","date_gmt":"2023-05-12T14:04:31","guid":{"rendered":"https:\/\/muscleforge.nl\/product\/chada-haft-jeans-jogger-dark-navy\/"},"modified":"2025-06-02T00:08:23","modified_gmt":"2025-06-01T22:08:23","slug":"chada-haft-jeans-jogger-dark-navy","status":"publish","type":"product","link":"https:\/\/muscleforge.nl\/pl\/produkt\/chada-haft-jeans-jogger-dark-navy\/","title":{"rendered":"Chada Haft Jeans Jogger Dark Navy"},"content":{"rendered":"<h3>Spodnie jogger marki Proceder<\/h3>\n<p>Materia\u0142: 98% bawe\u0142na, 2% lycra<br \/>\nWyprodukowano: w Polsce<\/p>\n<p><strong>Cechy produktu:<\/strong><br \/>\ndwie kieszenie przednie, dwie tylnie<br \/>\nna tylniej kieszeni firmowy logotyp<br \/>\npas na gumk\u0119 oraz sznurek<br \/>\nspodnie typu jogger, \u015bci\u0105gacze w nogawkach<br \/>\nwysoka jako\u015b\u0107 wykonania<\/p>\n","protected":false},"excerpt":{"rendered":"<p>Spodnie jogger marki Proceder Materia\u0142: 98% bawe\u0142na, 2% lycra Wyprodukowano: w Polsce Cechy produktu: dwie kieszenie przednie, dwie tylnie na tylniej kieszeni firmowy logotyp pas na gumk\u0119 oraz sznurek spodnie typu jogger, \u015bci\u0105gacze w nogawkach wysoka jako\u015b\u0107 wykonania<\/p>\n","protected":false},"featured_media":37545,"comment_status":"open","ping_status":"closed","template":"","meta":[],"product_brand":[],"product_cat":[798,799,800,801,802],"product_tag":[],"class_list":{"0":"post-37550","1":"product","2":"type-product","3":"status-publish","4":"has-post-thumbnail","6":"product_cat-odziez","7":"product_cat-dla-mezczyzn","8":"product_cat-promocja","9":"product_cat-spodnie","10":"product_cat-joggers-pl","12":"first","13":"instock","14":"sale","15":"taxable","16":"shipping-taxable","17":"purchasable","18":"product-type-variable"},"_links":{"self":[{"href":"https:\/\/muscleforge.nl\/pl\/wp-json\/wp\/v2\/product\/37550","targetHints":{"allow":["GET"]}}],"collection":[{"href":"https:\/\/muscleforge.nl\/pl\/wp-json\/wp\/v2\/product"}],"about":[{"href":"https:\/\/muscleforge.nl\/pl\/wp-json\/wp\/v2\/types\/product"}],"replies":[{"embeddable":true,"href":"https:\/\/muscleforge.nl\/pl\/wp-json\/wp\/v2\/comments?post=37550"}],"wp:featuredmedia":[{"embeddable":true,"href":"https:\/\/muscleforge.nl\/pl\/wp-json\/wp\/v2\/media\/37545"}],"wp:attachment":[{"href":"https:\/\/muscleforge.nl\/pl\/wp-json\/wp\/v2\/media?parent=37550"}],"wp:term":[{"taxonomy":"product_brand","embeddable":true,"href":"https:\/\/muscleforge.nl\/pl\/wp-json\/wp\/v2\/product_brand?post=37550"},{"taxonomy":"product_cat","embeddable":true,"href":"https:\/\/muscleforge.nl\/pl\/wp-json\/wp\/v2\/product_cat?post=37550"},{"taxonomy":"product_tag","embeddable":true,"href":"https:\/\/muscleforge.nl\/pl\/wp-json\/wp\/v2\/product_tag?post=37550"}],"curies":[{"name":"wp","href":"https:\/\/api.w.org\/{rel}","templated":true}]}}