{"id":37679,"date":"2023-05-15T14:04:48","date_gmt":"2023-05-15T12:04:48","guid":{"rendered":"https:\/\/muscleforge.nl\/product\/p56-sunglasses-dr-3833c4-etui\/"},"modified":"2025-06-02T00:08:21","modified_gmt":"2025-06-01T22:08:21","slug":"p56-sunglasses-dr-3833c4-etui","status":"publish","type":"product","link":"https:\/\/muscleforge.nl\/pl\/produkt\/p56-sunglasses-dr-3833c4-etui\/","title":{"rendered":"P56 Sunglasses DR-3833C4 + Etui"},"content":{"rendered":"<h3>Okulary przeciws\u0142oneczne marki Dudek P56<\/h3>\n<p>Szk\u0142o: niebieskie lustrzane<br \/>\nOprawka: czarny mat<\/p>\n<p><strong>Cechy produktu:<\/strong><br \/>\nfiltr uv400 chroni\u0105cy oczy przed wp\u0142ywem szkodliwego promieniowania<br \/>\nokulary posiadaj\u0105 breandowane logo marki<br \/>\n<strong><br \/>\nGRATIS<\/strong><br \/>\nutwardzane etui na okulary<\/p>\n","protected":false},"excerpt":{"rendered":"<p>Okulary przeciws\u0142oneczne marki Dudek P56 Szk\u0142o: niebieskie lustrzane Oprawka: czarny mat Cechy produktu: filtr uv400 chroni\u0105cy oczy przed wp\u0142ywem szkodliwego promieniowania okulary posiadaj\u0105 breandowane logo marki GRATIS utwardzane etui na okulary<\/p>\n","protected":false},"featured_media":37675,"comment_status":"open","ping_status":"closed","template":"","meta":[],"product_brand":[],"product_cat":[774,780,795],"product_tag":[],"class_list":{"0":"post-37679","1":"product","2":"type-product","3":"status-publish","4":"has-post-thumbnail","6":"product_cat-akcesoria","7":"product_cat-akcesoria-uliczne","8":"product_cat-okulary-przeciwsloneczne","10":"first","11":"instock","12":"taxable","13":"shipping-taxable","14":"purchasable","15":"product-type-simple"},"_links":{"self":[{"href":"https:\/\/muscleforge.nl\/pl\/wp-json\/wp\/v2\/product\/37679","targetHints":{"allow":["GET"]}}],"collection":[{"href":"https:\/\/muscleforge.nl\/pl\/wp-json\/wp\/v2\/product"}],"about":[{"href":"https:\/\/muscleforge.nl\/pl\/wp-json\/wp\/v2\/types\/product"}],"replies":[{"embeddable":true,"href":"https:\/\/muscleforge.nl\/pl\/wp-json\/wp\/v2\/comments?post=37679"}],"wp:featuredmedia":[{"embeddable":true,"href":"https:\/\/muscleforge.nl\/pl\/wp-json\/wp\/v2\/media\/37675"}],"wp:attachment":[{"href":"https:\/\/muscleforge.nl\/pl\/wp-json\/wp\/v2\/media?parent=37679"}],"wp:term":[{"taxonomy":"product_brand","embeddable":true,"href":"https:\/\/muscleforge.nl\/pl\/wp-json\/wp\/v2\/product_brand?post=37679"},{"taxonomy":"product_cat","embeddable":true,"href":"https:\/\/muscleforge.nl\/pl\/wp-json\/wp\/v2\/product_cat?post=37679"},{"taxonomy":"product_tag","embeddable":true,"href":"https:\/\/muscleforge.nl\/pl\/wp-json\/wp\/v2\/product_tag?post=37679"}],"curies":[{"name":"wp","href":"https:\/\/api.w.org\/{rel}","templated":true}]}}