{"id":37898,"date":"2020-06-17T15:07:02","date_gmt":"2020-06-17T13:07:02","guid":{"rendered":"https:\/\/muscleforge.nl\/product\/trec-leggings-girl-oreo-l\/"},"modified":"2024-04-12T21:10:22","modified_gmt":"2024-04-12T19:10:22","slug":"trec-leggings-girl-oreo-l","status":"publish","type":"product","link":"https:\/\/muscleforge.nl\/pl\/produkt\/trec-leggings-girl-oreo-l\/","title":{"rendered":"Trec Leggins OREO"},"content":{"rendered":"<h1 class=\"mb1 f3 f2-l fw7 black-80\">Niebieskie legginsy damskie TRECGIRL z nadrukiem &#8211; ciasteczka<\/h1>\n<h3>Wysokojako\u015bciowe niebieskie\u00a0<strong>legginsy<\/strong>\u00a0z warstw\u0105 Silver Nano z full printem w ciasteczka.<\/h3>\n<p>&nbsp;<\/p>\n<ul>\n<li>Idealnie dopasowane do cia\u0142a;<\/li>\n<li>P\u0142askie, niedra\u017cni\u0105ce sk\u00f3ry\u00a0szwy;<\/li>\n<li>Szybkoschn\u0105cy materia\u0142;<\/li>\n<li>Zastosowanie technologii Silver Nano;<\/li>\n<li>Zaprojektowane i wykonane w Polsce.<\/li>\n<\/ul>\n<p>Legginsy #Trecgirl zosta\u0142y wykonane z najwy\u017cszej jako\u015bci materia\u0142\u00f3w. Ich specjalna mieszanka sprawia, \u017ce spodnie idealnie dopasowuj\u0105 si\u0119 do sylwetki, nie ograniczaj\u0105c naturalnych ruch\u00f3w cia\u0142a podczas treningu. Elastyczny pas zapewnia nieprzemieszczanie si\u0119 leggins\u00f3w.<\/p>\n<p>Spodnie wyko\u0144czono ochronn\u0105 warstw\u0105 Silver Nano, kt\u00f3ra wykorzystuj\u0105c antybakteryjne dzia\u0142anie jon\u00f3w srebra, zapewnia uczucie \u015bwie\u017co\u015bci i eliminuje przykry zapach potu.<\/p>\n<p>Legginsy\u00a0zaprojektowano w efektownych wzorach naniesionych metod\u0105 sublimacji, gwarantuj\u0105c ich trwa\u0142o\u015b\u0107 i nie\u015bcieralno\u015b\u0107.<\/p>\n<p>Wybierz sw\u00f3j wz\u00f3r i zosta\u0144 #TRECGIRL.<\/p>\n<p>&nbsp;<\/p>\n<h2>SK\u0141AD I GRAMATURA<\/h2>\n<p>92% poliester, 8% elastan, 250 g\/m<sup>2<\/sup><\/p>\n<p>&nbsp;<\/p>\n<p>&nbsp;<\/p>\n<h2>TABELA ROZMIAR\u00d3W<\/h2>\n<table class=\"tg\">\n<tbody>\n<tr>\n<th class=\"tg-031e\"><\/th>\n<th class=\"tg-031e\"><strong>A<\/strong><\/p>\n<p>D\u0142ugo\u015b\u0107 Ca\u0142kowita<\/th>\n<th class=\"tg-031e\"><strong>B<\/strong><\/p>\n<p>Szeroko\u015b\u0107 Pasa<\/th>\n<\/tr>\n<tr>\n<td class=\"tg-031e\"><strong>L<\/strong><\/td>\n<td class=\"tg-031e\">90 cm<\/td>\n<td class=\"tg-031e\">\u00a036 cm<\/td>\n<\/tr>\n<tr>\n<td class=\"tg-031e\"><strong>M<\/strong><\/td>\n<td class=\"tg-031e\">86 cm<\/td>\n<td class=\"tg-031e\">32 cm<\/td>\n<\/tr>\n<tr>\n<td class=\"tg-031e\"><strong>S<\/strong><\/td>\n<td class=\"tg-031e\">84 cm<\/td>\n<td class=\"tg-031e\">30 cm<\/td>\n<\/tr>\n<tr>\n<td class=\"tg-031e\"><strong>XS<\/strong><\/td>\n<td class=\"tg-031e\">82 cm<\/td>\n<td class=\"tg-031e\">28 cm<\/td>\n<\/tr>\n<tr>\n<td class=\"tg-yw4l\"><strong>XXS<\/strong><\/td>\n<td class=\"tg-yw4l\">80 cm<\/td>\n<td class=\"tg-yw4l\">26 cm<\/td>\n<\/tr>\n<\/tbody>\n<\/table>\n","protected":false},"excerpt":{"rendered":"<p>Niebieskie legginsy damskie TRECGIRL z nadrukiem &#8211; ciasteczka Wysokojako\u015bciowe niebieskie\u00a0legginsy\u00a0z warstw\u0105 Silver Nano z full printem w ciasteczka. &nbsp; Idealnie dopasowane do cia\u0142a; P\u0142askie, niedra\u017cni\u0105ce sk\u00f3ry\u00a0szwy; Szybkoschn\u0105cy materia\u0142; Zastosowanie technologii Silver Nano; Zaprojektowane i wykonane w Polsce. Legginsy #Trecgirl zosta\u0142y wykonane z najwy\u017cszej jako\u015bci materia\u0142\u00f3w. Ich specjalna mieszanka sprawia, \u017ce spodnie idealnie dopasowuj\u0105 si\u0119 do&#8230;<\/p>\n","protected":false},"featured_media":37903,"comment_status":"closed","ping_status":"closed","template":"","meta":[],"product_brand":[],"product_cat":[798,817,818,823],"product_tag":[],"class_list":{"0":"post-37898","1":"product","2":"type-product","3":"status-publish","4":"has-post-thumbnail","6":"product_cat-odziez","7":"product_cat-dla-kobiet","8":"product_cat-promocja-pl","9":"product_cat-leggins-pl","11":"first","12":"instock","13":"sale","14":"taxable","15":"shipping-taxable","16":"purchasable","17":"product-type-variable"},"_links":{"self":[{"href":"https:\/\/muscleforge.nl\/pl\/wp-json\/wp\/v2\/product\/37898","targetHints":{"allow":["GET"]}}],"collection":[{"href":"https:\/\/muscleforge.nl\/pl\/wp-json\/wp\/v2\/product"}],"about":[{"href":"https:\/\/muscleforge.nl\/pl\/wp-json\/wp\/v2\/types\/product"}],"replies":[{"embeddable":true,"href":"https:\/\/muscleforge.nl\/pl\/wp-json\/wp\/v2\/comments?post=37898"}],"wp:featuredmedia":[{"embeddable":true,"href":"https:\/\/muscleforge.nl\/pl\/wp-json\/wp\/v2\/media\/37903"}],"wp:attachment":[{"href":"https:\/\/muscleforge.nl\/pl\/wp-json\/wp\/v2\/media?parent=37898"}],"wp:term":[{"taxonomy":"product_brand","embeddable":true,"href":"https:\/\/muscleforge.nl\/pl\/wp-json\/wp\/v2\/product_brand?post=37898"},{"taxonomy":"product_cat","embeddable":true,"href":"https:\/\/muscleforge.nl\/pl\/wp-json\/wp\/v2\/product_cat?post=37898"},{"taxonomy":"product_tag","embeddable":true,"href":"https:\/\/muscleforge.nl\/pl\/wp-json\/wp\/v2\/product_tag?post=37898"}],"curies":[{"name":"wp","href":"https:\/\/api.w.org\/{rel}","templated":true}]}}