{"id":38409,"date":"2023-06-10T13:15:30","date_gmt":"2023-06-10T11:15:30","guid":{"rendered":"https:\/\/muscleforge.nl\/product\/38409\/"},"modified":"2025-06-02T00:08:14","modified_gmt":"2025-06-01T22:08:14","slug":"38409","status":"publish","type":"product","link":"https:\/\/muscleforge.nl\/pl\/produkt\/38409\/","title":{"rendered":"PIT BULL MERIDAN SHORTS G.MELANGE"},"content":{"rendered":"<h3 class=\" product-block product-block--title product-block--first \">Szorty dresowe m\u0119skie z najnowszej kolekcji marki PIT BULL WEST COAST &#8211; Meridan<\/h3>\n<div class=\" product-block product-block--description \">\n<div class=\"description\">\n<p>&nbsp;<\/p>\n<p>&#8211; bardziej dopasowany sportowy fason ze zw\u0119\u017canymi nogawkami<br \/>\n&#8211; spodenki wykonane z wysokogatunkowej mi\u0119kkiej cie\u0144szej bawe\u0142ny typu Tricot o gramaturze 280 g\/m2<br \/>\n&#8211; tkanina na zewn\u0105trz jest g\u0142adka, a od wewn\u0105trz posiada charakterystyczny splot<br \/>\n&#8211; materia\u0142 doskonale odprowadza wilgo\u0107, dzi\u0119ki czemu gwarantuje pe\u0142en komfort noszenia w cieplejsze dni<br \/>\n&#8211; szorty s\u0105 lekko elastyczne i nie kr\u0119puj\u0105 ruch\u00f3w<br \/>\n&#8211; tkanina jest odporna na zniekszta\u0142cenia oraz utrat\u0119 koloru<br \/>\n&#8211; tkane \u017cakardowe lampasy boczne z napisem PitBull na ca\u0142ej d\u0142ugo\u015bci nogawek<br \/>\n&#8211; szeroki elastyczny pas dodatkowo regulowany sznurkiem<br \/>\n&#8211; ma\u0142e silikonowe logo marki Pit Bull na lewej nogawce<br \/>\n&#8211; dwie du\u017ce zapinane zamkiem kieszenie boczne<br \/>\n&#8211; kolor szort\u00f3w: czarny<br \/>\n&#8211; sk\u0142ad materia\u0142u: 60% bawe\u0142na \/ 40% poliester<\/p>\n<p>&nbsp;<\/p>\n<p><img loading=\"lazy\" decoding=\"async\" class=\"alignnone wp-image-38330 size-full\" src=\"https:\/\/muscleforge.nl\/wp-content\/uploads\/2023\/06\/Zrzut-ekranu-2023-06-09-165720.jpg\" alt=\"\" width=\"362\" height=\"500\" srcset=\"https:\/\/muscleforge.nl\/wp-content\/uploads\/2023\/06\/Zrzut-ekranu-2023-06-09-165720.jpg 362w, https:\/\/muscleforge.nl\/wp-content\/uploads\/2023\/06\/Zrzut-ekranu-2023-06-09-165720-217x300.jpg 217w\" sizes=\"auto, (max-width: 362px) 100vw, 362px\" \/><\/p>\n<p><img loading=\"lazy\" decoding=\"async\" class=\"alignnone wp-image-38376 size-full\" src=\"https:\/\/muscleforge.nl\/wp-content\/uploads\/2023\/06\/PIT-BULL-MERIDAN-SHORTS-D.NAVY9_.jpg\" alt=\"\" width=\"600\" height=\"286\" srcset=\"https:\/\/muscleforge.nl\/wp-content\/uploads\/2023\/06\/PIT-BULL-MERIDAN-SHORTS-D.NAVY9_.jpg 600w, https:\/\/muscleforge.nl\/wp-content\/uploads\/2023\/06\/PIT-BULL-MERIDAN-SHORTS-D.NAVY9_-300x143.jpg 300w, https:\/\/muscleforge.nl\/wp-content\/uploads\/2023\/06\/PIT-BULL-MERIDAN-SHORTS-D.NAVY9_-580x276.jpg 580w\" sizes=\"auto, (max-width: 600px) 100vw, 600px\" \/><\/p>\n<\/div>\n<\/div>\n","protected":false},"excerpt":{"rendered":"<p>Szorty dresowe m\u0119skie z najnowszej kolekcji marki PIT BULL WEST COAST &#8211; Meridan &nbsp; &#8211; bardziej dopasowany sportowy fason ze zw\u0119\u017canymi nogawkami &#8211; spodenki wykonane z wysokogatunkowej mi\u0119kkiej cie\u0144szej bawe\u0142ny typu Tricot o gramaturze 280 g\/m2 &#8211; tkanina na zewn\u0105trz jest g\u0142adka, a od wewn\u0105trz posiada charakterystyczny splot &#8211; materia\u0142 doskonale odprowadza wilgo\u0107, dzi\u0119ki czemu&#8230;<\/p>\n","protected":false},"featured_media":38401,"comment_status":"open","ping_status":"closed","template":"","meta":[],"product_brand":[],"product_cat":[798,799,800,807],"product_tag":[],"class_list":{"0":"post-38409","1":"product","2":"type-product","3":"status-publish","4":"has-post-thumbnail","6":"product_cat-odziez","7":"product_cat-dla-mezczyzn","8":"product_cat-promocja","9":"product_cat-kr","11":"first","12":"instock","13":"sale","14":"taxable","15":"shipping-taxable","16":"purchasable","17":"product-type-variable"},"_links":{"self":[{"href":"https:\/\/muscleforge.nl\/pl\/wp-json\/wp\/v2\/product\/38409","targetHints":{"allow":["GET"]}}],"collection":[{"href":"https:\/\/muscleforge.nl\/pl\/wp-json\/wp\/v2\/product"}],"about":[{"href":"https:\/\/muscleforge.nl\/pl\/wp-json\/wp\/v2\/types\/product"}],"replies":[{"embeddable":true,"href":"https:\/\/muscleforge.nl\/pl\/wp-json\/wp\/v2\/comments?post=38409"}],"wp:featuredmedia":[{"embeddable":true,"href":"https:\/\/muscleforge.nl\/pl\/wp-json\/wp\/v2\/media\/38401"}],"wp:attachment":[{"href":"https:\/\/muscleforge.nl\/pl\/wp-json\/wp\/v2\/media?parent=38409"}],"wp:term":[{"taxonomy":"product_brand","embeddable":true,"href":"https:\/\/muscleforge.nl\/pl\/wp-json\/wp\/v2\/product_brand?post=38409"},{"taxonomy":"product_cat","embeddable":true,"href":"https:\/\/muscleforge.nl\/pl\/wp-json\/wp\/v2\/product_cat?post=38409"},{"taxonomy":"product_tag","embeddable":true,"href":"https:\/\/muscleforge.nl\/pl\/wp-json\/wp\/v2\/product_tag?post=38409"}],"curies":[{"name":"wp","href":"https:\/\/api.w.org\/{rel}","templated":true}]}}