{"id":38440,"date":"2023-06-10T13:38:31","date_gmt":"2023-06-10T11:38:31","guid":{"rendered":"https:\/\/muscleforge.nl\/product\/pit-bull-polo-t-shirt-regular-stripes-250-gsm-g-melange\/"},"modified":"2025-06-02T00:08:13","modified_gmt":"2025-06-01T22:08:13","slug":"pit-bull-polo-t-shirt-regular-stripes-250-gsm-g-melange","status":"publish","type":"product","link":"https:\/\/muscleforge.nl\/pl\/produkt\/pit-bull-polo-t-shirt-regular-stripes-250-gsm-g-melange\/","title":{"rendered":"PIT BULL POLO T-SHIRT REGULAR STRIPES 250 GSM G.MELANGE"},"content":{"rendered":"<div class=\" product-block product-block--title product-block--first \"><\/div>\n<div class=\" product-block product-block--description \">\n<div class=\"description\">\n<h3>Koszulka Polo z najnowszej kolekcji marki PIT BULL WEST COAST \u2013 Pique Regular Stripes<\/h3>\n<p>&nbsp;<\/p>\n<p>SERIA HEAVY WEIGHT 250<\/p>\n<p>&#8211; regularny wygodny fason<br \/>\n&#8211; Polo wykonane z grubej fakturowanej tkanina typu Pika o gramaturze 250 g\/m2<br \/>\n&#8211; mi\u0119kka lam\u00f3wka od wewn\u0119trznej strony ko\u0142nierza chroni\u0105ca przed otarciami<br \/>\n&#8211; ko\u0142nierz i mankiety r\u0119kaw\u00f3w wykonane s\u0105 ze stabilnego materia\u0142u \u017ceberkowego kt\u00f3ry utrzymuje optymalny kszta\u0142t podczas noszenia<br \/>\n&#8211; ma\u0142e okr\u0105g\u0142e wyszywane logo na piersi<br \/>\n&#8211; dekolt zapinany na dwa guziki<br \/>\n&#8211; stylowe kontrastowe paski na \u015bci\u0105gaczach i na ko\u0142nierzu<br \/>\n&#8211; po bokach u do\u0142u koszulki rozci\u0119cia<br \/>\n&#8211; kolor koszulki: szary melan\u017c<br \/>\n&#8211; sk\u0142ad materia\u0142u: 95% bawe\u0142na \/ 5% elastan<\/p>\n<\/div>\n<\/div>\n<p>&nbsp;<\/p>\n<p>&nbsp;<\/p>\n<p><img loading=\"lazy\" decoding=\"async\" class=\"alignnone wp-image-38425 size-full\" src=\"https:\/\/muscleforge.nl\/wp-content\/uploads\/2023\/06\/Zrzut-ekranu-2023-06-10-133629-1.jpg\" alt=\"\" width=\"481\" height=\"468\" srcset=\"https:\/\/muscleforge.nl\/wp-content\/uploads\/2023\/06\/Zrzut-ekranu-2023-06-10-133629-1.jpg 481w, https:\/\/muscleforge.nl\/wp-content\/uploads\/2023\/06\/Zrzut-ekranu-2023-06-10-133629-1-300x292.jpg 300w\" sizes=\"auto, (max-width: 481px) 100vw, 481px\" \/><\/p>\n<div class=\" product-block product-block--description \">\n<div class=\"description\">\n<h1 class=\"product_name\"><img loading=\"lazy\" decoding=\"async\" class=\"alignnone wp-image-38428 size-full\" src=\"https:\/\/muscleforge.nl\/wp-content\/uploads\/2023\/06\/PIT-BULL-POLO-T-SHIRT-REGULAR-STRIPES-250-GSM-G.MELANGE9.jpg\" alt=\"\" width=\"602\" height=\"281\" srcset=\"https:\/\/muscleforge.nl\/wp-content\/uploads\/2023\/06\/PIT-BULL-POLO-T-SHIRT-REGULAR-STRIPES-250-GSM-G.MELANGE9.jpg 602w, https:\/\/muscleforge.nl\/wp-content\/uploads\/2023\/06\/PIT-BULL-POLO-T-SHIRT-REGULAR-STRIPES-250-GSM-G.MELANGE9-300x140.jpg 300w, https:\/\/muscleforge.nl\/wp-content\/uploads\/2023\/06\/PIT-BULL-POLO-T-SHIRT-REGULAR-STRIPES-250-GSM-G.MELANGE9-580x271.jpg 580w, https:\/\/muscleforge.nl\/wp-content\/uploads\/2023\/06\/PIT-BULL-POLO-T-SHIRT-REGULAR-STRIPES-250-GSM-G.MELANGE9-600x280.jpg 600w\" sizes=\"auto, (max-width: 602px) 100vw, 602px\" \/><\/h1>\n<\/div>\n<\/div>\n","protected":false},"excerpt":{"rendered":"<p>Koszulka Polo z najnowszej kolekcji marki PIT BULL WEST COAST \u2013 Pique Regular Stripes &nbsp; SERIA HEAVY WEIGHT 250 &#8211; regularny wygodny fason &#8211; Polo wykonane z grubej fakturowanej tkanina typu Pika o gramaturze 250 g\/m2 &#8211; mi\u0119kka lam\u00f3wka od wewn\u0119trznej strony ko\u0142nierza chroni\u0105ca przed otarciami &#8211; ko\u0142nierz i mankiety r\u0119kaw\u00f3w wykonane s\u0105 ze stabilnego&#8230;<\/p>\n","protected":false},"featured_media":38418,"comment_status":"open","ping_status":"closed","template":"","meta":[],"product_brand":[],"product_cat":[798,799,800,809,811],"product_tag":[],"class_list":{"0":"post-38440","1":"product","2":"type-product","3":"status-publish","4":"has-post-thumbnail","6":"product_cat-odziez","7":"product_cat-dla-mezczyzn","8":"product_cat-promocja","9":"product_cat-koszulki","10":"product_cat-polo-pl","12":"first","13":"instock","14":"sale","15":"taxable","16":"shipping-taxable","17":"purchasable","18":"product-type-variable"},"_links":{"self":[{"href":"https:\/\/muscleforge.nl\/pl\/wp-json\/wp\/v2\/product\/38440","targetHints":{"allow":["GET"]}}],"collection":[{"href":"https:\/\/muscleforge.nl\/pl\/wp-json\/wp\/v2\/product"}],"about":[{"href":"https:\/\/muscleforge.nl\/pl\/wp-json\/wp\/v2\/types\/product"}],"replies":[{"embeddable":true,"href":"https:\/\/muscleforge.nl\/pl\/wp-json\/wp\/v2\/comments?post=38440"}],"wp:featuredmedia":[{"embeddable":true,"href":"https:\/\/muscleforge.nl\/pl\/wp-json\/wp\/v2\/media\/38418"}],"wp:attachment":[{"href":"https:\/\/muscleforge.nl\/pl\/wp-json\/wp\/v2\/media?parent=38440"}],"wp:term":[{"taxonomy":"product_brand","embeddable":true,"href":"https:\/\/muscleforge.nl\/pl\/wp-json\/wp\/v2\/product_brand?post=38440"},{"taxonomy":"product_cat","embeddable":true,"href":"https:\/\/muscleforge.nl\/pl\/wp-json\/wp\/v2\/product_cat?post=38440"},{"taxonomy":"product_tag","embeddable":true,"href":"https:\/\/muscleforge.nl\/pl\/wp-json\/wp\/v2\/product_tag?post=38440"}],"curies":[{"name":"wp","href":"https:\/\/api.w.org\/{rel}","templated":true}]}}