{"id":38567,"date":"2023-06-12T16:32:26","date_gmt":"2023-06-12T14:32:26","guid":{"rendered":"https:\/\/muscleforge.nl\/product\/pit-bull-mens-hooded-french-terry-hinson-olive\/"},"modified":"2025-06-02T00:08:11","modified_gmt":"2025-06-01T22:08:11","slug":"pit-bull-mens-hooded-french-terry-hinson-olive","status":"publish","type":"product","link":"https:\/\/muscleforge.nl\/pl\/produkt\/pit-bull-mens-hooded-french-terry-hinson-olive\/","title":{"rendered":"PIT BULL MENS HOODED FRENCH TERRY HINSON OLIVE"},"content":{"rendered":"<div class=\" product-block product-block--title product-block--first \">\n<h1 class=\"product_name\">HOODIE FRENCH TERRY HINSON OLIVE<\/h1>\n<p>&nbsp;<\/p>\n<\/div>\n<div class=\" product-block product-block--description \">\n<div class=\"description\">\n<ul>\n<li data-mce-fragment=\"1\">wykonana z wysokogatunkowej bawe\u0142ny typu French Terry 330 g\/m2<\/li>\n<li data-mce-fragment=\"1\">mocne \u015bci\u0105gacze w r\u0119kawach oraz u do\u0142u<\/li>\n<li data-mce-fragment=\"1\">sk\u0142ad materia\u0142u: 95% bawe\u0142na \/ 5% elastan<\/li>\n<li data-mce-fragment=\"1\">mo\u017cna pra\u0107 w pralce automatycznej<\/li>\n<\/ul>\n<p>&nbsp;<\/p>\n<\/div>\n<\/div>\n","protected":false},"excerpt":{"rendered":"<p>HOODIE FRENCH TERRY HINSON OLIVE &nbsp; wykonana z wysokogatunkowej bawe\u0142ny typu French Terry 330 g\/m2 mocne \u015bci\u0105gacze w r\u0119kawach oraz u do\u0142u sk\u0142ad materia\u0142u: 95% bawe\u0142na \/ 5% elastan mo\u017cna pra\u0107 w pralce automatycznej &nbsp;<\/p>\n","protected":false},"featured_media":38562,"comment_status":"open","ping_status":"closed","template":"","meta":[],"product_brand":[],"product_cat":[798,799,800,814,891],"product_tag":[],"class_list":{"0":"post-38567","1":"product","2":"type-product","3":"status-publish","4":"has-post-thumbnail","6":"product_cat-odziez","7":"product_cat-dla-mezczyzn","8":"product_cat-promocja","9":"product_cat-bez-kaptura","10":"product_cat-z-kapturem-pl-2","12":"first","13":"instock","14":"sale","15":"taxable","16":"shipping-taxable","17":"purchasable","18":"product-type-variable"},"_links":{"self":[{"href":"https:\/\/muscleforge.nl\/pl\/wp-json\/wp\/v2\/product\/38567","targetHints":{"allow":["GET"]}}],"collection":[{"href":"https:\/\/muscleforge.nl\/pl\/wp-json\/wp\/v2\/product"}],"about":[{"href":"https:\/\/muscleforge.nl\/pl\/wp-json\/wp\/v2\/types\/product"}],"replies":[{"embeddable":true,"href":"https:\/\/muscleforge.nl\/pl\/wp-json\/wp\/v2\/comments?post=38567"}],"wp:featuredmedia":[{"embeddable":true,"href":"https:\/\/muscleforge.nl\/pl\/wp-json\/wp\/v2\/media\/38562"}],"wp:attachment":[{"href":"https:\/\/muscleforge.nl\/pl\/wp-json\/wp\/v2\/media?parent=38567"}],"wp:term":[{"taxonomy":"product_brand","embeddable":true,"href":"https:\/\/muscleforge.nl\/pl\/wp-json\/wp\/v2\/product_brand?post=38567"},{"taxonomy":"product_cat","embeddable":true,"href":"https:\/\/muscleforge.nl\/pl\/wp-json\/wp\/v2\/product_cat?post=38567"},{"taxonomy":"product_tag","embeddable":true,"href":"https:\/\/muscleforge.nl\/pl\/wp-json\/wp\/v2\/product_tag?post=38567"}],"curies":[{"name":"wp","href":"https:\/\/api.w.org\/{rel}","templated":true}]}}