{"id":39362,"date":"2023-07-21T16:34:21","date_gmt":"2023-07-21T14:34:21","guid":{"rendered":"https:\/\/muscleforge.nl\/product\/pit-bull-t-shirt-gameness-mma-black\/"},"modified":"2025-06-02T00:08:04","modified_gmt":"2025-06-01T22:08:04","slug":"pit-bull-t-shirt-gameness-mma-black","status":"publish","type":"product","link":"https:\/\/muscleforge.nl\/pl\/produkt\/pit-bull-t-shirt-gameness-mma-black\/","title":{"rendered":"PIT BULL T-SHIRT GAMENESS MMA BLACK"},"content":{"rendered":"<div class=\" product-block product-block--title product-block--first \">\n<h1 class=\"product_name\">GAMENESS MMA BLACK T-SHIRT<\/h1>\n<h3>Koszulka m\u0119ska z kolekcji wiosna \/ lato 2023 firmy PIT BULL WEST COAST \u2013 Gameness MMA<\/h3>\n<p>SERIA MIDDLE WEIGHT 190 REGULAR<\/p>\n<p>&#8211; regularny fason z okr\u0105g\u0142ym dekoltem<br \/>\n&#8211; T-shirt wykonany z najwy\u017cszej jako\u015bci bawe\u0142ny o gramaturze 190 g\/m2<br \/>\n&#8211; mi\u0119kka lam\u00f3wka od wewn\u0119trznej strony ko\u0142nierza chroni\u0105ca przed otarciami<br \/>\n&#8211; du\u017cy nadruk z przodu<br \/>\n&#8211; wszystkie nadruki wykonane specjalistyczn\u0105 technologi\u0105 sitodruku dzi\u0119ki czemu s\u0105 bardzo trwa\u0142e<br \/>\n&#8211; du\u017ca tkana naszywka z logo marki PIT BULL WEST COAST u do\u0142u koszulki<br \/>\n&#8211; ma\u0142a tkana naszywka na kraw\u0119dzi lewego r\u0119kawa<br \/>\n&#8211; sk\u0142ad materia\u0142u: 100% bawe\u0142na<\/p>\n<\/div>\n<div class=\" product-block product-block--description \">\n<div class=\"description\">\n<p><img loading=\"lazy\" decoding=\"async\" class=\"alignnone wp-image-39357 size-full\" src=\"https:\/\/muscleforge.nl\/wp-content\/uploads\/2023\/07\/PIT-BULL-T-SHIRT-GAMENESS-MMA-BLACK9.jpg\" alt=\"\" width=\"607\" height=\"287\" srcset=\"https:\/\/muscleforge.nl\/wp-content\/uploads\/2023\/07\/PIT-BULL-T-SHIRT-GAMENESS-MMA-BLACK9.jpg 607w, https:\/\/muscleforge.nl\/wp-content\/uploads\/2023\/07\/PIT-BULL-T-SHIRT-GAMENESS-MMA-BLACK9-300x142.jpg 300w, https:\/\/muscleforge.nl\/wp-content\/uploads\/2023\/07\/PIT-BULL-T-SHIRT-GAMENESS-MMA-BLACK9-580x274.jpg 580w, https:\/\/muscleforge.nl\/wp-content\/uploads\/2023\/07\/PIT-BULL-T-SHIRT-GAMENESS-MMA-BLACK9-600x284.jpg 600w\" sizes=\"auto, (max-width: 607px) 100vw, 607px\" \/><\/p>\n<\/div>\n<\/div>\n","protected":false},"excerpt":{"rendered":"<p>GAMENESS MMA BLACK T-SHIRT Koszulka m\u0119ska z kolekcji wiosna \/ lato 2023 firmy PIT BULL WEST COAST \u2013 Gameness MMA SERIA MIDDLE WEIGHT 190 REGULAR &#8211; regularny fason z okr\u0105g\u0142ym dekoltem &#8211; T-shirt wykonany z najwy\u017cszej jako\u015bci bawe\u0142ny o gramaturze 190 g\/m2 &#8211; mi\u0119kka lam\u00f3wka od wewn\u0119trznej strony ko\u0142nierza chroni\u0105ca przed otarciami &#8211; du\u017cy nadruk&#8230;<\/p>\n","protected":false},"featured_media":39353,"comment_status":"open","ping_status":"closed","template":"","meta":[],"product_brand":[],"product_cat":[798,799,800,809,812],"product_tag":[],"class_list":{"0":"post-39362","1":"product","2":"type-product","3":"status-publish","4":"has-post-thumbnail","6":"product_cat-odziez","7":"product_cat-dla-mezczyzn","8":"product_cat-promocja","9":"product_cat-koszulki","10":"product_cat-t-shirts-pl","12":"first","13":"instock","14":"sale","15":"taxable","16":"shipping-taxable","17":"purchasable","18":"product-type-variable"},"_links":{"self":[{"href":"https:\/\/muscleforge.nl\/pl\/wp-json\/wp\/v2\/product\/39362","targetHints":{"allow":["GET"]}}],"collection":[{"href":"https:\/\/muscleforge.nl\/pl\/wp-json\/wp\/v2\/product"}],"about":[{"href":"https:\/\/muscleforge.nl\/pl\/wp-json\/wp\/v2\/types\/product"}],"replies":[{"embeddable":true,"href":"https:\/\/muscleforge.nl\/pl\/wp-json\/wp\/v2\/comments?post=39362"}],"wp:featuredmedia":[{"embeddable":true,"href":"https:\/\/muscleforge.nl\/pl\/wp-json\/wp\/v2\/media\/39353"}],"wp:attachment":[{"href":"https:\/\/muscleforge.nl\/pl\/wp-json\/wp\/v2\/media?parent=39362"}],"wp:term":[{"taxonomy":"product_brand","embeddable":true,"href":"https:\/\/muscleforge.nl\/pl\/wp-json\/wp\/v2\/product_brand?post=39362"},{"taxonomy":"product_cat","embeddable":true,"href":"https:\/\/muscleforge.nl\/pl\/wp-json\/wp\/v2\/product_cat?post=39362"},{"taxonomy":"product_tag","embeddable":true,"href":"https:\/\/muscleforge.nl\/pl\/wp-json\/wp\/v2\/product_tag?post=39362"}],"curies":[{"name":"wp","href":"https:\/\/api.w.org\/{rel}","templated":true}]}}