{"id":40636,"date":"2023-09-06T17:38:23","date_gmt":"2023-09-06T15:38:23","guid":{"rendered":"https:\/\/muscleforge.nl\/product\/pit-bull-canvas-wallet-blood-dog-sand\/"},"modified":"2025-06-02T00:07:49","modified_gmt":"2025-06-01T22:07:49","slug":"pit-bull-canvas-wallet-blood-dog-sand","status":"publish","type":"product","link":"https:\/\/muscleforge.nl\/pl\/produkt\/pit-bull-canvas-wallet-blood-dog-sand\/","title":{"rendered":"PIT BULL Canvas Wallet Blood Dog Sand"},"content":{"rendered":"<h3>Portfel parciany z najnowszej kolekcji firmy PIT BULL WEST COAST &#8211; Blood Doog<\/h3>\n<p>&nbsp;<\/p>\n<p>&#8211; wykonany z wysokogatunkowej tkaniny typu Canvas<br \/>\n&#8211; na froncie du\u017ca \u017cakardowa naszywka<br \/>\n&#8211; kieszonka na monety zamykana na zamek<br \/>\n&#8211; dodatkowa zewn\u0119trzna kieszonka na rzep<br \/>\n&#8211; trzy mniejsze kieszonki na karty ( ID , bankomatowa itp. )<br \/>\n&#8211; dwie wi\u0119ksze kieszonki na inne dokumenty<br \/>\n&#8211; g\u0142\u00f3wna przegroda na banknoty<br \/>\n&#8211; ca\u0142o\u015b\u0107 zamykana na szeroki rzep<br \/>\n&#8211; mocne przeszycia<\/p>\n<p>Wymiary portfela z\u0142o\u017conego 13,5cm x 10 cm<\/p>\n","protected":false},"excerpt":{"rendered":"<p>Portfel parciany z najnowszej kolekcji firmy PIT BULL WEST COAST &#8211; Blood Doog &nbsp; &#8211; wykonany z wysokogatunkowej tkaniny typu Canvas &#8211; na froncie du\u017ca \u017cakardowa naszywka &#8211; kieszonka na monety zamykana na zamek &#8211; dodatkowa zewn\u0119trzna kieszonka na rzep &#8211; trzy mniejsze kieszonki na karty ( ID , bankomatowa itp. ) &#8211; dwie wi\u0119ksze&#8230;<\/p>\n","protected":false},"featured_media":40632,"comment_status":"open","ping_status":"closed","template":"","meta":[],"product_brand":[],"product_cat":[774,780,787],"product_tag":[],"class_list":{"0":"post-40636","1":"product","2":"type-product","3":"status-publish","4":"has-post-thumbnail","6":"product_cat-akcesoria","7":"product_cat-akcesoria-uliczne","8":"product_cat-portfele","10":"first","11":"instock","12":"sale","13":"taxable","14":"shipping-taxable","15":"purchasable","16":"product-type-simple"},"_links":{"self":[{"href":"https:\/\/muscleforge.nl\/pl\/wp-json\/wp\/v2\/product\/40636","targetHints":{"allow":["GET"]}}],"collection":[{"href":"https:\/\/muscleforge.nl\/pl\/wp-json\/wp\/v2\/product"}],"about":[{"href":"https:\/\/muscleforge.nl\/pl\/wp-json\/wp\/v2\/types\/product"}],"replies":[{"embeddable":true,"href":"https:\/\/muscleforge.nl\/pl\/wp-json\/wp\/v2\/comments?post=40636"}],"wp:featuredmedia":[{"embeddable":true,"href":"https:\/\/muscleforge.nl\/pl\/wp-json\/wp\/v2\/media\/40632"}],"wp:attachment":[{"href":"https:\/\/muscleforge.nl\/pl\/wp-json\/wp\/v2\/media?parent=40636"}],"wp:term":[{"taxonomy":"product_brand","embeddable":true,"href":"https:\/\/muscleforge.nl\/pl\/wp-json\/wp\/v2\/product_brand?post=40636"},{"taxonomy":"product_cat","embeddable":true,"href":"https:\/\/muscleforge.nl\/pl\/wp-json\/wp\/v2\/product_cat?post=40636"},{"taxonomy":"product_tag","embeddable":true,"href":"https:\/\/muscleforge.nl\/pl\/wp-json\/wp\/v2\/product_tag?post=40636"}],"curies":[{"name":"wp","href":"https:\/\/api.w.org\/{rel}","templated":true}]}}