{"id":41077,"date":"2023-10-04T12:34:27","date_gmt":"2023-10-04T10:34:27","guid":{"rendered":"https:\/\/muscleforge.nl\/product\/oshee-vitamin-water-junior-555ml-apple-watermelon\/"},"modified":"2025-06-02T00:07:45","modified_gmt":"2025-06-01T22:07:45","slug":"oshee-vitamin-water-junior-555ml-apple-watermelon","status":"publish","type":"product","link":"https:\/\/muscleforge.nl\/pl\/produkt\/oshee-vitamin-water-junior-555ml-apple-watermelon\/","title":{"rendered":"Oshee Vitamin Water Junior 555ml Apple-Watermelon"},"content":{"rendered":"<div class=\"\">\n<div class=\"product-header page-header\">\n<h1>Junior by OSHEE Vitamin Water jab\u0142ko &#8211; arbuz 555ml<\/h1>\n<\/div>\n<\/div>\n<div class=\"product-features\">\n<div class=\"product-labels\"><\/div>\n<div class=\"product-adv\">\n<ul class=\"product-adv__list\">\n<li class=\"product-adv__item\">bez syropu glukozowo-fruktozowego<\/li>\n<li class=\"product-adv__item\">bez sztucznych aromat\u00f3w<\/li>\n<li class=\"product-adv__item\">bez barwnik\u00f3w<\/li>\n<li class=\"product-adv__item\">bez konserwant\u00f3w<\/li>\n<li class=\"product-adv__item\">bez s\u0142odzik\u00f3w<\/li>\n<\/ul>\n<p>Junior by OSHEE Vitamin Water jab\u0142ko &#8211; arbuz 555ml Nap\u00f3j niegazowany jab\u0142ko-arbuz z dodatkiem witamin (niacyna, kwas pantotenowy, witamina B6, kwas foliowy, biotyna, witamina B12). Pasteryzowany.<\/p>\n<h3>OSHEE VITAMIN WATER DLA DZIECI \u2013 555 ML<\/h3>\n<p>Niezale\u017cnie od tego, czy chodzi o bieganie, jazd\u0119 na rowerze, gr\u0119 w tenisa czy w pi\u0142k\u0119 no\u017cn\u0105, uprawiaj\u0105c sport, trzeba pami\u0119ta\u0107 o odpowiednim nawadnianiu organizmu. Dotyczy to nie tylko doros\u0142ych, ale tak\u017ce dzieci. To w\u0142a\u015bnie dlatego w Oshee przygotowali\u015bmy propozycj\u0119 idealn\u0105 dla najm\u0142odszych sportowc\u00f3w: Oshee Vitamin Water dla dzieci!<\/p>\n<p>Oshee Vitamin Water dla dzieci to woda arbuzowa z jab\u0142kiem, kt\u00f3ra nie tylko nawadnia organizm dziecka, ale tak\u017ce dostarcza mu sk\u0142adnik\u00f3w od\u017cywczych, kt\u00f3re podczas wysi\u0142ku fizycznego s\u0105 w du\u017cej cz\u0119\u015bci usuwane z organizmu. Woda Oshee Vitamin dostarcza do organizmu mi\u0119dzy innymi witamin\u0119 B6, kwas foliowy, witamin\u0119 B12\u00a0czy biotyn\u0119.<\/p>\n<h3>WODA JAB\u0141KOWO-ARBUZOWA OSHEE DLA DZIECI \u2013 DLACZEGO WARTO NA NI\u0104 POSTAWI\u0106?<\/h3>\n<p>Dlaczego woda jab\u0142kowa z dodatkiem arbuza b\u0119dzie odpowiednim wyborem dla Twojego dziecka podczas zaj\u0119\u0107 sportowych, trening\u00f3w i zawod\u00f3w? Szybkie nawadnianie organizmu to tylko jedna z jej zalet! W przeciwie\u0144stwie do wielu s\u0142odkich napoj\u00f3w, oferowana przez nas Oshee Vitamin Water dla dzieci nie zawiera syropu glukozowo-fruktozowego, sztucznych aromat\u00f3w, konserwant\u00f3w, barwnik\u00f3w czy s\u0142odzik\u00f3w. Jednocze\u015bnie ma ona przyjemnie s\u0142odki smak, kt\u00f3ry tak uwielbiaj\u0105 najm\u0142odsi sportowcy!<\/p>\n<p>Woda arbuzowa z jab\u0142kiem Oshee jest sprzedawana w butelkach w por\u0119cznych butelkach o pojemno\u015bci 555 ml. Dzi\u0119ki temu Twoja pociecha zawsze mo\u017ce mie\u0107 j\u0105 przy sobie, niezale\u017cnie od tego, czy uczestniczy w zawodach pi\u0142karskich, lekcji ta\u0144ca, zaj\u0119ciach wychowania fizycznego, czy\u2026 po prostu w szkole chce mie\u0107 pod r\u0119k\u0105 pyszny i zdrowy nap\u00f3j.<\/p>\n<\/div>\n<\/div>\n<p>&nbsp;<\/p>\n<h3>Warto\u015bci od\u017cywcze<\/h3>\n<div class=\"product-tab-content tab-content open\" data-id=\"Wartosci-odzywcze\">\n<div id=\"Wartosci-odzywcze\" class=\"product-tab-pane tab-pane\">\n<div class=\"product-description cms-content\">\n<table>\n<tbody>\n<tr>\n<td>Warto\u015b\u0107 od\u017cywcza w\/ Nutritional declaration per<\/td>\n<td>100 ml<\/td>\n<td>278 ml (porcja\/ portion)<\/td>\n<\/tr>\n<tr>\n<td>Warto\u015b\u0107 energetyczna\/ Energy<\/td>\n<td>82 kJ\/ 19 kcal<\/td>\n<td>228 kJ\/ 53 kcal<\/td>\n<\/tr>\n<tr>\n<td>T\u0142uszcz\/ Fat<\/td>\n<td>0 g<\/td>\n<td>0 g<\/td>\n<\/tr>\n<tr>\n<td>w tym kwasy t\u0142uszczowe nasycone\/ of which saturates<\/td>\n<td>0 g<\/td>\n<td>0 g<\/td>\n<\/tr>\n<tr>\n<td>W\u0119glowodany\/ Carbohydrate<\/td>\n<td>4,8 g<\/td>\n<td>13 g<\/td>\n<\/tr>\n<tr>\n<td>w tym cukry\/ of which sugars<\/td>\n<td>4,7 g<\/td>\n<td>13 g<\/td>\n<\/tr>\n<tr>\n<td>Bia\u0142ko\/ Protein<\/td>\n<td>0 g<\/td>\n<td>0 g<\/td>\n<\/tr>\n<tr>\n<td>S\u00f3l\/ Salt<\/td>\n<td>0 g<\/td>\n<td>0 g<\/td>\n<\/tr>\n<tr>\n<td colspan=\"3\">Witaminy\/ Vitamins<\/td>\n<\/tr>\n<tr>\n<td>Niacyna\/ Niacin (B3)<\/td>\n<td>1,2 mg (7,5%*)<\/td>\n<td>3,34 mg (21%*)<\/td>\n<\/tr>\n<tr>\n<td>Kwas pantotenowy\/ Pantothenic cid (B5)<\/td>\n<td>0,45 mg (7,5%*)<\/td>\n<td>1,25 mg (21%*)<\/td>\n<\/tr>\n<tr>\n<td>Witamina B6\/ Vitamin B6<\/td>\n<td>0,11 mg (7,5%*)<\/td>\n<td>0,3 mg (21%*)<\/td>\n<\/tr>\n<tr>\n<td>Kwas foliowy\/ Folic acid (B9)<\/td>\n<td>15 \u00b5g (7,5%*)<\/td>\n<td>41,7 \u00b5g (21%*)<\/td>\n<\/tr>\n<tr>\n<td>Biotyna\/ Biotin (B7)<\/td>\n<td>3,75 \u00b5g (7,5%*)<\/td>\n<td>10,43 \u00b5g (21%*)<\/td>\n<\/tr>\n<tr>\n<td>Witamina B12\/ Vitamin B12<\/td>\n<td>0,19 \u00b5g (7,5%*)<\/td>\n<td>0,52 \u00b5g (21%*)<\/td>\n<\/tr>\n<\/tbody>\n<\/table>\n<div>\n<p class=\"Pa0\"><span class=\"A0\">*% dziennej referencyjnej warto\u015bci spo\u017cycia dla osoby doros\u0142ej\/ *% of reference daily intake per adults<\/span><\/p>\n<\/div>\n<h3>Sk\u0142ad<\/h3>\n<div class=\"product-tab-content tab-content open\" data-id=\"Sk\u0142ad\">\n<div id=\"Sk\u0142ad\" class=\"product-tab-pane tab-pane\">\n<div class=\"product-description cms-content\">\n<p>Sk\u0142adniki: woda, sok jab\u0142kowy\u00a0 z zag\u0119szczonego soku jab\u0142kowego (20%), cukier trzcinowy, naturalny aromat arbuzowy z innymi naturalnymi aromatami, regulator kwasowo\u015bci: kwas cytrynowy, substancje wzbogacaj\u0105ce: witaminy (niacyna, kwas pantotenowy, witamina B6, kwas foliowy, biotyna, witamina B12).<\/p>\n<\/div>\n<\/div>\n<\/div>\n<\/div>\n<\/div>\n<\/div>\n","protected":false},"excerpt":{"rendered":"<p>Junior by OSHEE Vitamin Water jab\u0142ko &#8211; arbuz 555ml bez syropu glukozowo-fruktozowego bez sztucznych aromat\u00f3w bez barwnik\u00f3w bez konserwant\u00f3w bez s\u0142odzik\u00f3w Junior by OSHEE Vitamin Water jab\u0142ko &#8211; arbuz 555ml Nap\u00f3j niegazowany jab\u0142ko-arbuz z dodatkiem witamin (niacyna, kwas pantotenowy, witamina B6, kwas foliowy, biotyna, witamina B12). Pasteryzowany. OSHEE VITAMIN WATER DLA DZIECI \u2013 555 ML&#8230;<\/p>\n","protected":false},"featured_media":41075,"comment_status":"open","ping_status":"closed","template":"","meta":[],"product_brand":[],"product_cat":[728,107,854],"product_tag":[],"class_list":{"0":"post-41077","1":"product","2":"type-product","3":"status-publish","4":"has-post-thumbnail","6":"product_cat-suplementy-diety","7":"product_cat-voedingssupplementen","8":"product_cat-izotoniki","10":"first","11":"outofstock","12":"taxable","13":"shipping-taxable","14":"purchasable","15":"product-type-simple"},"_links":{"self":[{"href":"https:\/\/muscleforge.nl\/pl\/wp-json\/wp\/v2\/product\/41077","targetHints":{"allow":["GET"]}}],"collection":[{"href":"https:\/\/muscleforge.nl\/pl\/wp-json\/wp\/v2\/product"}],"about":[{"href":"https:\/\/muscleforge.nl\/pl\/wp-json\/wp\/v2\/types\/product"}],"replies":[{"embeddable":true,"href":"https:\/\/muscleforge.nl\/pl\/wp-json\/wp\/v2\/comments?post=41077"}],"wp:featuredmedia":[{"embeddable":true,"href":"https:\/\/muscleforge.nl\/pl\/wp-json\/wp\/v2\/media\/41075"}],"wp:attachment":[{"href":"https:\/\/muscleforge.nl\/pl\/wp-json\/wp\/v2\/media?parent=41077"}],"wp:term":[{"taxonomy":"product_brand","embeddable":true,"href":"https:\/\/muscleforge.nl\/pl\/wp-json\/wp\/v2\/product_brand?post=41077"},{"taxonomy":"product_cat","embeddable":true,"href":"https:\/\/muscleforge.nl\/pl\/wp-json\/wp\/v2\/product_cat?post=41077"},{"taxonomy":"product_tag","embeddable":true,"href":"https:\/\/muscleforge.nl\/pl\/wp-json\/wp\/v2\/product_tag?post=41077"}],"curies":[{"name":"wp","href":"https:\/\/api.w.org\/{rel}","templated":true}]}}