{"id":41206,"date":"2023-10-04T16:48:23","date_gmt":"2023-10-04T14:48:23","guid":{"rendered":"https:\/\/muscleforge.nl\/product\/pit-bull-crewneck-orange-dog-black\/"},"modified":"2025-06-02T00:07:43","modified_gmt":"2025-06-01T22:07:43","slug":"pit-bull-crewneck-orange-dog-black","status":"publish","type":"product","link":"https:\/\/muscleforge.nl\/pl\/produkt\/pit-bull-crewneck-orange-dog-black\/","title":{"rendered":"PIT BULL CREWNECK ORANGE DOG BLACK"},"content":{"rendered":"<h3>Bluza m\u0119ska z kolekcji jesie\u0144 \/ zima firmy PIT BULL WEST COAST \u2013 Orange Dog<\/h3>\n<p>&nbsp;<\/p>\n<p>&#8211; klasyczny regularny fason z okr\u0105g\u0142ym dekoltem<br \/>\n&#8211; wykonana z wysokogatunkowej grubej bawe\u0142ny 400 g\/m2<br \/>\n&#8211; tkanina od wewn\u0119trznej strony jest szczotkowana i przyjemna w dotyku<br \/>\n&#8211; mocne \u017cebrowane \u015bci\u0105gacze na r\u0119kawach oraz u do\u0142u bluzy<br \/>\n&#8211; \u017cebrowany ko\u0142nierz<br \/>\n&#8211; od wewn\u0119trznej strony lam\u00f3wka przy karku chroni\u0105ca przed otarciami<br \/>\n&#8211; du\u017cy nadruk na klatce piersiowej<br \/>\n&#8211; du\u017cy nadruk na plecach<br \/>\n&#8211; wszystkie nadruki wykonane s\u0105 specjalistyczn\u0105 technologi\u0105 sitodruku przez co s\u0105 bardzo trwa\u0142e<br \/>\n&#8211; sk\u0142ad materia\u0142u: 80% bawe\u0142na \/ 20% poliester<\/p>\n<p>&nbsp;<\/p>\n<p><img loading=\"lazy\" decoding=\"async\" class=\"alignnone wp-image-41148 size-full\" src=\"https:\/\/muscleforge.nl\/wp-content\/uploads\/2023\/10\/Crewneck1.png\" alt=\"\" width=\"858\" height=\"665\" srcset=\"https:\/\/muscleforge.nl\/wp-content\/uploads\/2023\/10\/Crewneck1.png 858w, https:\/\/muscleforge.nl\/wp-content\/uploads\/2023\/10\/Crewneck1-300x233.png 300w, https:\/\/muscleforge.nl\/wp-content\/uploads\/2023\/10\/Crewneck1-768x595.png 768w, https:\/\/muscleforge.nl\/wp-content\/uploads\/2023\/10\/Crewneck1-580x450.png 580w, https:\/\/muscleforge.nl\/wp-content\/uploads\/2023\/10\/Crewneck1-600x465.png 600w\" sizes=\"auto, (max-width: 858px) 100vw, 858px\" \/><\/p>\n<p><img loading=\"lazy\" decoding=\"async\" class=\"alignnone wp-image-41199 size-full\" src=\"https:\/\/muscleforge.nl\/wp-content\/uploads\/2023\/10\/PIT-BULL-CREWNECK-ORANGE-DOG-BLACK9.jpg\" alt=\"\" width=\"608\" height=\"285\" srcset=\"https:\/\/muscleforge.nl\/wp-content\/uploads\/2023\/10\/PIT-BULL-CREWNECK-ORANGE-DOG-BLACK9.jpg 608w, https:\/\/muscleforge.nl\/wp-content\/uploads\/2023\/10\/PIT-BULL-CREWNECK-ORANGE-DOG-BLACK9-300x141.jpg 300w, https:\/\/muscleforge.nl\/wp-content\/uploads\/2023\/10\/PIT-BULL-CREWNECK-ORANGE-DOG-BLACK9-580x272.jpg 580w, https:\/\/muscleforge.nl\/wp-content\/uploads\/2023\/10\/PIT-BULL-CREWNECK-ORANGE-DOG-BLACK9-600x281.jpg 600w\" sizes=\"auto, (max-width: 608px) 100vw, 608px\" \/><\/p>\n","protected":false},"excerpt":{"rendered":"<p>Bluza m\u0119ska z kolekcji jesie\u0144 \/ zima firmy PIT BULL WEST COAST \u2013 Orange Dog &nbsp; &#8211; klasyczny regularny fason z okr\u0105g\u0142ym dekoltem &#8211; wykonana z wysokogatunkowej grubej bawe\u0142ny 400 g\/m2 &#8211; tkanina od wewn\u0119trznej strony jest szczotkowana i przyjemna w dotyku &#8211; mocne \u017cebrowane \u015bci\u0105gacze na r\u0119kawach oraz u do\u0142u bluzy &#8211; \u017cebrowany ko\u0142nierz&#8230;<\/p>\n","protected":false},"featured_media":41195,"comment_status":"open","ping_status":"closed","template":"","meta":[],"product_brand":[],"product_cat":[798,799,800,814,890],"product_tag":[],"class_list":{"0":"post-41206","1":"product","2":"type-product","3":"status-publish","4":"has-post-thumbnail","6":"product_cat-odziez","7":"product_cat-dla-mezczyzn","8":"product_cat-promocja","9":"product_cat-bez-kaptura","10":"product_cat-bluzy-pl-3","12":"first","13":"instock","14":"sale","15":"taxable","16":"shipping-taxable","17":"purchasable","18":"product-type-variable"},"_links":{"self":[{"href":"https:\/\/muscleforge.nl\/pl\/wp-json\/wp\/v2\/product\/41206","targetHints":{"allow":["GET"]}}],"collection":[{"href":"https:\/\/muscleforge.nl\/pl\/wp-json\/wp\/v2\/product"}],"about":[{"href":"https:\/\/muscleforge.nl\/pl\/wp-json\/wp\/v2\/types\/product"}],"replies":[{"embeddable":true,"href":"https:\/\/muscleforge.nl\/pl\/wp-json\/wp\/v2\/comments?post=41206"}],"wp:featuredmedia":[{"embeddable":true,"href":"https:\/\/muscleforge.nl\/pl\/wp-json\/wp\/v2\/media\/41195"}],"wp:attachment":[{"href":"https:\/\/muscleforge.nl\/pl\/wp-json\/wp\/v2\/media?parent=41206"}],"wp:term":[{"taxonomy":"product_brand","embeddable":true,"href":"https:\/\/muscleforge.nl\/pl\/wp-json\/wp\/v2\/product_brand?post=41206"},{"taxonomy":"product_cat","embeddable":true,"href":"https:\/\/muscleforge.nl\/pl\/wp-json\/wp\/v2\/product_cat?post=41206"},{"taxonomy":"product_tag","embeddable":true,"href":"https:\/\/muscleforge.nl\/pl\/wp-json\/wp\/v2\/product_tag?post=41206"}],"curies":[{"name":"wp","href":"https:\/\/api.w.org\/{rel}","templated":true}]}}