{"id":41280,"date":"2023-10-05T14:14:38","date_gmt":"2023-10-05T12:14:38","guid":{"rendered":"https:\/\/muscleforge.nl\/product\/pit-bull-beanie-blood-dog-black\/"},"modified":"2025-06-02T00:07:41","modified_gmt":"2025-06-01T22:07:41","slug":"pit-bull-beanie-blood-dog-black","status":"publish","type":"product","link":"https:\/\/muscleforge.nl\/pl\/produkt\/pit-bull-beanie-blood-dog-black\/","title":{"rendered":"PIT BULL BEANIE BLOOD DOG BLACK"},"content":{"rendered":"<h3>Czapka z kolekcji jesie\u0144 \/ zima firmy PIT BULL WEST COAST &#8211; Blood Dog<\/h3>\n<p>&#8211; wykonana z mi\u0119kkiej cienkiej dwuwarstwowej tkaniny, kt\u00f3ra zachowuje wysoki komfort noszenia przez ca\u0142y dzie\u0144<br \/>\n&#8211; bardzo mocny p\u0142aski szew na zak\u0142adk\u0119 typu Autolap, dzi\u0119ki czemu czapka jeszcze lepiej dopasowuje si\u0119 do kszta\u0142t\u00f3w g\u0142owy i nie przeszkadza w codziennym u\u017cytkowaniu<br \/>\n&#8211; zmodyfikowany fason o g\u0142\u0119bszej konstrukcji kt\u00f3ry lepiej chroni g\u0142ow\u0119 przed zimnem<br \/>\n&#8211; czapka dzi\u0119ki u\u017cyciu mieszanki bawe\u0142ny z elastycznymi w\u0142\u00f3knami znakomicie utrzymuje si\u0119 na g\u0142owie<br \/>\n&#8211; du\u017cy nadruk Pit Bull<br \/>\n&#8211; idealna do uprawiania sport\u00f3w, jak i na co dzie\u0144, kiedy liczy si\u0119 komfort oraz wygoda<br \/>\n&#8211; sk\u0142ad materia\u0142u: 95% bawe\u0142na, 5% elastan<\/p>\n","protected":false},"excerpt":{"rendered":"<p>Czapka z kolekcji jesie\u0144 \/ zima firmy PIT BULL WEST COAST &#8211; Blood Dog &#8211; wykonana z mi\u0119kkiej cienkiej dwuwarstwowej tkaniny, kt\u00f3ra zachowuje wysoki komfort noszenia przez ca\u0142y dzie\u0144 &#8211; bardzo mocny p\u0142aski szew na zak\u0142adk\u0119 typu Autolap, dzi\u0119ki czemu czapka jeszcze lepiej dopasowuje si\u0119 do kszta\u0142t\u00f3w g\u0142owy i nie przeszkadza w codziennym u\u017cytkowaniu &#8211;&#8230;<\/p>\n","protected":false},"featured_media":41279,"comment_status":"open","ping_status":"closed","template":"","meta":[],"product_brand":[],"product_cat":[774,780,783,785],"product_tag":[],"class_list":{"0":"post-41280","1":"product","2":"type-product","3":"status-publish","4":"has-post-thumbnail","6":"product_cat-akcesoria","7":"product_cat-akcesoria-uliczne","8":"product_cat-czapki","9":"product_cat-czapki-zimowe","11":"first","12":"instock","13":"sale","14":"taxable","15":"shipping-taxable","16":"purchasable","17":"product-type-simple"},"_links":{"self":[{"href":"https:\/\/muscleforge.nl\/pl\/wp-json\/wp\/v2\/product\/41280","targetHints":{"allow":["GET"]}}],"collection":[{"href":"https:\/\/muscleforge.nl\/pl\/wp-json\/wp\/v2\/product"}],"about":[{"href":"https:\/\/muscleforge.nl\/pl\/wp-json\/wp\/v2\/types\/product"}],"replies":[{"embeddable":true,"href":"https:\/\/muscleforge.nl\/pl\/wp-json\/wp\/v2\/comments?post=41280"}],"wp:featuredmedia":[{"embeddable":true,"href":"https:\/\/muscleforge.nl\/pl\/wp-json\/wp\/v2\/media\/41279"}],"wp:attachment":[{"href":"https:\/\/muscleforge.nl\/pl\/wp-json\/wp\/v2\/media?parent=41280"}],"wp:term":[{"taxonomy":"product_brand","embeddable":true,"href":"https:\/\/muscleforge.nl\/pl\/wp-json\/wp\/v2\/product_brand?post=41280"},{"taxonomy":"product_cat","embeddable":true,"href":"https:\/\/muscleforge.nl\/pl\/wp-json\/wp\/v2\/product_cat?post=41280"},{"taxonomy":"product_tag","embeddable":true,"href":"https:\/\/muscleforge.nl\/pl\/wp-json\/wp\/v2\/product_tag?post=41280"}],"curies":[{"name":"wp","href":"https:\/\/api.w.org\/{rel}","templated":true}]}}