{"id":41914,"date":"2023-11-10T17:38:05","date_gmt":"2023-11-10T16:38:05","guid":{"rendered":"https:\/\/muscleforge.nl\/product\/pit-bull-jacket-seacoast-ii-black\/"},"modified":"2025-06-02T00:07:38","modified_gmt":"2025-06-01T22:07:38","slug":"pit-bull-jacket-seacoast-ii-black","status":"publish","type":"product","link":"https:\/\/muscleforge.nl\/pl\/produkt\/pit-bull-jacket-seacoast-ii-black\/","title":{"rendered":"PIT BULL JACKET SEACOAST II BLACK"},"content":{"rendered":"<h3 class=\"product-single__title\">Kurtka SEACOAST II<\/h3>\n<p>&nbsp;<\/p>\n<p>Kurtka SEACOAST II to jedna z najcieplejszych propozycji od Pitbull West Coast na sezon jesienno-zimowy. Sprawdzi\u0142aby si\u0119 nawet na Alasce, wi\u0119c spokojnie przetrwasz w niej polsk\u0105 zim\u0119!<br \/>\nKurtk\u0119 wyr\u00f3\u017cnia szeroki kaptur oraz wysoki ko\u0142nierz z wszytym zamkiem b\u0142yskawicznym i \u015bci\u0105gaczami. Jest ocieplana, a jej kr\u00f3j pozwala na doskona\u0142e dopasowanie jej do sylwetki. Nie przepu\u015bci nawet najwi\u0119kszych podmuch\u00f3w mro\u017anego powietrza! Do jej atut\u00f3w nale\u017c\u0105 tak\u017ce du\u017ce kieszenie, tak\u017ce ukryte wewn\u0105trz.<\/p>\n<p>&nbsp;<\/p>\n<div class=\"sizetable__main__content\">\u00a0<img loading=\"lazy\" decoding=\"async\" class=\"alignnone wp-image-32979 size-full\" src=\"https:\/\/muscleforge.nl\/wp-content\/uploads\/2020\/11\/PIT-BULL-JACKET-SEACOAST-II-BLUE9.png\" alt=\"\" width=\"661\" height=\"715\" srcset=\"https:\/\/muscleforge.nl\/wp-content\/uploads\/2020\/11\/PIT-BULL-JACKET-SEACOAST-II-BLUE9.png 661w, https:\/\/muscleforge.nl\/wp-content\/uploads\/2020\/11\/PIT-BULL-JACKET-SEACOAST-II-BLUE9-277x300.png 277w, https:\/\/muscleforge.nl\/wp-content\/uploads\/2020\/11\/PIT-BULL-JACKET-SEACOAST-II-BLUE9-580x627.png 580w, https:\/\/muscleforge.nl\/wp-content\/uploads\/2020\/11\/PIT-BULL-JACKET-SEACOAST-II-BLUE9-600x649.png 600w\" sizes=\"auto, (max-width: 661px) 100vw, 661px\" \/><\/div>\n<div class=\"sizetable__main__content\"><img loading=\"lazy\" decoding=\"async\" class=\"alignnone wp-image-32976 size-full\" src=\"https:\/\/muscleforge.nl\/wp-content\/uploads\/2020\/11\/PIT-BULL-JACKET-SEACOAST-II-BLUE0.png\" alt=\"\" width=\"830\" height=\"436\" srcset=\"https:\/\/muscleforge.nl\/wp-content\/uploads\/2020\/11\/PIT-BULL-JACKET-SEACOAST-II-BLUE0.png 830w, https:\/\/muscleforge.nl\/wp-content\/uploads\/2020\/11\/PIT-BULL-JACKET-SEACOAST-II-BLUE0-300x158.png 300w, https:\/\/muscleforge.nl\/wp-content\/uploads\/2020\/11\/PIT-BULL-JACKET-SEACOAST-II-BLUE0-768x403.png 768w, https:\/\/muscleforge.nl\/wp-content\/uploads\/2020\/11\/PIT-BULL-JACKET-SEACOAST-II-BLUE0-580x305.png 580w, https:\/\/muscleforge.nl\/wp-content\/uploads\/2020\/11\/PIT-BULL-JACKET-SEACOAST-II-BLUE0-600x315.png 600w\" sizes=\"auto, (max-width: 830px) 100vw, 830px\" \/><\/div>\n","protected":false},"excerpt":{"rendered":"<p>Kurtka SEACOAST II &nbsp; Kurtka SEACOAST II to jedna z najcieplejszych propozycji od Pitbull West Coast na sezon jesienno-zimowy. Sprawdzi\u0142aby si\u0119 nawet na Alasce, wi\u0119c spokojnie przetrwasz w niej polsk\u0105 zim\u0119! Kurtk\u0119 wyr\u00f3\u017cnia szeroki kaptur oraz wysoki ko\u0142nierz z wszytym zamkiem b\u0142yskawicznym i \u015bci\u0105gaczami. Jest ocieplana, a jej kr\u00f3j pozwala na doskona\u0142e dopasowanie jej do&#8230;<\/p>\n","protected":false},"featured_media":41865,"comment_status":"open","ping_status":"closed","template":"","meta":[],"product_brand":[],"product_cat":[798,799,800,804,806],"product_tag":[],"class_list":{"0":"post-41914","1":"product","2":"type-product","3":"status-publish","4":"has-post-thumbnail","6":"product_cat-odziez","7":"product_cat-dla-mezczyzn","8":"product_cat-promocja","9":"product_cat-kurtki","10":"product_cat-kurtki-zimowe","12":"first","13":"instock","14":"sale","15":"taxable","16":"shipping-taxable","17":"purchasable","18":"product-type-variable"},"_links":{"self":[{"href":"https:\/\/muscleforge.nl\/pl\/wp-json\/wp\/v2\/product\/41914","targetHints":{"allow":["GET"]}}],"collection":[{"href":"https:\/\/muscleforge.nl\/pl\/wp-json\/wp\/v2\/product"}],"about":[{"href":"https:\/\/muscleforge.nl\/pl\/wp-json\/wp\/v2\/types\/product"}],"replies":[{"embeddable":true,"href":"https:\/\/muscleforge.nl\/pl\/wp-json\/wp\/v2\/comments?post=41914"}],"wp:featuredmedia":[{"embeddable":true,"href":"https:\/\/muscleforge.nl\/pl\/wp-json\/wp\/v2\/media\/41865"}],"wp:attachment":[{"href":"https:\/\/muscleforge.nl\/pl\/wp-json\/wp\/v2\/media?parent=41914"}],"wp:term":[{"taxonomy":"product_brand","embeddable":true,"href":"https:\/\/muscleforge.nl\/pl\/wp-json\/wp\/v2\/product_brand?post=41914"},{"taxonomy":"product_cat","embeddable":true,"href":"https:\/\/muscleforge.nl\/pl\/wp-json\/wp\/v2\/product_cat?post=41914"},{"taxonomy":"product_tag","embeddable":true,"href":"https:\/\/muscleforge.nl\/pl\/wp-json\/wp\/v2\/product_tag?post=41914"}],"curies":[{"name":"wp","href":"https:\/\/api.w.org\/{rel}","templated":true}]}}