{"id":41951,"date":"2023-11-11T14:50:10","date_gmt":"2023-11-11T13:50:10","guid":{"rendered":"https:\/\/muscleforge.nl\/product\/pit-bull-mens-jacket-topside-2-olive\/"},"modified":"2025-10-27T17:05:25","modified_gmt":"2025-10-27T16:05:25","slug":"pit-bull-mens-jacket-topside-2-olive","status":"publish","type":"product","link":"https:\/\/muscleforge.nl\/pl\/produkt\/pit-bull-mens-jacket-topside-2-olive\/","title":{"rendered":"PIT BULL MENS JACKET TOPSIDE 2 OLIVE"},"content":{"rendered":"<div class=\" product-block product-block--title product-block--first \">\n<h1 class=\"product_name\">JACKET TOPSIDE II<\/h1>\n<p>&nbsp;<\/p>\n<\/div>\n<div>\n<p><strong>Zimowa kurtka m\u0119ska z najnowszej kolekcji firmy PIT BULL WEST COAST \u2013 Topside<\/strong><\/p>\n<p>&#8211; kr\u00f3tszy fason typu bomber<br \/>\n&#8211; pikowana i wykonana z wysokiej jako\u015bci nylonowej tkaniny odpornej na wiatr, deszcz oraz \u015bnieg<br \/>\n&#8211; podszyta poliestrow\u0105 podszewk\u0105 pod kt\u00f3r\u0105 znajduj\u0119 si\u0119 warstwa ocieplaj\u0105ca<br \/>\n&#8211; ocieplany zintegrowany kaptur z wewn\u0119trzn\u0105 regulacj\u0105 gumo-sznurkiem ze stoperami<br \/>\n&#8211; wysoka st\u00f3jka chroni\u0105ca przed zimnem<br \/>\n&#8211; dwie boczne kieszenie zamykane na zatrzaski<br \/>\n&#8211; dodatkowa kiesze\u0144 na lewym r\u0119kawie na zamek<br \/>\n&#8211; praktyczna kiesze\u0144 wewn\u0105trz kurtki<br \/>\n&#8211; wszystkie zamki s\u0105 metalowe i posiadaj\u0105 sk\u00f3rzane zawieszki u\u0142atwiaj\u0105ce rozpinanie<br \/>\n&#8211; \u017cebrowane dzianinowe \u015bci\u0105gacze na r\u0119kawach oraz u do\u0142u kurtki<br \/>\n&#8211; nadruk na lewym r\u0119kawie<br \/>\n&#8211; sk\u0142ad materia\u0142u zewn\u0119trznego: 100% nylon \/ podszewka oraz wype\u0142nienie: 100% poliester<\/p>\n<\/div>\n<div class=\" product-block product-block--description \">\n<div class=\"description\">\n<p>&nbsp;<\/p>\n<p><img loading=\"lazy\" decoding=\"async\" class=\"alignnone wp-image-41940 size-full\" src=\"https:\/\/muscleforge.nl\/wp-content\/uploads\/2023\/11\/Zrzut-ekranu-2023-05-11-124957.jpg\" alt=\"\" width=\"572\" height=\"545\" srcset=\"https:\/\/muscleforge.nl\/wp-content\/uploads\/2023\/11\/Zrzut-ekranu-2023-05-11-124957.jpg 572w, https:\/\/muscleforge.nl\/wp-content\/uploads\/2023\/11\/Zrzut-ekranu-2023-05-11-124957-300x286.jpg 300w\" sizes=\"auto, (max-width: 572px) 100vw, 572px\" \/><\/p>\n<p><img loading=\"lazy\" decoding=\"async\" class=\"alignnone wp-image-41943 size-full\" src=\"https:\/\/muscleforge.nl\/wp-content\/uploads\/2023\/11\/PIT-BULL-MENS-JACKET-TOPSIDE-2-OLIVE9.jpg\" alt=\"\" width=\"610\" height=\"292\" srcset=\"https:\/\/muscleforge.nl\/wp-content\/uploads\/2023\/11\/PIT-BULL-MENS-JACKET-TOPSIDE-2-OLIVE9.jpg 610w, https:\/\/muscleforge.nl\/wp-content\/uploads\/2023\/11\/PIT-BULL-MENS-JACKET-TOPSIDE-2-OLIVE9-300x144.jpg 300w, https:\/\/muscleforge.nl\/wp-content\/uploads\/2023\/11\/PIT-BULL-MENS-JACKET-TOPSIDE-2-OLIVE9-580x278.jpg 580w, https:\/\/muscleforge.nl\/wp-content\/uploads\/2023\/11\/PIT-BULL-MENS-JACKET-TOPSIDE-2-OLIVE9-600x287.jpg 600w\" sizes=\"auto, (max-width: 610px) 100vw, 610px\" \/><\/p>\n<\/div>\n<\/div>\n","protected":false},"excerpt":{"rendered":"<p>JACKET TOPSIDE II &nbsp; Zimowa kurtka m\u0119ska z najnowszej kolekcji firmy PIT BULL WEST COAST \u2013 Topside &#8211; kr\u00f3tszy fason typu bomber &#8211; pikowana i wykonana z wysokiej jako\u015bci nylonowej tkaniny odpornej na wiatr, deszcz oraz \u015bnieg &#8211; podszyta poliestrow\u0105 podszewk\u0105 pod kt\u00f3r\u0105 znajduj\u0119 si\u0119 warstwa ocieplaj\u0105ca &#8211; ocieplany zintegrowany kaptur z wewn\u0119trzn\u0105 regulacj\u0105 gumo-sznurkiem&#8230;<\/p>\n","protected":false},"featured_media":41936,"comment_status":"open","ping_status":"closed","template":"","meta":[],"product_brand":[],"product_cat":[798,799,800,804,806],"product_tag":[],"class_list":{"0":"post-41951","1":"product","2":"type-product","3":"status-publish","4":"has-post-thumbnail","6":"product_cat-odziez","7":"product_cat-dla-mezczyzn","8":"product_cat-promocja","9":"product_cat-kurtki","10":"product_cat-kurtki-zimowe","12":"first","13":"instock","14":"sale","15":"taxable","16":"shipping-taxable","17":"purchasable","18":"product-type-variable"},"_links":{"self":[{"href":"https:\/\/muscleforge.nl\/pl\/wp-json\/wp\/v2\/product\/41951","targetHints":{"allow":["GET"]}}],"collection":[{"href":"https:\/\/muscleforge.nl\/pl\/wp-json\/wp\/v2\/product"}],"about":[{"href":"https:\/\/muscleforge.nl\/pl\/wp-json\/wp\/v2\/types\/product"}],"replies":[{"embeddable":true,"href":"https:\/\/muscleforge.nl\/pl\/wp-json\/wp\/v2\/comments?post=41951"}],"wp:featuredmedia":[{"embeddable":true,"href":"https:\/\/muscleforge.nl\/pl\/wp-json\/wp\/v2\/media\/41936"}],"wp:attachment":[{"href":"https:\/\/muscleforge.nl\/pl\/wp-json\/wp\/v2\/media?parent=41951"}],"wp:term":[{"taxonomy":"product_brand","embeddable":true,"href":"https:\/\/muscleforge.nl\/pl\/wp-json\/wp\/v2\/product_brand?post=41951"},{"taxonomy":"product_cat","embeddable":true,"href":"https:\/\/muscleforge.nl\/pl\/wp-json\/wp\/v2\/product_cat?post=41951"},{"taxonomy":"product_tag","embeddable":true,"href":"https:\/\/muscleforge.nl\/pl\/wp-json\/wp\/v2\/product_tag?post=41951"}],"curies":[{"name":"wp","href":"https:\/\/api.w.org\/{rel}","templated":true}]}}