{"id":41992,"date":"2023-11-11T16:04:35","date_gmt":"2023-11-11T15:04:35","guid":{"rendered":"https:\/\/muscleforge.nl\/product\/pit-bull-tyrian-2-varsity-jacket-black\/"},"modified":"2025-06-02T00:07:36","modified_gmt":"2025-06-01T22:07:36","slug":"pit-bull-tyrian-2-varsity-jacket-black","status":"publish","type":"product","link":"https:\/\/muscleforge.nl\/pl\/produkt\/pit-bull-tyrian-2-varsity-jacket-black\/","title":{"rendered":"PIT BULL Tyrian 2 Varsity Jacket BLACK"},"content":{"rendered":"<div class=\" product-block product-block--title product-block--first \">\n<h1 class=\"product_name\">JACKET TYRIAN<\/h1>\n<p>Kurtka przej\u015bciowa m\u0119ska z kolekcji firmy PIT BULL WEST COAST \u2013 Tyrian II<\/p>\n<p>&#8211; sportowy fason typu bejsbol\u00f3wka<br \/>\n&#8211; wykonana z wysokiej jako\u015bci grubszej tkaniny nylonowej<br \/>\n&#8211; podszyta bawe\u0142nian\u0105 dzianin\u0105 w szarym melan\u017cowym odcieniu<br \/>\n&#8211; dwie boczne wszyte kieszenie zapinane na zatrzaski<br \/>\n&#8211; zapinana na metalowy zamek dodatkowo przykryty zak\u0142adk\u0105 zapinan\u0105 na zatrzaski<br \/>\n&#8211; praktyczna kiesze\u0144 wewn\u0105trz kurtki<br \/>\n&#8211; \u017cebrowane \u015bci\u0105gacze na r\u0119kawach i u do\u0142u kurtki<br \/>\n&#8211; dzianinowy \u017cebrowany ko\u0142nierz<br \/>\n&#8211; du\u017cy naszyty napis PITBULL na klatce piersiowej<br \/>\n&#8211; okr\u0105g\u0142a wyszywana naszywka na lewym r\u0119kawie<br \/>\n&#8211; wyszywane napisy na prawym r\u0119kawie<br \/>\n&#8211; efektowne kontrastowe wyko\u0144czenie, bogata w detale<br \/>\n&#8211; sk\u0142ad materia\u0142u: na zewn\u0105trz \u2013 100% nylon \/ podszewka \u2013 100% bawe\u0142na<\/p>\n<\/div>\n<div class=\" product-block product-block--description \">\n<div class=\"description\">\n<p><img loading=\"lazy\" decoding=\"async\" class=\"alignnone wp-image-49001 size-full\" src=\"https:\/\/muscleforge.nl\/wp-content\/uploads\/2023\/11\/Zrzut-ekranu-2023-11-11-150312-2.jpg\" alt=\"\" width=\"490\" height=\"512\" srcset=\"https:\/\/muscleforge.nl\/wp-content\/uploads\/2023\/11\/Zrzut-ekranu-2023-11-11-150312-2.jpg 490w, https:\/\/muscleforge.nl\/wp-content\/uploads\/2023\/11\/Zrzut-ekranu-2023-11-11-150312-2-287x300.jpg 287w\" sizes=\"auto, (max-width: 490px) 100vw, 490px\" \/><\/p>\n<\/div>\n<p><img loading=\"lazy\" decoding=\"async\" class=\"alignnone wp-image-49004 size-full\" src=\"https:\/\/muscleforge.nl\/wp-content\/uploads\/2023\/11\/PIT-BULL-Tyrian-2-Varsity-Jacket-BLACK9.jpg\" alt=\"\" width=\"605\" height=\"294\" srcset=\"https:\/\/muscleforge.nl\/wp-content\/uploads\/2023\/11\/PIT-BULL-Tyrian-2-Varsity-Jacket-BLACK9.jpg 605w, https:\/\/muscleforge.nl\/wp-content\/uploads\/2023\/11\/PIT-BULL-Tyrian-2-Varsity-Jacket-BLACK9-300x146.jpg 300w, https:\/\/muscleforge.nl\/wp-content\/uploads\/2023\/11\/PIT-BULL-Tyrian-2-Varsity-Jacket-BLACK9-580x282.jpg 580w, https:\/\/muscleforge.nl\/wp-content\/uploads\/2023\/11\/PIT-BULL-Tyrian-2-Varsity-Jacket-BLACK9-600x292.jpg 600w\" sizes=\"auto, (max-width: 605px) 100vw, 605px\" \/><\/p>\n<\/div>\n","protected":false},"excerpt":{"rendered":"<p>JACKET TYRIAN Kurtka przej\u015bciowa m\u0119ska z kolekcji firmy PIT BULL WEST COAST \u2013 Tyrian II &#8211; sportowy fason typu bejsbol\u00f3wka &#8211; wykonana z wysokiej jako\u015bci grubszej tkaniny nylonowej &#8211; podszyta bawe\u0142nian\u0105 dzianin\u0105 w szarym melan\u017cowym odcieniu &#8211; dwie boczne wszyte kieszenie zapinane na zatrzaski &#8211; zapinana na metalowy zamek dodatkowo przykryty zak\u0142adk\u0105 zapinan\u0105 na zatrzaski&#8230;<\/p>\n","protected":false},"featured_media":41985,"comment_status":"open","ping_status":"closed","template":"","meta":[],"product_brand":[],"product_cat":[798,799,800,804,805,806],"product_tag":[],"class_list":{"0":"post-41992","1":"product","2":"type-product","3":"status-publish","4":"has-post-thumbnail","6":"product_cat-odziez","7":"product_cat-dla-mezczyzn","8":"product_cat-promocja","9":"product_cat-kurtki","10":"product_cat-kurtki-letnie","11":"product_cat-kurtki-zimowe","13":"first","14":"instock","15":"sale","16":"taxable","17":"shipping-taxable","18":"purchasable","19":"product-type-variable"},"_links":{"self":[{"href":"https:\/\/muscleforge.nl\/pl\/wp-json\/wp\/v2\/product\/41992","targetHints":{"allow":["GET"]}}],"collection":[{"href":"https:\/\/muscleforge.nl\/pl\/wp-json\/wp\/v2\/product"}],"about":[{"href":"https:\/\/muscleforge.nl\/pl\/wp-json\/wp\/v2\/types\/product"}],"replies":[{"embeddable":true,"href":"https:\/\/muscleforge.nl\/pl\/wp-json\/wp\/v2\/comments?post=41992"}],"wp:featuredmedia":[{"embeddable":true,"href":"https:\/\/muscleforge.nl\/pl\/wp-json\/wp\/v2\/media\/41985"}],"wp:attachment":[{"href":"https:\/\/muscleforge.nl\/pl\/wp-json\/wp\/v2\/media?parent=41992"}],"wp:term":[{"taxonomy":"product_brand","embeddable":true,"href":"https:\/\/muscleforge.nl\/pl\/wp-json\/wp\/v2\/product_brand?post=41992"},{"taxonomy":"product_cat","embeddable":true,"href":"https:\/\/muscleforge.nl\/pl\/wp-json\/wp\/v2\/product_cat?post=41992"},{"taxonomy":"product_tag","embeddable":true,"href":"https:\/\/muscleforge.nl\/pl\/wp-json\/wp\/v2\/product_tag?post=41992"}],"curies":[{"name":"wp","href":"https:\/\/api.w.org\/{rel}","templated":true}]}}