{"id":41996,"date":"2023-11-11T15:06:59","date_gmt":"2023-11-11T14:06:59","guid":{"rendered":"https:\/\/muscleforge.nl\/product\/pit-bull-light-quilted-jacket-granger-dark-navy\/"},"modified":"2025-06-02T00:07:36","modified_gmt":"2025-06-01T22:07:36","slug":"pit-bull-light-quilted-jacket-granger-dark-navy","status":"publish","type":"product","link":"https:\/\/muscleforge.nl\/pl\/produkt\/pit-bull-light-quilted-jacket-granger-dark-navy\/","title":{"rendered":"PIT BULL Light Quilted Jacket GRANGER Dark Navy"},"content":{"rendered":"<div class=\" product-block product-block--title product-block--first \">\n<h1 class=\"product_name\">JACKET GRANGER DARK NAVY<\/h1>\n<p>&nbsp;<\/p>\n<\/div>\n<div class=\" product-block product-block--description \">\n<div class=\"description\">\n<div>\n<p><strong>Przej\u015bciowa kurtka m\u0119ska z kolekcji jesie\u0144 \/ zima firmy PIT BULL WEST COAST \u2013 Granger<\/strong><\/p>\n<p>&#8211; klasyczny regularny fason do bioder<br \/>\n&#8211; pikowana i wykonana z wysokiej jako\u015bci mi\u0119kkiej nylonowej tkaniny odpornej na wiatr, deszcz i \u015bnieg<br \/>\n&#8211; poliestrowa podszewka pod kt\u00f3r\u0105 znajduje si\u0119 warstwa ocieplaj\u0105ca<br \/>\n&#8211; \u017cebrowane \u015bci\u0105gacze na r\u0119kawach oraz u do\u0142u kurtki<br \/>\n&#8211; wysoka st\u00f3jka chroni\u0105ca przed zimnem<br \/>\n&#8211; dwie du\u017ce boczne kieszenie zamykane na zamki<br \/>\n&#8211; praktyczna kiesze\u0144 wewn\u0105trz kurtki zapinana na guzik<br \/>\n&#8211; wszystkie zamki posiadaj\u0105 zawieszki u\u0142atwiaj\u0105ce rozpinanie<br \/>\n&#8211; nadrukowany ma\u0142y napis Pit Bull na klatce piersiowej<br \/>\n&#8211; ma\u0142a silikonowa naszywka na lewym r\u0119kawie<br \/>\n&#8211; ca\u0142o\u015b\u0107 bogata w detale<br \/>\n&#8211; sk\u0142ad materia\u0142u: na zewn\u0105trz \u2013 100% nylon \/ podszewka i wype\u0142nienie \u2013 100% poliester<\/p>\n<\/div>\n<p><img loading=\"lazy\" decoding=\"async\" class=\"alignnone wp-image-41965 size-full\" src=\"https:\/\/muscleforge.nl\/wp-content\/uploads\/2023\/11\/Zrzut-ekranu-2023-11-11-150312.jpg\" alt=\"\" width=\"490\" height=\"512\" srcset=\"https:\/\/muscleforge.nl\/wp-content\/uploads\/2023\/11\/Zrzut-ekranu-2023-11-11-150312.jpg 490w, https:\/\/muscleforge.nl\/wp-content\/uploads\/2023\/11\/Zrzut-ekranu-2023-11-11-150312-287x300.jpg 287w\" sizes=\"auto, (max-width: 490px) 100vw, 490px\" \/><\/p>\n<p><img loading=\"lazy\" decoding=\"async\" class=\"alignnone wp-image-41968 size-full\" src=\"https:\/\/muscleforge.nl\/wp-content\/uploads\/2023\/11\/PIT-BULL-Light-Quilted-Jacket-GRANGER-Dark-Navy9.jpg\" alt=\"\" width=\"609\" height=\"288\" srcset=\"https:\/\/muscleforge.nl\/wp-content\/uploads\/2023\/11\/PIT-BULL-Light-Quilted-Jacket-GRANGER-Dark-Navy9.jpg 609w, https:\/\/muscleforge.nl\/wp-content\/uploads\/2023\/11\/PIT-BULL-Light-Quilted-Jacket-GRANGER-Dark-Navy9-300x142.jpg 300w, https:\/\/muscleforge.nl\/wp-content\/uploads\/2023\/11\/PIT-BULL-Light-Quilted-Jacket-GRANGER-Dark-Navy9-580x274.jpg 580w, https:\/\/muscleforge.nl\/wp-content\/uploads\/2023\/11\/PIT-BULL-Light-Quilted-Jacket-GRANGER-Dark-Navy9-600x284.jpg 600w\" sizes=\"auto, (max-width: 609px) 100vw, 609px\" \/><\/p>\n<\/div>\n<\/div>\n","protected":false},"excerpt":{"rendered":"<p>JACKET GRANGER DARK NAVY &nbsp; Przej\u015bciowa kurtka m\u0119ska z kolekcji jesie\u0144 \/ zima firmy PIT BULL WEST COAST \u2013 Granger &#8211; klasyczny regularny fason do bioder &#8211; pikowana i wykonana z wysokiej jako\u015bci mi\u0119kkiej nylonowej tkaniny odpornej na wiatr, deszcz i \u015bnieg &#8211; poliestrowa podszewka pod kt\u00f3r\u0105 znajduje si\u0119 warstwa ocieplaj\u0105ca &#8211; \u017cebrowane \u015bci\u0105gacze na&#8230;<\/p>\n","protected":false},"featured_media":41960,"comment_status":"open","ping_status":"closed","template":"","meta":[],"product_brand":[],"product_cat":[798,799,800,804,806],"product_tag":[],"class_list":{"0":"post-41996","1":"product","2":"type-product","3":"status-publish","4":"has-post-thumbnail","6":"product_cat-odziez","7":"product_cat-dla-mezczyzn","8":"product_cat-promocja","9":"product_cat-kurtki","10":"product_cat-kurtki-zimowe","12":"first","13":"instock","14":"sale","15":"taxable","16":"shipping-taxable","17":"purchasable","18":"product-type-variable"},"_links":{"self":[{"href":"https:\/\/muscleforge.nl\/pl\/wp-json\/wp\/v2\/product\/41996","targetHints":{"allow":["GET"]}}],"collection":[{"href":"https:\/\/muscleforge.nl\/pl\/wp-json\/wp\/v2\/product"}],"about":[{"href":"https:\/\/muscleforge.nl\/pl\/wp-json\/wp\/v2\/types\/product"}],"replies":[{"embeddable":true,"href":"https:\/\/muscleforge.nl\/pl\/wp-json\/wp\/v2\/comments?post=41996"}],"wp:featuredmedia":[{"embeddable":true,"href":"https:\/\/muscleforge.nl\/pl\/wp-json\/wp\/v2\/media\/41960"}],"wp:attachment":[{"href":"https:\/\/muscleforge.nl\/pl\/wp-json\/wp\/v2\/media?parent=41996"}],"wp:term":[{"taxonomy":"product_brand","embeddable":true,"href":"https:\/\/muscleforge.nl\/pl\/wp-json\/wp\/v2\/product_brand?post=41996"},{"taxonomy":"product_cat","embeddable":true,"href":"https:\/\/muscleforge.nl\/pl\/wp-json\/wp\/v2\/product_cat?post=41996"},{"taxonomy":"product_tag","embeddable":true,"href":"https:\/\/muscleforge.nl\/pl\/wp-json\/wp\/v2\/product_tag?post=41996"}],"curies":[{"name":"wp","href":"https:\/\/api.w.org\/{rel}","templated":true}]}}