{"id":42023,"date":"2023-11-13T14:23:07","date_gmt":"2023-11-13T13:23:07","guid":{"rendered":"https:\/\/muscleforge.nl\/product\/pit-bull-hooded-born-in-1989-black\/"},"modified":"2025-06-02T00:07:35","modified_gmt":"2025-06-01T22:07:35","slug":"pit-bull-hooded-born-in-1989-black","status":"publish","type":"product","link":"https:\/\/muscleforge.nl\/pl\/produkt\/pit-bull-hooded-born-in-1989-black\/","title":{"rendered":"PIT BULL HOODED BORN IN 1989 BLACK"},"content":{"rendered":"<div class=\" product-block product-block--title product-block--first \">\n<h1 class=\"product_name\">BORN IN 1989 BLACK HOODIE<\/h1>\n<p>&nbsp;<\/p>\n<\/div>\n<div class=\" product-block product-block--description \">\n<div class=\"description\">\n<h3>Bluza m\u0119ska z kapturem z najnowszej kolekcji firmy PIT BULL WEST COAST \u2013 Born in 1989<\/h3>\n<p><strong>SERIA REGULAR<\/strong><\/p>\n<p>&#8211; klasyczny fason<br \/>\n&#8211; wykonana z wysokogatunkowej grubej bawe\u0142ny 400 gr\/m2<br \/>\n&#8211; tkanina od wewn\u0119trznej strony jest szczotkowana i przyjemna w dotyku<br \/>\n&#8211; mocne \u017cebrowane \u015bci\u0105gacze na r\u0119kawach oraz u do\u0142u bluzy<br \/>\n&#8211; regulacja kaptura za pomoc\u0105 szerokiego sznurka z metalowym wyko\u0144czeniem<br \/>\n&#8211; od wewn\u0119trznej strony lam\u00f3wka przy karku chroni\u0105ca przed otarciami<br \/>\n&#8211; du\u017cy nadruk na plecach oraz mniejszy na klatce piersiowej<br \/>\n&#8211; silikonowa naszywka z logo marki Pit Bull na lewym r\u0119kawie<br \/>\n&#8211; du\u017ca przednia kiesze\u0144 typu kangurka<br \/>\n&#8211; wszystkie nadruki wykonane s\u0105 specjalistyczn\u0105 technologi\u0105 sitodruku przez co s\u0105 bardzo trwa\u0142e<br \/>\n&#8211; sk\u0142ad materia\u0142u: 80% bawe\u0142na \/ 20% poliester<\/p>\n<p><img loading=\"lazy\" decoding=\"async\" class=\"alignnone wp-image-41940 size-full\" src=\"https:\/\/muscleforge.nl\/wp-content\/uploads\/2023\/11\/Zrzut-ekranu-2023-05-11-124957.jpg\" alt=\"\" width=\"572\" height=\"545\" srcset=\"https:\/\/muscleforge.nl\/wp-content\/uploads\/2023\/11\/Zrzut-ekranu-2023-05-11-124957.jpg 572w, https:\/\/muscleforge.nl\/wp-content\/uploads\/2023\/11\/Zrzut-ekranu-2023-05-11-124957-300x286.jpg 300w\" sizes=\"auto, (max-width: 572px) 100vw, 572px\" \/><\/p>\n<h1 class=\"product_name\"><img loading=\"lazy\" decoding=\"async\" class=\"alignnone wp-image-42019 size-full\" src=\"https:\/\/muscleforge.nl\/wp-content\/uploads\/2023\/11\/PIT-BULL-HOODED-BORN-IN-1989-BLACK9.jpg\" alt=\"\" width=\"608\" height=\"286\" srcset=\"https:\/\/muscleforge.nl\/wp-content\/uploads\/2023\/11\/PIT-BULL-HOODED-BORN-IN-1989-BLACK9.jpg 608w, https:\/\/muscleforge.nl\/wp-content\/uploads\/2023\/11\/PIT-BULL-HOODED-BORN-IN-1989-BLACK9-300x141.jpg 300w, https:\/\/muscleforge.nl\/wp-content\/uploads\/2023\/11\/PIT-BULL-HOODED-BORN-IN-1989-BLACK9-580x273.jpg 580w, https:\/\/muscleforge.nl\/wp-content\/uploads\/2023\/11\/PIT-BULL-HOODED-BORN-IN-1989-BLACK9-600x282.jpg 600w\" sizes=\"auto, (max-width: 608px) 100vw, 608px\" \/><\/h1>\n<\/div>\n<\/div>\n","protected":false},"excerpt":{"rendered":"<p>BORN IN 1989 BLACK HOODIE &nbsp; Bluza m\u0119ska z kapturem z najnowszej kolekcji firmy PIT BULL WEST COAST \u2013 Born in 1989 SERIA REGULAR &#8211; klasyczny fason &#8211; wykonana z wysokogatunkowej grubej bawe\u0142ny 400 gr\/m2 &#8211; tkanina od wewn\u0119trznej strony jest szczotkowana i przyjemna w dotyku &#8211; mocne \u017cebrowane \u015bci\u0105gacze na r\u0119kawach oraz u do\u0142u&#8230;<\/p>\n","protected":false},"featured_media":42012,"comment_status":"open","ping_status":"closed","template":"","meta":[],"product_brand":[],"product_cat":[798,799,800,814,891],"product_tag":[],"class_list":{"0":"post-42023","1":"product","2":"type-product","3":"status-publish","4":"has-post-thumbnail","6":"product_cat-odziez","7":"product_cat-dla-mezczyzn","8":"product_cat-promocja","9":"product_cat-bez-kaptura","10":"product_cat-z-kapturem-pl-2","12":"first","13":"instock","14":"sale","15":"taxable","16":"shipping-taxable","17":"purchasable","18":"product-type-variable"},"_links":{"self":[{"href":"https:\/\/muscleforge.nl\/pl\/wp-json\/wp\/v2\/product\/42023","targetHints":{"allow":["GET"]}}],"collection":[{"href":"https:\/\/muscleforge.nl\/pl\/wp-json\/wp\/v2\/product"}],"about":[{"href":"https:\/\/muscleforge.nl\/pl\/wp-json\/wp\/v2\/types\/product"}],"replies":[{"embeddable":true,"href":"https:\/\/muscleforge.nl\/pl\/wp-json\/wp\/v2\/comments?post=42023"}],"wp:featuredmedia":[{"embeddable":true,"href":"https:\/\/muscleforge.nl\/pl\/wp-json\/wp\/v2\/media\/42012"}],"wp:attachment":[{"href":"https:\/\/muscleforge.nl\/pl\/wp-json\/wp\/v2\/media?parent=42023"}],"wp:term":[{"taxonomy":"product_brand","embeddable":true,"href":"https:\/\/muscleforge.nl\/pl\/wp-json\/wp\/v2\/product_brand?post=42023"},{"taxonomy":"product_cat","embeddable":true,"href":"https:\/\/muscleforge.nl\/pl\/wp-json\/wp\/v2\/product_cat?post=42023"},{"taxonomy":"product_tag","embeddable":true,"href":"https:\/\/muscleforge.nl\/pl\/wp-json\/wp\/v2\/product_tag?post=42023"}],"curies":[{"name":"wp","href":"https:\/\/api.w.org\/{rel}","templated":true}]}}