{"id":42089,"date":"2023-11-13T15:44:45","date_gmt":"2023-11-13T14:44:45","guid":{"rendered":"https:\/\/muscleforge.nl\/product\/pit-bull-t-shirt-oceanside-dark-navy\/"},"modified":"2025-06-02T00:07:34","modified_gmt":"2025-06-01T22:07:34","slug":"pit-bull-t-shirt-oceanside-dark-navy","status":"publish","type":"product","link":"https:\/\/muscleforge.nl\/pl\/produkt\/pit-bull-t-shirt-oceanside-dark-navy\/","title":{"rendered":"PIT BULL T-SHIRT OCEANSIDE DARK NAVY"},"content":{"rendered":"<h3>Koszulka m\u0119ska z kolekcji wiosna \/ lato 2023 firmy PIT BULL WEST COAST \u2013 Oceanside<\/h3>\n<p>SERIA MIDDLE WEIGHT 190 DENIM WASHED<\/p>\n<p>&#8211; klasyczny regularny fason z okr\u0105g\u0142ym dekoltem<br \/>\n&#8211; kolor z efektem sprania w stylu vintage<br \/>\n&#8211; T-shirt wykonany z najwy\u017cszej jako\u015bci bawe\u0142ny o gramaturze 190 g\/m2<br \/>\n&#8211; mi\u0119kka lam\u00f3wka od wewn\u0119trznej strony ko\u0142nierza chroni\u0105ca przed otarciami<br \/>\n&#8211; du\u017cy nadruk na plecach<br \/>\n&#8211; ma\u0142y nadruk na piersi<br \/>\n&#8211; du\u017ca tkana naszywka z logo marki PIT BULL WEST COAST u do\u0142u koszulki<br \/>\n&#8211; ma\u0142y wyszywany napis Pitbull Premium na lewym r\u0119kawie<br \/>\n&#8211; sk\u0142ad materia\u0142u: 100% bawe\u0142na<\/p>\n<p>&nbsp;<\/p>\n<p><img loading=\"lazy\" decoding=\"async\" class=\"alignnone wp-image-42082 size-full\" src=\"https:\/\/muscleforge.nl\/wp-content\/uploads\/2023\/11\/T-shirt-2.png\" alt=\"\" width=\"504\" height=\"444\" srcset=\"https:\/\/muscleforge.nl\/wp-content\/uploads\/2023\/11\/T-shirt-2.png 504w, https:\/\/muscleforge.nl\/wp-content\/uploads\/2023\/11\/T-shirt-2-300x264.png 300w\" sizes=\"auto, (max-width: 504px) 100vw, 504px\" \/><\/p>\n<p><img loading=\"lazy\" decoding=\"async\" class=\"alignnone wp-image-42085 size-full\" src=\"https:\/\/muscleforge.nl\/wp-content\/uploads\/2023\/11\/PIT-BULL-T-SHIRT-OCEANSIDE-DARK-NAVY9.jpg\" alt=\"\" width=\"609\" height=\"289\" srcset=\"https:\/\/muscleforge.nl\/wp-content\/uploads\/2023\/11\/PIT-BULL-T-SHIRT-OCEANSIDE-DARK-NAVY9.jpg 609w, https:\/\/muscleforge.nl\/wp-content\/uploads\/2023\/11\/PIT-BULL-T-SHIRT-OCEANSIDE-DARK-NAVY9-300x142.jpg 300w, https:\/\/muscleforge.nl\/wp-content\/uploads\/2023\/11\/PIT-BULL-T-SHIRT-OCEANSIDE-DARK-NAVY9-580x275.jpg 580w, https:\/\/muscleforge.nl\/wp-content\/uploads\/2023\/11\/PIT-BULL-T-SHIRT-OCEANSIDE-DARK-NAVY9-600x285.jpg 600w\" sizes=\"auto, (max-width: 609px) 100vw, 609px\" \/><\/p>\n","protected":false},"excerpt":{"rendered":"<p>Koszulka m\u0119ska z kolekcji wiosna \/ lato 2023 firmy PIT BULL WEST COAST \u2013 Oceanside SERIA MIDDLE WEIGHT 190 DENIM WASHED &#8211; klasyczny regularny fason z okr\u0105g\u0142ym dekoltem &#8211; kolor z efektem sprania w stylu vintage &#8211; T-shirt wykonany z najwy\u017cszej jako\u015bci bawe\u0142ny o gramaturze 190 g\/m2 &#8211; mi\u0119kka lam\u00f3wka od wewn\u0119trznej strony ko\u0142nierza chroni\u0105ca&#8230;<\/p>\n","protected":false},"featured_media":42078,"comment_status":"open","ping_status":"closed","template":"","meta":[],"product_brand":[],"product_cat":[798,799,800,809,812],"product_tag":[],"class_list":{"0":"post-42089","1":"product","2":"type-product","3":"status-publish","4":"has-post-thumbnail","6":"product_cat-odziez","7":"product_cat-dla-mezczyzn","8":"product_cat-promocja","9":"product_cat-koszulki","10":"product_cat-t-shirts-pl","12":"first","13":"instock","14":"sale","15":"taxable","16":"shipping-taxable","17":"purchasable","18":"product-type-variable"},"_links":{"self":[{"href":"https:\/\/muscleforge.nl\/pl\/wp-json\/wp\/v2\/product\/42089","targetHints":{"allow":["GET"]}}],"collection":[{"href":"https:\/\/muscleforge.nl\/pl\/wp-json\/wp\/v2\/product"}],"about":[{"href":"https:\/\/muscleforge.nl\/pl\/wp-json\/wp\/v2\/types\/product"}],"replies":[{"embeddable":true,"href":"https:\/\/muscleforge.nl\/pl\/wp-json\/wp\/v2\/comments?post=42089"}],"wp:featuredmedia":[{"embeddable":true,"href":"https:\/\/muscleforge.nl\/pl\/wp-json\/wp\/v2\/media\/42078"}],"wp:attachment":[{"href":"https:\/\/muscleforge.nl\/pl\/wp-json\/wp\/v2\/media?parent=42089"}],"wp:term":[{"taxonomy":"product_brand","embeddable":true,"href":"https:\/\/muscleforge.nl\/pl\/wp-json\/wp\/v2\/product_brand?post=42089"},{"taxonomy":"product_cat","embeddable":true,"href":"https:\/\/muscleforge.nl\/pl\/wp-json\/wp\/v2\/product_cat?post=42089"},{"taxonomy":"product_tag","embeddable":true,"href":"https:\/\/muscleforge.nl\/pl\/wp-json\/wp\/v2\/product_tag?post=42089"}],"curies":[{"name":"wp","href":"https:\/\/api.w.org\/{rel}","templated":true}]}}