{"id":42126,"date":"2023-11-13T16:12:54","date_gmt":"2023-11-13T15:12:54","guid":{"rendered":"https:\/\/muscleforge.nl\/product\/pit-bull-t-shirt-blood-dog-black\/"},"modified":"2025-06-02T00:07:33","modified_gmt":"2025-06-01T22:07:33","slug":"pit-bull-t-shirt-blood-dog-black","status":"publish","type":"product","link":"https:\/\/muscleforge.nl\/pl\/produkt\/pit-bull-t-shirt-blood-dog-black\/","title":{"rendered":"PIT BULL T-SHIRT BLOOD DOG BLACK"},"content":{"rendered":"<div class=\" product-block product-block--title product-block--first \">\n<h1 class=\"product_name\">BLOOD DOG LIGHTWEIGHT BLACK T-SHIRT<\/h1>\n<p>&nbsp;<\/p>\n<\/div>\n<div class=\" product-block product-block--description \">\n<div class=\"description\">\n<h3>Koszulka m\u0119ska z kolekcji wiosna \/ lato 2023 firmy PIT BULL WEST COAST \u2013 Blood Dog<\/h3>\n<p><strong>SERIA MIDDLE WEIGHT 170 BASIC<\/strong><\/p>\n<p>&#8211; klasyczny regularny fason z okr\u0105g\u0142ym dekoltem<br \/>\n&#8211; T-shirt wykonany z najwy\u017cszej jako\u015bci bawe\u0142ny o gramaturze 170 g\/m2<br \/>\n&#8211; mi\u0119kka lam\u00f3wka od wewn\u0119trznej strony ko\u0142nierza chroni\u0105ca przed otarciami<br \/>\n&#8211; nadruk Pitbull na klatce piersiowej<br \/>\n&#8211; du\u017ca tkana naszywka z logo marki PIT BULL WEST COAST u do\u0142u koszulki<br \/>\n&#8211; ma\u0142a tkana naszywka na kraw\u0119dzi lewego r\u0119kawa<br \/>\n&#8211; sk\u0142ad materia\u0142u: 100% bawe\u0142na<\/p>\n<p>&nbsp;<\/p>\n<\/div>\n<\/div>\n<div class=\" product-block product-block--form \">\n<div id=\"product-form-8370868879700\" class=\"product_form init smart-payment-button--true product_form_options is-visible\" data-product-form=\"\" data-money-format=\" \u00a3{{amount}} \" data-shop-currency=\"GBP\" data-options-size=\"1\" data-select-id=\"product-select-8370868879700template--19593730752852__main\" data-enable-state=\"true\" data-product=\"{&quot;id&quot;:8370868879700,&quot;title&quot;:&quot;BLOOD DOG Lightweight Black T-shirt&quot;,&quot;handle&quot;:&quot;blood-dog-lightweight-black-t-shirt&quot;,&quot;description&quot;:&quot;u003culu003enu003cliu003emade of the highest quality cotton with a weight of 170 g\/m2u003c\/liu003enu003cliu003ematerial composition: 100% cottonu003c\/liu003enu003cliu003emachine washableu003c\/liu003enu003c\/ulu003e&quot;,&quot;published_at&quot;:&quot;2023-11-03T09:34:19+01:00&quot;,&quot;created_at&quot;:&quot;2023-04-26T13:15:31+02:00&quot;,&quot;vendor&quot;:&quot;MEN'S T-SHIRTS&quot;,&quot;type&quot;:&quot;TSHIRT&quot;,&quot;tags&quot;:[&quot;3XL&quot;,&quot;Basic&quot;,&quot;Black&quot;,&quot;dost\u0119pny&quot;,&quot;GR 1&quot;,&quot;L&quot;,&quot;lightweight&quot;,&quot;M&quot;,&quot;MEN&quot;,&quot;S&quot;,&quot;Shirts&quot;,&quot;SS 2023&quot;,&quot;T-SHIRTS&quot;,&quot;XL&quot;,&quot;XXL&quot;],&quot;price&quot;:2395,&quot;price_min&quot;:2395,&quot;price_max&quot;:2395,&quot;available&quot;:true,&quot;price_varies&quot;:false,&quot;compare_at_price&quot;:2395,&quot;compare_at_price_min&quot;:2395,&quot;compare_at_price_max&quot;:2395,&quot;compare_at_price_varies&quot;:false,&quot;variants&quot;:[{&quot;id&quot;:46519923867988,&quot;title&quot;:&quot;S&quot;,&quot;option1&quot;:&quot;S&quot;,&quot;option2&quot;:null,&quot;option3&quot;:null,&quot;sku&quot;:&quot;213004900001&quot;,&quot;requires_shipping&quot;:true,&quot;taxable&quot;:true,&quot;featured_image&quot;:{&quot;id&quot;:50496490930516,&quot;product_id&quot;:8370868879700,&quot;position&quot;:1,&quot;created_at&quot;:&quot;2023-04-26T13:15:31+02:00&quot;,&quot;updated_at&quot;:&quot;2023-04-26T13:15:31+02:00&quot;,&quot;alt&quot;:&quot;Lekka Koszulka BLOOD DOG Czarna - kup z Pitbull West Coast Oficjalny Sklep &quot;,&quot;width&quot;:1400,&quot;height&quot;:1940,&quot;src&quot;:&quot;\/\/pitbull-store.co.uk\/cdn\/shop\/products\/2130049000T-ShirtBloodDog170Black01small.jpg?v=1682507731&quot;,&quot;variant_ids&quot;:[46519923867988,46519923900756,46519923933524,46519923966292,46519923999060,46519924031828]},&quot;available&quot;:true,&quot;name&quot;:&quot;BLOOD DOG Lightweight Black T-shirt - S&quot;,&quot;public_title&quot;:&quot;S&quot;,&quot;options&quot;:[&quot;S&quot;],&quot;price&quot;:2395,&quot;weight&quot;:350,&quot;compare_at_price&quot;:2395,&quot;inventory_quantity&quot;:2,&quot;inventory_management&quot;:&quot;shopify&quot;,&quot;inventory_policy&quot;:&quot;deny&quot;,&quot;barcode&quot;:null,&quot;featured_media&quot;:{&quot;alt&quot;:&quot;Lekka Koszulka BLOOD DOG Czarna - kup z Pitbull West Coast Oficjalny Sklep &quot;,&quot;id&quot;:43094603104596,&quot;position&quot;:1,&quot;preview_image&quot;:{&quot;aspect_ratio&quot;:0.722,&quot;height&quot;:1940,&quot;width&quot;:1400,&quot;src&quot;:&quot;\/\/pitbull-store.co.uk\/cdn\/shop\/products\/2130049000T-ShirtBloodDog170Black01small.jpg?v=1682507731&quot;}},&quot;requires_selling_plan&quot;:false,&quot;selling_plan_allocations&quot;:[],&quot;quantity_rule&quot;:{&quot;min&quot;:1,&quot;max&quot;:null,&quot;increment&quot;:1}},{&quot;id&quot;:46519923900756,&quot;title&quot;:&quot;M&quot;,&quot;option1&quot;:&quot;M&quot;,&quot;option2&quot;:null,&quot;option3&quot;:null,&quot;sku&quot;:&quot;213004900002&quot;,&quot;requires_shipping&quot;:true,&quot;taxable&quot;:true,&quot;featured_image&quot;:{&quot;id&quot;:50496490930516,&quot;product_id&quot;:8370868879700,&quot;position&quot;:1,&quot;created_at&quot;:&quot;2023-04-26T13:15:31+02:00&quot;,&quot;updated_at&quot;:&quot;2023-04-26T13:15:31+02:00&quot;,&quot;alt&quot;:&quot;Lekka Koszulka BLOOD DOG Czarna - kup z Pitbull West Coast Oficjalny Sklep &quot;,&quot;width&quot;:1400,&quot;height&quot;:1940,&quot;src&quot;:&quot;\/\/pitbull-store.co.uk\/cdn\/shop\/products\/2130049000T-ShirtBloodDog170Black01small.jpg?v=1682507731&quot;,&quot;variant_ids&quot;:[46519923867988,46519923900756,46519923933524,46519923966292,46519923999060,46519924031828]},&quot;available&quot;:true,&quot;name&quot;:&quot;BLOOD DOG Lightweight Black T-shirt - M&quot;,&quot;public_title&quot;:&quot;M&quot;,&quot;options&quot;:[&quot;M&quot;],&quot;price&quot;:2395,&quot;weight&quot;:350,&quot;compare_at_price&quot;:2395,&quot;inventory_quantity&quot;:5,&quot;inventory_management&quot;:&quot;shopify&quot;,&quot;inventory_policy&quot;:&quot;deny&quot;,&quot;barcode&quot;:null,&quot;featured_media&quot;:{&quot;alt&quot;:&quot;Lekka Koszulka BLOOD DOG Czarna - kup z Pitbull West Coast Oficjalny Sklep &quot;,&quot;id&quot;:43094603104596,&quot;position&quot;:1,&quot;preview_image&quot;:{&quot;aspect_ratio&quot;:0.722,&quot;height&quot;:1940,&quot;width&quot;:1400,&quot;src&quot;:&quot;\/\/pitbull-store.co.uk\/cdn\/shop\/products\/2130049000T-ShirtBloodDog170Black01small.jpg?v=1682507731&quot;}},&quot;requires_selling_plan&quot;:false,&quot;selling_plan_allocations&quot;:[],&quot;quantity_rule&quot;:{&quot;min&quot;:1,&quot;max&quot;:null,&quot;increment&quot;:1}},{&quot;id&quot;:46519923933524,&quot;title&quot;:&quot;L&quot;,&quot;option1&quot;:&quot;L&quot;,&quot;option2&quot;:null,&quot;option3&quot;:null,&quot;sku&quot;:&quot;213004900003&quot;,&quot;requires_shipping&quot;:true,&quot;taxable&quot;:true,&quot;featured_image&quot;:{&quot;id&quot;:50496490930516,&quot;product_id&quot;:8370868879700,&quot;position&quot;:1,&quot;created_at&quot;:&quot;2023-04-26T13:15:31+02:00&quot;,&quot;updated_at&quot;:&quot;2023-04-26T13:15:31+02:00&quot;,&quot;alt&quot;:&quot;Lekka Koszulka BLOOD DOG Czarna - kup z Pitbull West Coast Oficjalny Sklep &quot;,&quot;width&quot;:1400,&quot;height&quot;:1940,&quot;src&quot;:&quot;\/\/pitbull-store.co.uk\/cdn\/shop\/products\/2130049000T-ShirtBloodDog170Black01small.jpg?v=1682507731&quot;,&quot;variant_ids&quot;:[46519923867988,46519923900756,46519923933524,46519923966292,46519923999060,46519924031828]},&quot;available&quot;:true,&quot;name&quot;:&quot;BLOOD DOG Lightweight Black T-shirt - L&quot;,&quot;public_title&quot;:&quot;L&quot;,&quot;options&quot;:[&quot;L&quot;],&quot;price&quot;:2395,&quot;weight&quot;:350,&quot;compare_at_price&quot;:2395,&quot;inventory_quantity&quot;:14,&quot;inventory_management&quot;:&quot;shopify&quot;,&quot;inventory_policy&quot;:&quot;deny&quot;,&quot;barcode&quot;:null,&quot;featured_media&quot;:{&quot;alt&quot;:&quot;Lekka Koszulka BLOOD DOG Czarna - kup z Pitbull West Coast Oficjalny Sklep &quot;,&quot;id&quot;:43094603104596,&quot;position&quot;:1,&quot;preview_image&quot;:{&quot;aspect_ratio&quot;:0.722,&quot;height&quot;:1940,&quot;width&quot;:1400,&quot;src&quot;:&quot;\/\/pitbull-store.co.uk\/cdn\/shop\/products\/2130049000T-ShirtBloodDog170Black01small.jpg?v=1682507731&quot;}},&quot;requires_selling_plan&quot;:false,&quot;selling_plan_allocations&quot;:[],&quot;quantity_rule&quot;:{&quot;min&quot;:1,&quot;max&quot;:null,&quot;increment&quot;:1}},{&quot;id&quot;:46519923966292,&quot;title&quot;:&quot;XL&quot;,&quot;option1&quot;:&quot;XL&quot;,&quot;option2&quot;:null,&quot;option3&quot;:null,&quot;sku&quot;:&quot;213004900004&quot;,&quot;requires_shipping&quot;:true,&quot;taxable&quot;:true,&quot;featured_image&quot;:{&quot;id&quot;:50496490930516,&quot;product_id&quot;:8370868879700,&quot;position&quot;:1,&quot;created_at&quot;:&quot;2023-04-26T13:15:31+02:00&quot;,&quot;updated_at&quot;:&quot;2023-04-26T13:15:31+02:00&quot;,&quot;alt&quot;:&quot;Lekka Koszulka BLOOD DOG Czarna - kup z Pitbull West Coast Oficjalny Sklep &quot;,&quot;width&quot;:1400,&quot;height&quot;:1940,&quot;src&quot;:&quot;\/\/pitbull-store.co.uk\/cdn\/shop\/products\/2130049000T-ShirtBloodDog170Black01small.jpg?v=1682507731&quot;,&quot;variant_ids&quot;:[46519923867988,46519923900756,46519923933524,46519923966292,46519923999060,46519924031828]},&quot;available&quot;:true,&quot;name&quot;:&quot;BLOOD DOG Lightweight Black T-shirt - XL&quot;,&quot;public_title&quot;:&quot;XL&quot;,&quot;options&quot;:[&quot;XL&quot;],&quot;price&quot;:2395,&quot;weight&quot;:350,&quot;compare_at_price&quot;:2395,&quot;inventory_quantity&quot;:13,&quot;inventory_management&quot;:&quot;shopify&quot;,&quot;inventory_policy&quot;:&quot;deny&quot;,&quot;barcode&quot;:null,&quot;featured_media&quot;:{&quot;alt&quot;:&quot;Lekka Koszulka BLOOD DOG Czarna - kup z Pitbull West Coast Oficjalny Sklep &quot;,&quot;id&quot;:43094603104596,&quot;position&quot;:1,&quot;preview_image&quot;:{&quot;aspect_ratio&quot;:0.722,&quot;height&quot;:1940,&quot;width&quot;:1400,&quot;src&quot;:&quot;\/\/pitbull-store.co.uk\/cdn\/shop\/products\/2130049000T-ShirtBloodDog170Black01small.jpg?v=1682507731&quot;}},&quot;requires_selling_plan&quot;:false,&quot;selling_plan_allocations&quot;:[],&quot;quantity_rule&quot;:{&quot;min&quot;:1,&quot;max&quot;:null,&quot;increment&quot;:1}},{&quot;id&quot;:46519923999060,&quot;title&quot;:&quot;XXL&quot;,&quot;option1&quot;:&quot;XXL&quot;,&quot;option2&quot;:null,&quot;option3&quot;:null,&quot;sku&quot;:&quot;213004900005&quot;,&quot;requires_shipping&quot;:true,&quot;taxable&quot;:true,&quot;featured_image&quot;:{&quot;id&quot;:50496490930516,&quot;product_id&quot;:8370868879700,&quot;position&quot;:1,&quot;created_at&quot;:&quot;2023-04-26T13:15:31+02:00&quot;,&quot;updated_at&quot;:&quot;2023-04-26T13:15:31+02:00&quot;,&quot;alt&quot;:&quot;Lekka Koszulka BLOOD DOG Czarna - kup z Pitbull West Coast Oficjalny Sklep &quot;,&quot;width&quot;:1400,&quot;height&quot;:1940,&quot;src&quot;:&quot;\/\/pitbull-store.co.uk\/cdn\/shop\/products\/2130049000T-ShirtBloodDog170Black01small.jpg?v=1682507731&quot;,&quot;variant_ids&quot;:[46519923867988,46519923900756,46519923933524,46519923966292,46519923999060,46519924031828]},&quot;available&quot;:true,&quot;name&quot;:&quot;BLOOD DOG Lightweight Black T-shirt - XXL&quot;,&quot;public_title&quot;:&quot;XXL&quot;,&quot;options&quot;:[&quot;XXL&quot;],&quot;price&quot;:2395,&quot;weight&quot;:350,&quot;compare_at_price&quot;:2395,&quot;inventory_quantity&quot;:15,&quot;inventory_management&quot;:&quot;shopify&quot;,&quot;inventory_policy&quot;:&quot;deny&quot;,&quot;barcode&quot;:null,&quot;featured_media&quot;:{&quot;alt&quot;:&quot;Lekka Koszulka BLOOD DOG Czarna - kup z Pitbull West Coast Oficjalny Sklep &quot;,&quot;id&quot;:43094603104596,&quot;position&quot;:1,&quot;preview_image&quot;:{&quot;aspect_ratio&quot;:0.722,&quot;height&quot;:1940,&quot;width&quot;:1400,&quot;src&quot;:&quot;\/\/pitbull-store.co.uk\/cdn\/shop\/products\/2130049000T-ShirtBloodDog170Black01small.jpg?v=1682507731&quot;}},&quot;requires_selling_plan&quot;:false,&quot;selling_plan_allocations&quot;:[],&quot;quantity_rule&quot;:{&quot;min&quot;:1,&quot;max&quot;:null,&quot;increment&quot;:1}},{&quot;id&quot;:46519924031828,&quot;title&quot;:&quot;3XL&quot;,&quot;option1&quot;:&quot;3XL&quot;,&quot;option2&quot;:null,&quot;option3&quot;:null,&quot;sku&quot;:&quot;213004900006&quot;,&quot;requires_shipping&quot;:true,&quot;taxable&quot;:true,&quot;featured_image&quot;:{&quot;id&quot;:50496490930516,&quot;product_id&quot;:8370868879700,&quot;position&quot;:1,&quot;created_at&quot;:&quot;2023-04-26T13:15:31+02:00&quot;,&quot;updated_at&quot;:&quot;2023-04-26T13:15:31+02:00&quot;,&quot;alt&quot;:&quot;Lekka Koszulka BLOOD DOG Czarna - kup z Pitbull West Coast Oficjalny Sklep &quot;,&quot;width&quot;:1400,&quot;height&quot;:1940,&quot;src&quot;:&quot;\/\/pitbull-store.co.uk\/cdn\/shop\/products\/2130049000T-ShirtBloodDog170Black01small.jpg?v=1682507731&quot;,&quot;variant_ids&quot;:[46519923867988,46519923900756,46519923933524,46519923966292,46519923999060,46519924031828]},&quot;available&quot;:true,&quot;name&quot;:&quot;BLOOD DOG Lightweight Black T-shirt - 3XL&quot;,&quot;public_title&quot;:&quot;3XL&quot;,&quot;options&quot;:[&quot;3XL&quot;],&quot;price&quot;:2395,&quot;weight&quot;:350,&quot;compare_at_price&quot;:2395,&quot;inventory_quantity&quot;:1,&quot;inventory_management&quot;:&quot;shopify&quot;,&quot;inventory_policy&quot;:&quot;deny&quot;,&quot;barcode&quot;:null,&quot;featured_media&quot;:{&quot;alt&quot;:&quot;Lekka Koszulka BLOOD DOG Czarna - kup z Pitbull West Coast Oficjalny Sklep &quot;,&quot;id&quot;:43094603104596,&quot;position&quot;:1,&quot;preview_image&quot;:{&quot;aspect_ratio&quot;:0.722,&quot;height&quot;:1940,&quot;width&quot;:1400,&quot;src&quot;:&quot;\/\/pitbull-store.co.uk\/cdn\/shop\/products\/2130049000T-ShirtBloodDog170Black01small.jpg?v=1682507731&quot;}},&quot;requires_selling_plan&quot;:false,&quot;selling_plan_allocations&quot;:[],&quot;quantity_rule&quot;:{&quot;min&quot;:1,&quot;max&quot;:null,&quot;increment&quot;:1}}],&quot;images&quot;:[&quot;\/\/pitbull-store.co.uk\/cdn\/shop\/products\/2130049000T-ShirtBloodDog170Black01small.jpg?v=1682507731&quot;,&quot;\/\/pitbull-store.co.uk\/cdn\/shop\/products\/2130049000T-ShirtBloodDog170Black02small.jpg?v=1682507731&quot;,&quot;\/\/pitbull-store.co.uk\/cdn\/shop\/products\/2130049000T-ShirtBloodDog170Black03small.jpg?v=1682507731&quot;,&quot;\/\/pitbull-store.co.uk\/cdn\/shop\/products\/2130049000T-ShirtBloodDog170Black04small.jpg?v=1682507731&quot;,&quot;\/\/pitbull-store.co.uk\/cdn\/shop\/products\/2130049000T-ShirtBloodDog170Black05small.jpg?v=1682507731&quot;,&quot;\/\/pitbull-store.co.uk\/cdn\/shop\/products\/2130049000T-ShirtBloodDog170Black06small.jpg?v=1682507731&quot;],&quot;featured_image&quot;:&quot;\/\/pitbull-store.co.uk\/cdn\/shop\/products\/2130049000T-ShirtBloodDog170Black01small.jpg?v=1682507731&quot;,&quot;options&quot;:[&quot;Size&quot;],&quot;media&quot;:[{&quot;alt&quot;:&quot;Lekka Koszulka BLOOD DOG Czarna - kup z Pitbull West Coast Oficjalny Sklep &quot;,&quot;id&quot;:43094603104596,&quot;position&quot;:1,&quot;preview_image&quot;:{&quot;aspect_ratio&quot;:0.722,&quot;height&quot;:1940,&quot;width&quot;:1400,&quot;src&quot;:&quot;\/\/pitbull-store.co.uk\/cdn\/shop\/products\/2130049000T-ShirtBloodDog170Black01small.jpg?v=1682507731&quot;},&quot;aspect_ratio&quot;:0.722,&quot;height&quot;:1940,&quot;media_type&quot;:&quot;image&quot;,&quot;src&quot;:&quot;\/\/pitbull-store.co.uk\/cdn\/shop\/products\/2130049000T-ShirtBloodDog170Black01small.jpg?v=1682507731&quot;,&quot;width&quot;:1400},{&quot;alt&quot;:&quot;Lekka Koszulka BLOOD DOG Czarna - kup z Pitbull West Coast Oficjalny Sklep &quot;,&quot;id&quot;:43094603137364,&quot;position&quot;:2,&quot;preview_image&quot;:{&quot;aspect_ratio&quot;:0.722,&quot;height&quot;:1940,&quot;width&quot;:1400,&quot;src&quot;:&quot;\/\/pitbull-store.co.uk\/cdn\/shop\/products\/2130049000T-ShirtBloodDog170Black02small.jpg?v=1682507731&quot;},&quot;aspect_ratio&quot;:0.722,&quot;height&quot;:1940,&quot;media_type&quot;:&quot;image&quot;,&quot;src&quot;:&quot;\/\/pitbull-store.co.uk\/cdn\/shop\/products\/2130049000T-ShirtBloodDog170Black02small.jpg?v=1682507731&quot;,&quot;width&quot;:1400},{&quot;alt&quot;:&quot;Lekka Koszulka BLOOD DOG Czarna - kup z Pitbull West Coast Oficjalny Sklep &quot;,&quot;id&quot;:43094603170132,&quot;position&quot;:3,&quot;preview_image&quot;:{&quot;aspect_ratio&quot;:0.722,&quot;height&quot;:1940,&quot;width&quot;:1400,&quot;src&quot;:&quot;\/\/pitbull-store.co.uk\/cdn\/shop\/products\/2130049000T-ShirtBloodDog170Black03small.jpg?v=1682507731&quot;},&quot;aspect_ratio&quot;:0.722,&quot;height&quot;:1940,&quot;media_type&quot;:&quot;image&quot;,&quot;src&quot;:&quot;\/\/pitbull-store.co.uk\/cdn\/shop\/products\/2130049000T-ShirtBloodDog170Black03small.jpg?v=1682507731&quot;,&quot;width&quot;:1400},{&quot;alt&quot;:&quot;Lekka Koszulka BLOOD DOG Czarna - kup z Pitbull West Coast Oficjalny Sklep &quot;,&quot;id&quot;:43094603202900,&quot;position&quot;:4,&quot;preview_image&quot;:{&quot;aspect_ratio&quot;:0.722,&quot;height&quot;:1940,&quot;width&quot;:1400,&quot;src&quot;:&quot;\/\/pitbull-store.co.uk\/cdn\/shop\/products\/2130049000T-ShirtBloodDog170Black04small.jpg?v=1682507731&quot;},&quot;aspect_ratio&quot;:0.722,&quot;height&quot;:1940,&quot;media_type&quot;:&quot;image&quot;,&quot;src&quot;:&quot;\/\/pitbull-store.co.uk\/cdn\/shop\/products\/2130049000T-ShirtBloodDog170Black04small.jpg?v=1682507731&quot;,&quot;width&quot;:1400},{&quot;alt&quot;:&quot;Lekka Koszulka BLOOD DOG Czarna - kup z Pitbull West Coast Oficjalny Sklep &quot;,&quot;id&quot;:43094603235668,&quot;position&quot;:5,&quot;preview_image&quot;:{&quot;aspect_ratio&quot;:0.722,&quot;height&quot;:1940,&quot;width&quot;:1400,&quot;src&quot;:&quot;\/\/pitbull-store.co.uk\/cdn\/shop\/products\/2130049000T-ShirtBloodDog170Black05small.jpg?v=1682507731&quot;},&quot;aspect_ratio&quot;:0.722,&quot;height&quot;:1940,&quot;media_type&quot;:&quot;image&quot;,&quot;src&quot;:&quot;\/\/pitbull-store.co.uk\/cdn\/shop\/products\/2130049000T-ShirtBloodDog170Black05small.jpg?v=1682507731&quot;,&quot;width&quot;:1400},{&quot;alt&quot;:&quot;Lekka Koszulka BLOOD DOG Czarna - kup z Pitbull West Coast Oficjalny Sklep &quot;,&quot;id&quot;:43094603268436,&quot;position&quot;:6,&quot;preview_image&quot;:{&quot;aspect_ratio&quot;:0.722,&quot;height&quot;:1940,&quot;width&quot;:1400,&quot;src&quot;:&quot;\/\/pitbull-store.co.uk\/cdn\/shop\/products\/2130049000T-ShirtBloodDog170Black06small.jpg?v=1682507731&quot;},&quot;aspect_ratio&quot;:0.722,&quot;height&quot;:1940,&quot;media_type&quot;:&quot;image&quot;,&quot;src&quot;:&quot;\/\/pitbull-store.co.uk\/cdn\/shop\/products\/2130049000T-ShirtBloodDog170Black06small.jpg?v=1682507731&quot;,&quot;width&quot;:1400}],&quot;requires_selling_plan&quot;:false,&quot;selling_plan_groups&quot;:[],&quot;content&quot;:&quot;u003culu003enu003cliu003emade of the highest quality cotton with a weight of 170 g\/m2u003c\/liu003enu003cliu003ematerial composition: 100% cottonu003c\/liu003enu003cliu003emachine washableu003c\/liu003enu003c\/ulu003e&quot;}\" data-product-title=\"BLOOD DOG Lightweight Black T-shirt\" data-product-id=\"8370868879700\">\n<div class=\"swatch_options\">\n<div class=\"swatch is-flex is-flex-wrap\" data-option-index=\"0\">\n<div class=\"option_title\"><img loading=\"lazy\" decoding=\"async\" class=\"alignnone wp-image-42082 size-full\" src=\"https:\/\/muscleforge.nl\/wp-content\/uploads\/2023\/11\/T-shirt-2.png\" alt=\"\" width=\"504\" height=\"444\" srcset=\"https:\/\/muscleforge.nl\/wp-content\/uploads\/2023\/11\/T-shirt-2.png 504w, https:\/\/muscleforge.nl\/wp-content\/uploads\/2023\/11\/T-shirt-2-300x264.png 300w\" sizes=\"auto, (max-width: 504px) 100vw, 504px\" \/><\/div>\n<div class=\"option_title\"><img loading=\"lazy\" decoding=\"async\" class=\"alignnone wp-image-42120 size-full\" src=\"https:\/\/muscleforge.nl\/wp-content\/uploads\/2023\/11\/PIT-BULL-T-SHIRT-BLOOD-DOG-BLACK9.jpg\" alt=\"\" width=\"609\" height=\"290\" srcset=\"https:\/\/muscleforge.nl\/wp-content\/uploads\/2023\/11\/PIT-BULL-T-SHIRT-BLOOD-DOG-BLACK9.jpg 609w, https:\/\/muscleforge.nl\/wp-content\/uploads\/2023\/11\/PIT-BULL-T-SHIRT-BLOOD-DOG-BLACK9-300x143.jpg 300w, https:\/\/muscleforge.nl\/wp-content\/uploads\/2023\/11\/PIT-BULL-T-SHIRT-BLOOD-DOG-BLACK9-580x276.jpg 580w, https:\/\/muscleforge.nl\/wp-content\/uploads\/2023\/11\/PIT-BULL-T-SHIRT-BLOOD-DOG-BLACK9-600x286.jpg 600w\" sizes=\"auto, (max-width: 609px) 100vw, 609px\" \/><\/div>\n<div><\/div>\n<\/div>\n<\/div>\n<\/div>\n<\/div>\n","protected":false},"excerpt":{"rendered":"<p>BLOOD DOG LIGHTWEIGHT BLACK T-SHIRT &nbsp; Koszulka m\u0119ska z kolekcji wiosna \/ lato 2023 firmy PIT BULL WEST COAST \u2013 Blood Dog SERIA MIDDLE WEIGHT 170 BASIC &#8211; klasyczny regularny fason z okr\u0105g\u0142ym dekoltem &#8211; T-shirt wykonany z najwy\u017cszej jako\u015bci bawe\u0142ny o gramaturze 170 g\/m2 &#8211; mi\u0119kka lam\u00f3wka od wewn\u0119trznej strony ko\u0142nierza chroni\u0105ca przed otarciami&#8230;<\/p>\n","protected":false},"featured_media":42113,"comment_status":"open","ping_status":"closed","template":"","meta":[],"product_brand":[],"product_cat":[798,799,800,809,812],"product_tag":[],"class_list":{"0":"post-42126","1":"product","2":"type-product","3":"status-publish","4":"has-post-thumbnail","6":"product_cat-odziez","7":"product_cat-dla-mezczyzn","8":"product_cat-promocja","9":"product_cat-koszulki","10":"product_cat-t-shirts-pl","12":"first","13":"instock","14":"sale","15":"taxable","16":"shipping-taxable","17":"purchasable","18":"product-type-variable"},"_links":{"self":[{"href":"https:\/\/muscleforge.nl\/pl\/wp-json\/wp\/v2\/product\/42126","targetHints":{"allow":["GET"]}}],"collection":[{"href":"https:\/\/muscleforge.nl\/pl\/wp-json\/wp\/v2\/product"}],"about":[{"href":"https:\/\/muscleforge.nl\/pl\/wp-json\/wp\/v2\/types\/product"}],"replies":[{"embeddable":true,"href":"https:\/\/muscleforge.nl\/pl\/wp-json\/wp\/v2\/comments?post=42126"}],"wp:featuredmedia":[{"embeddable":true,"href":"https:\/\/muscleforge.nl\/pl\/wp-json\/wp\/v2\/media\/42113"}],"wp:attachment":[{"href":"https:\/\/muscleforge.nl\/pl\/wp-json\/wp\/v2\/media?parent=42126"}],"wp:term":[{"taxonomy":"product_brand","embeddable":true,"href":"https:\/\/muscleforge.nl\/pl\/wp-json\/wp\/v2\/product_brand?post=42126"},{"taxonomy":"product_cat","embeddable":true,"href":"https:\/\/muscleforge.nl\/pl\/wp-json\/wp\/v2\/product_cat?post=42126"},{"taxonomy":"product_tag","embeddable":true,"href":"https:\/\/muscleforge.nl\/pl\/wp-json\/wp\/v2\/product_tag?post=42126"}],"curies":[{"name":"wp","href":"https:\/\/api.w.org\/{rel}","templated":true}]}}