{"id":42440,"date":"2023-11-23T14:47:57","date_gmt":"2023-11-23T13:47:57","guid":{"rendered":"https:\/\/muscleforge.nl\/product\/pit-bull-saturn-jogging-pants-g-melange\/"},"modified":"2025-06-02T00:07:29","modified_gmt":"2025-06-01T22:07:29","slug":"pit-bull-saturn-jogging-pants-g-melange","status":"publish","type":"product","link":"https:\/\/muscleforge.nl\/pl\/produkt\/pit-bull-saturn-jogging-pants-g-melange\/","title":{"rendered":"PIT BULL SATURN JOGGING PANTS G.MELANGE"},"content":{"rendered":"<div class=\" product-block product-block--title product-block--first \">\n<h1 class=\"product_name\">SATURN JOGGING PANTS<\/h1>\n<h3>Spodnie dresowe m\u0119skie z kolekcji wiosna \/ lato firmy PIT BULL WEST COAST \u2013 Saturn<\/h3>\n<\/div>\n<div class=\" product-block product-block--description \">\n<div class=\"description\">\n<p>SERIA INTERLOCK PERFORMANCE PRO+<\/p>\n<p>&#8211; profesjonalna linia Performance Pro+<br \/>\n&#8211; sportowy fason ze zw\u0119\u017canymi nogawkami<br \/>\n&#8211; spodnie wykonane z wysokogatunkowej mieszanki bawe\u0142ny z poliestrem o gramaturze 300 g\/m2<br \/>\n&#8211; tkanina jest g\u0142adka i lekko elastyczna dzi\u0119ki czemu nie kr\u0119puje ruch\u00f3w<br \/>\n&#8211; szerokie \u017cebrowane mocne \u015bci\u0105gacze u do\u0142u nogawek<br \/>\n&#8211; dwie kieszenie boczne zamykane na zamki<br \/>\n&#8211; szeroki elastyczny \u017cebrowany pas dodatkowo regulowany gumo-sznurkiem ze stoperami<br \/>\n&#8211; pionowy nadruk Pitbull West Coast w g\u00f3rnej cz\u0119\u015bci lewej nogawki<br \/>\n&#8211; silikonowy napis Performance Pro+ na biodrze<br \/>\n&#8211; wysoka jako\u015b\u0107 wykonania<br \/>\n&#8211; sk\u0142ad materia\u0142u: 60% bawe\u0142na \/ 40% poliester<\/p>\n<p>&nbsp;<\/p>\n<p><img loading=\"lazy\" decoding=\"async\" class=\"alignnone wp-image-42423 size-full\" src=\"https:\/\/muscleforge.nl\/wp-content\/uploads\/2023\/11\/2022-12-01-22.png\" alt=\"\" width=\"599\" height=\"536\" srcset=\"https:\/\/muscleforge.nl\/wp-content\/uploads\/2023\/11\/2022-12-01-22.png 599w, https:\/\/muscleforge.nl\/wp-content\/uploads\/2023\/11\/2022-12-01-22-300x268.png 300w, https:\/\/muscleforge.nl\/wp-content\/uploads\/2023\/11\/2022-12-01-22-580x519.png 580w\" sizes=\"auto, (max-width: 599px) 100vw, 599px\" \/><\/p>\n<p><img loading=\"lazy\" decoding=\"async\" class=\"alignnone wp-image-42426 size-full\" src=\"https:\/\/muscleforge.nl\/wp-content\/uploads\/2023\/11\/PIT-BULL-SATURN-JOGGING-PANTS-G.MELANGE9.jpg\" alt=\"\" width=\"607\" height=\"289\" srcset=\"https:\/\/muscleforge.nl\/wp-content\/uploads\/2023\/11\/PIT-BULL-SATURN-JOGGING-PANTS-G.MELANGE9.jpg 607w, https:\/\/muscleforge.nl\/wp-content\/uploads\/2023\/11\/PIT-BULL-SATURN-JOGGING-PANTS-G.MELANGE9-300x143.jpg 300w, https:\/\/muscleforge.nl\/wp-content\/uploads\/2023\/11\/PIT-BULL-SATURN-JOGGING-PANTS-G.MELANGE9-580x276.jpg 580w, https:\/\/muscleforge.nl\/wp-content\/uploads\/2023\/11\/PIT-BULL-SATURN-JOGGING-PANTS-G.MELANGE9-600x286.jpg 600w\" sizes=\"auto, (max-width: 607px) 100vw, 607px\" \/><\/p>\n<\/div>\n<\/div>\n","protected":false},"excerpt":{"rendered":"<p>SATURN JOGGING PANTS Spodnie dresowe m\u0119skie z kolekcji wiosna \/ lato firmy PIT BULL WEST COAST \u2013 Saturn SERIA INTERLOCK PERFORMANCE PRO+ &#8211; profesjonalna linia Performance Pro+ &#8211; sportowy fason ze zw\u0119\u017canymi nogawkami &#8211; spodnie wykonane z wysokogatunkowej mieszanki bawe\u0142ny z poliestrem o gramaturze 300 g\/m2 &#8211; tkanina jest g\u0142adka i lekko elastyczna dzi\u0119ki czemu&#8230;<\/p>\n","protected":false},"featured_media":42409,"comment_status":"open","ping_status":"closed","template":"","meta":[],"product_brand":[],"product_cat":[798,799,800,801,803],"product_tag":[],"class_list":{"0":"post-42440","1":"product","2":"type-product","3":"status-publish","4":"has-post-thumbnail","6":"product_cat-odziez","7":"product_cat-dla-mezczyzn","8":"product_cat-promocja","9":"product_cat-spodnie","10":"product_cat-spodnie-dresowe","12":"first","13":"instock","14":"sale","15":"taxable","16":"shipping-taxable","17":"purchasable","18":"product-type-variable"},"_links":{"self":[{"href":"https:\/\/muscleforge.nl\/pl\/wp-json\/wp\/v2\/product\/42440","targetHints":{"allow":["GET"]}}],"collection":[{"href":"https:\/\/muscleforge.nl\/pl\/wp-json\/wp\/v2\/product"}],"about":[{"href":"https:\/\/muscleforge.nl\/pl\/wp-json\/wp\/v2\/types\/product"}],"replies":[{"embeddable":true,"href":"https:\/\/muscleforge.nl\/pl\/wp-json\/wp\/v2\/comments?post=42440"}],"wp:featuredmedia":[{"embeddable":true,"href":"https:\/\/muscleforge.nl\/pl\/wp-json\/wp\/v2\/media\/42409"}],"wp:attachment":[{"href":"https:\/\/muscleforge.nl\/pl\/wp-json\/wp\/v2\/media?parent=42440"}],"wp:term":[{"taxonomy":"product_brand","embeddable":true,"href":"https:\/\/muscleforge.nl\/pl\/wp-json\/wp\/v2\/product_brand?post=42440"},{"taxonomy":"product_cat","embeddable":true,"href":"https:\/\/muscleforge.nl\/pl\/wp-json\/wp\/v2\/product_cat?post=42440"},{"taxonomy":"product_tag","embeddable":true,"href":"https:\/\/muscleforge.nl\/pl\/wp-json\/wp\/v2\/product_tag?post=42440"}],"curies":[{"name":"wp","href":"https:\/\/api.w.org\/{rel}","templated":true}]}}