{"id":42502,"date":"2023-11-23T17:44:11","date_gmt":"2023-11-23T16:44:11","guid":{"rendered":"https:\/\/muscleforge.nl\/product\/trackpants-small-logo-terry-group-black\/"},"modified":"2025-06-02T00:07:27","modified_gmt":"2025-06-01T22:07:27","slug":"trackpants-small-logo-terry-group-black","status":"publish","type":"product","link":"https:\/\/muscleforge.nl\/pl\/produkt\/trackpants-small-logo-terry-group-black\/","title":{"rendered":"PIT BULL TRACKPANTS SMALL LOGO TERRY GROUP BLACK"},"content":{"rendered":"<div class=\" product-block product-block--title product-block--first \">\n<h1 class=\"product_name\">TRACK PANTS OLDSCHOOL SMALL LOGO<\/h1>\n<\/div>\n<div class=\" product-block product-block--description \">\n<div class=\"description\">\n<h3>Spodnie dresowe m\u0119skie z kolekcji jesie\u0144 \/ zima firmy PIT BULL WEST COAST &#8211; Oldschool Small Logo<\/h3>\n<p>SERIA OLDSCHOOL POLY-TERRY<\/p>\n<p>&#8211; regularny fason ze zw\u0119\u017canymi nogawkami<br \/>\n&#8211; wykonane z wysokogatunkowej tkaniny poliestrowej o gramaturze 320 g\/m2<br \/>\n&#8211; g\u0142adki i jednocze\u015bnie matowy materia\u0142 w stylu oldschool<br \/>\n&#8211; szerokie \u017cebrowane \u015bci\u0105gacze u do\u0142u nogawek<br \/>\n&#8211; dwie boczne kieszenie zapinane na zamki<br \/>\n&#8211; szeroki elastyczny pas dodatkowo regulowany sznurkiem<br \/>\n&#8211; ma\u0142e silikonowe logo marki Pit Bull na nogawce<br \/>\n&#8211; wysoka jako\u015b\u0107 wykonania<br \/>\n&#8211; sk\u0142ad materia\u0142u: 100% poliester<\/p>\n<\/div>\n<\/div>\n<p>&nbsp;<\/p>\n<p><img loading=\"lazy\" decoding=\"async\" class=\"alignnone wp-image-42423 size-full\" src=\"https:\/\/muscleforge.nl\/wp-content\/uploads\/2023\/11\/2022-12-01-22.png\" alt=\"\" width=\"599\" height=\"536\" srcset=\"https:\/\/muscleforge.nl\/wp-content\/uploads\/2023\/11\/2022-12-01-22.png 599w, https:\/\/muscleforge.nl\/wp-content\/uploads\/2023\/11\/2022-12-01-22-300x268.png 300w, https:\/\/muscleforge.nl\/wp-content\/uploads\/2023\/11\/2022-12-01-22-580x519.png 580w\" sizes=\"auto, (max-width: 599px) 100vw, 599px\" \/><\/p>\n<p><img loading=\"lazy\" decoding=\"async\" class=\"alignnone wp-image-42476 size-full\" src=\"https:\/\/muscleforge.nl\/wp-content\/uploads\/2023\/11\/PIT-BULL-TRACKPANTS-SMALL-LOGO-TERRY-GROUP-D.NAVY9_.jpg\" alt=\"\" width=\"607\" height=\"289\" srcset=\"https:\/\/muscleforge.nl\/wp-content\/uploads\/2023\/11\/PIT-BULL-TRACKPANTS-SMALL-LOGO-TERRY-GROUP-D.NAVY9_.jpg 607w, https:\/\/muscleforge.nl\/wp-content\/uploads\/2023\/11\/PIT-BULL-TRACKPANTS-SMALL-LOGO-TERRY-GROUP-D.NAVY9_-300x143.jpg 300w, https:\/\/muscleforge.nl\/wp-content\/uploads\/2023\/11\/PIT-BULL-TRACKPANTS-SMALL-LOGO-TERRY-GROUP-D.NAVY9_-580x276.jpg 580w, https:\/\/muscleforge.nl\/wp-content\/uploads\/2023\/11\/PIT-BULL-TRACKPANTS-SMALL-LOGO-TERRY-GROUP-D.NAVY9_-600x286.jpg 600w\" sizes=\"auto, (max-width: 607px) 100vw, 607px\" \/><\/p>\n<p>&nbsp;<\/p>\n","protected":false},"excerpt":{"rendered":"<p>TRACK PANTS OLDSCHOOL SMALL LOGO Spodnie dresowe m\u0119skie z kolekcji jesie\u0144 \/ zima firmy PIT BULL WEST COAST &#8211; Oldschool Small Logo SERIA OLDSCHOOL POLY-TERRY &#8211; regularny fason ze zw\u0119\u017canymi nogawkami &#8211; wykonane z wysokogatunkowej tkaniny poliestrowej o gramaturze 320 g\/m2 &#8211; g\u0142adki i jednocze\u015bnie matowy materia\u0142 w stylu oldschool &#8211; szerokie \u017cebrowane \u015bci\u0105gacze u&#8230;<\/p>\n","protected":false},"featured_media":42493,"comment_status":"open","ping_status":"closed","template":"","meta":[],"product_brand":[],"product_cat":[798,799,800,801,803],"product_tag":[],"class_list":{"0":"post-42502","1":"product","2":"type-product","3":"status-publish","4":"has-post-thumbnail","6":"product_cat-odziez","7":"product_cat-dla-mezczyzn","8":"product_cat-promocja","9":"product_cat-spodnie","10":"product_cat-spodnie-dresowe","12":"first","13":"instock","14":"sale","15":"taxable","16":"shipping-taxable","17":"purchasable","18":"product-type-variable"},"_links":{"self":[{"href":"https:\/\/muscleforge.nl\/pl\/wp-json\/wp\/v2\/product\/42502","targetHints":{"allow":["GET"]}}],"collection":[{"href":"https:\/\/muscleforge.nl\/pl\/wp-json\/wp\/v2\/product"}],"about":[{"href":"https:\/\/muscleforge.nl\/pl\/wp-json\/wp\/v2\/types\/product"}],"replies":[{"embeddable":true,"href":"https:\/\/muscleforge.nl\/pl\/wp-json\/wp\/v2\/comments?post=42502"}],"wp:featuredmedia":[{"embeddable":true,"href":"https:\/\/muscleforge.nl\/pl\/wp-json\/wp\/v2\/media\/42493"}],"wp:attachment":[{"href":"https:\/\/muscleforge.nl\/pl\/wp-json\/wp\/v2\/media?parent=42502"}],"wp:term":[{"taxonomy":"product_brand","embeddable":true,"href":"https:\/\/muscleforge.nl\/pl\/wp-json\/wp\/v2\/product_brand?post=42502"},{"taxonomy":"product_cat","embeddable":true,"href":"https:\/\/muscleforge.nl\/pl\/wp-json\/wp\/v2\/product_cat?post=42502"},{"taxonomy":"product_tag","embeddable":true,"href":"https:\/\/muscleforge.nl\/pl\/wp-json\/wp\/v2\/product_tag?post=42502"}],"curies":[{"name":"wp","href":"https:\/\/api.w.org\/{rel}","templated":true}]}}