{"id":42575,"date":"2023-11-29T15:13:01","date_gmt":"2023-11-29T14:13:01","guid":{"rendered":"https:\/\/muscleforge.nl\/product\/pit-bull-subl-wallet-roswell-born-in-1989-black\/"},"modified":"2025-06-02T00:07:27","modified_gmt":"2025-06-01T22:07:27","slug":"pit-bull-subl-wallet-roswell-born-in-1989-black","status":"publish","type":"product","link":"https:\/\/muscleforge.nl\/pl\/produkt\/pit-bull-subl-wallet-roswell-born-in-1989-black\/","title":{"rendered":"PIT BULL SUBL.WALLET ROSWELL BORN IN 1989 BLACK"},"content":{"rendered":"<h3>Portfel z kolekcji firmy PIT BULL WEST COAST &#8211; Roswell Born In 1989<\/h3>\n<p>&#8211; wykonany z wysokogatunkowej imitacji sk\u00f3ry<br \/>\n&#8211; na ca\u0142ej zewn\u0119trznej powierzchni nadruk<br \/>\n&#8211; du\u017ca g\u0142\u00f3wna kiesze\u0144 na banknoty<br \/>\n&#8211; sze\u015b\u0107 kieszeni na karty i dokumenty<\/p>\n<p>Wymiary portfela z\u0142o\u017conego: 12cm x 10 cm<br \/>\nWymiary portfela roz\u0142o\u017conego: 24 cm x 10 cm<\/p>\n","protected":false},"excerpt":{"rendered":"<p>Portfel z kolekcji firmy PIT BULL WEST COAST &#8211; Roswell Born In 1989 &#8211; wykonany z wysokogatunkowej imitacji sk\u00f3ry &#8211; na ca\u0142ej zewn\u0119trznej powierzchni nadruk &#8211; du\u017ca g\u0142\u00f3wna kiesze\u0144 na banknoty &#8211; sze\u015b\u0107 kieszeni na karty i dokumenty Wymiary portfela z\u0142o\u017conego: 12cm x 10 cm Wymiary portfela roz\u0142o\u017conego: 24 cm x 10 cm<\/p>\n","protected":false},"featured_media":42571,"comment_status":"open","ping_status":"closed","template":"","meta":[],"product_brand":[],"product_cat":[774,780,787],"product_tag":[],"class_list":{"0":"post-42575","1":"product","2":"type-product","3":"status-publish","4":"has-post-thumbnail","6":"product_cat-akcesoria","7":"product_cat-akcesoria-uliczne","8":"product_cat-portfele","10":"first","11":"instock","12":"sale","13":"taxable","14":"shipping-taxable","15":"purchasable","16":"product-type-simple"},"_links":{"self":[{"href":"https:\/\/muscleforge.nl\/pl\/wp-json\/wp\/v2\/product\/42575","targetHints":{"allow":["GET"]}}],"collection":[{"href":"https:\/\/muscleforge.nl\/pl\/wp-json\/wp\/v2\/product"}],"about":[{"href":"https:\/\/muscleforge.nl\/pl\/wp-json\/wp\/v2\/types\/product"}],"replies":[{"embeddable":true,"href":"https:\/\/muscleforge.nl\/pl\/wp-json\/wp\/v2\/comments?post=42575"}],"wp:featuredmedia":[{"embeddable":true,"href":"https:\/\/muscleforge.nl\/pl\/wp-json\/wp\/v2\/media\/42571"}],"wp:attachment":[{"href":"https:\/\/muscleforge.nl\/pl\/wp-json\/wp\/v2\/media?parent=42575"}],"wp:term":[{"taxonomy":"product_brand","embeddable":true,"href":"https:\/\/muscleforge.nl\/pl\/wp-json\/wp\/v2\/product_brand?post=42575"},{"taxonomy":"product_cat","embeddable":true,"href":"https:\/\/muscleforge.nl\/pl\/wp-json\/wp\/v2\/product_cat?post=42575"},{"taxonomy":"product_tag","embeddable":true,"href":"https:\/\/muscleforge.nl\/pl\/wp-json\/wp\/v2\/product_tag?post=42575"}],"curies":[{"name":"wp","href":"https:\/\/api.w.org\/{rel}","templated":true}]}}