{"id":42630,"date":"2023-11-29T16:29:13","date_gmt":"2023-11-29T15:29:13","guid":{"rendered":"https:\/\/muscleforge.nl\/product\/pit-bull-subl-wallet-aragon-blood-dog-black\/"},"modified":"2025-06-02T00:07:26","modified_gmt":"2025-06-01T22:07:26","slug":"pit-bull-subl-wallet-aragon-blood-dog-black","status":"publish","type":"product","link":"https:\/\/muscleforge.nl\/pl\/produkt\/pit-bull-subl-wallet-aragon-blood-dog-black\/","title":{"rendered":"PIT BULL SUBL.WALLET ARAGON BLOOD DOG BLACK"},"content":{"rendered":"<h3>Portfel parciany z kolekcji firmy PIT BULL WEST COAST &#8211; Aragon Blood Dog<\/h3>\n<p>&#8211; wykonany z wysokogatunkowej tkaniny typu Canvas<br \/>\n&#8211; zapinany na dwa du\u017ce zatrzaski z logo marki Pit Bull<br \/>\n&#8211; na ca\u0142ej zewn\u0119trznej powierzchni nadruk<br \/>\n&#8211; du\u017ca g\u0142\u00f3wna kiesze\u0144 na banknoty<br \/>\n&#8211; ma\u0142a kiesze\u0144 na monety zamykana na zamek<br \/>\n&#8211; cztery kieszenie na karty i dokumenty<br \/>\n&#8211; mocne przeszycia<\/p>\n","protected":false},"excerpt":{"rendered":"<p>Portfel parciany z kolekcji firmy PIT BULL WEST COAST &#8211; Aragon Blood Dog &#8211; wykonany z wysokogatunkowej tkaniny typu Canvas &#8211; zapinany na dwa du\u017ce zatrzaski z logo marki Pit Bull &#8211; na ca\u0142ej zewn\u0119trznej powierzchni nadruk &#8211; du\u017ca g\u0142\u00f3wna kiesze\u0144 na banknoty &#8211; ma\u0142a kiesze\u0144 na monety zamykana na zamek &#8211; cztery kieszenie na&#8230;<\/p>\n","protected":false},"featured_media":42625,"comment_status":"open","ping_status":"closed","template":"","meta":[],"product_brand":[],"product_cat":[774,780,787],"product_tag":[],"class_list":{"0":"post-42630","1":"product","2":"type-product","3":"status-publish","4":"has-post-thumbnail","6":"product_cat-akcesoria","7":"product_cat-akcesoria-uliczne","8":"product_cat-portfele","10":"first","11":"instock","12":"sale","13":"taxable","14":"shipping-taxable","15":"purchasable","16":"product-type-simple"},"_links":{"self":[{"href":"https:\/\/muscleforge.nl\/pl\/wp-json\/wp\/v2\/product\/42630","targetHints":{"allow":["GET"]}}],"collection":[{"href":"https:\/\/muscleforge.nl\/pl\/wp-json\/wp\/v2\/product"}],"about":[{"href":"https:\/\/muscleforge.nl\/pl\/wp-json\/wp\/v2\/types\/product"}],"replies":[{"embeddable":true,"href":"https:\/\/muscleforge.nl\/pl\/wp-json\/wp\/v2\/comments?post=42630"}],"wp:featuredmedia":[{"embeddable":true,"href":"https:\/\/muscleforge.nl\/pl\/wp-json\/wp\/v2\/media\/42625"}],"wp:attachment":[{"href":"https:\/\/muscleforge.nl\/pl\/wp-json\/wp\/v2\/media?parent=42630"}],"wp:term":[{"taxonomy":"product_brand","embeddable":true,"href":"https:\/\/muscleforge.nl\/pl\/wp-json\/wp\/v2\/product_brand?post=42630"},{"taxonomy":"product_cat","embeddable":true,"href":"https:\/\/muscleforge.nl\/pl\/wp-json\/wp\/v2\/product_cat?post=42630"},{"taxonomy":"product_tag","embeddable":true,"href":"https:\/\/muscleforge.nl\/pl\/wp-json\/wp\/v2\/product_tag?post=42630"}],"curies":[{"name":"wp","href":"https:\/\/api.w.org\/{rel}","templated":true}]}}