{"id":42925,"date":"2023-12-04T15:07:01","date_gmt":"2023-12-04T14:07:01","guid":{"rendered":"https:\/\/muscleforge.nl\/product\/ou7-gloves\/"},"modified":"2025-06-02T00:07:21","modified_gmt":"2025-06-01T22:07:21","slug":"ou7-gloves","status":"publish","type":"product","link":"https:\/\/muscleforge.nl\/pl\/produkt\/ou7-gloves\/","title":{"rendered":"Ou7 Gloves"},"content":{"rendered":"<h3>R\u0119kawiczki marki Ou7side<\/h3>\n<p>Materia\u0142: 88% akryl, 11% poliester, 1% elastan<br \/>\nWyprodukowano: w Polsce<\/p>\n<p><strong>Cechy produktu:<\/strong><br \/>\nna nadgarstku naszyta \u017cakardowa aplikacja\u00a0<b>OU7<\/b><br \/>\nr\u0119kawiczki bez palc\u00f3w<br \/>\nwi\u0119kszy komfort ruchu<br \/>\nwysoka jako\u015b\u0107 wykonania<\/p>\n","protected":false},"excerpt":{"rendered":"<p>R\u0119kawiczki marki Ou7side Materia\u0142: 88% akryl, 11% poliester, 1% elastan Wyprodukowano: w Polsce Cechy produktu: na nadgarstku naszyta \u017cakardowa aplikacja\u00a0OU7 r\u0119kawiczki bez palc\u00f3w wi\u0119kszy komfort ruchu wysoka jako\u015b\u0107 wykonania<\/p>\n","protected":false},"featured_media":42924,"comment_status":"open","ping_status":"closed","template":"","meta":[],"product_brand":[],"product_cat":[774,780],"product_tag":[],"class_list":{"0":"post-42925","1":"product","2":"type-product","3":"status-publish","4":"has-post-thumbnail","6":"product_cat-akcesoria","7":"product_cat-akcesoria-uliczne","9":"first","10":"instock","11":"sale","12":"taxable","13":"shipping-taxable","14":"purchasable","15":"product-type-simple"},"_links":{"self":[{"href":"https:\/\/muscleforge.nl\/pl\/wp-json\/wp\/v2\/product\/42925","targetHints":{"allow":["GET"]}}],"collection":[{"href":"https:\/\/muscleforge.nl\/pl\/wp-json\/wp\/v2\/product"}],"about":[{"href":"https:\/\/muscleforge.nl\/pl\/wp-json\/wp\/v2\/types\/product"}],"replies":[{"embeddable":true,"href":"https:\/\/muscleforge.nl\/pl\/wp-json\/wp\/v2\/comments?post=42925"}],"wp:featuredmedia":[{"embeddable":true,"href":"https:\/\/muscleforge.nl\/pl\/wp-json\/wp\/v2\/media\/42924"}],"wp:attachment":[{"href":"https:\/\/muscleforge.nl\/pl\/wp-json\/wp\/v2\/media?parent=42925"}],"wp:term":[{"taxonomy":"product_brand","embeddable":true,"href":"https:\/\/muscleforge.nl\/pl\/wp-json\/wp\/v2\/product_brand?post=42925"},{"taxonomy":"product_cat","embeddable":true,"href":"https:\/\/muscleforge.nl\/pl\/wp-json\/wp\/v2\/product_cat?post=42925"},{"taxonomy":"product_tag","embeddable":true,"href":"https:\/\/muscleforge.nl\/pl\/wp-json\/wp\/v2\/product_tag?post=42925"}],"curies":[{"name":"wp","href":"https:\/\/api.w.org\/{rel}","templated":true}]}}