{"id":43545,"date":"2024-01-27T12:32:29","date_gmt":"2024-01-27T11:32:29","guid":{"rendered":"https:\/\/muscleforge.nl\/product\/trec-nutrition-multivitamin-for-men-90cap\/"},"modified":"2025-06-02T00:07:19","modified_gmt":"2025-06-01T22:07:19","slug":"trec-nutrition-multivitamin-for-men-90cap","status":"publish","type":"product","link":"https:\/\/muscleforge.nl\/pl\/produkt\/trec-nutrition-multivitamin-for-men-90cap\/","title":{"rendered":"TREC NUTRITION MULTIVITAMIN FOR MEN 90cap"},"content":{"rendered":"<div id=\"tab_EDVWO3TB\" class=\"active\">\n<div class=\"w-100\">\n<h1><strong>OPIS\u00a0<\/strong><em><strong>MULTIVITAMIN FOR MEN<\/strong><\/em><\/h1>\n<p><b>MULTIVITAMIN FOR MEN\u00a0<\/b>to suplement diety.<b><\/b>Jest to kompleks witamin dla m\u0119\u017cczyzn.<\/p>\n<p><b>MULTIVITAMIN FOR MEN\u00a0<\/b>zawiera:<\/p>\n<ul>\n<li>witaminy C, E i ryboflawin\u0119, kt\u00f3re pomagaj\u0105 w\u00a0<strong>ochronie kom\u00f3rek przed stresem oksydacyjnym;<\/strong><\/li>\n<li>witaminy A, D, B6 i B12, kt\u00f3re pomagaj\u0105 w\u00a0<strong>prawid\u0142owym funkcjonowaniu uk\u0142adu odporno\u015bciowego<\/strong>,<\/li>\n<li>magnez, kt\u00f3ry pomaga w\u00a0<strong>utrzymaniu r\u00f3wnowagi elektrolitowej<\/strong>,<\/li>\n<li>cynk, kt\u00f3ry wspiera\u00a0<strong>prawid\u0142owy poziom testosteronu<\/strong>\u00a0we krwi.<\/li>\n<\/ul>\n<p>&nbsp;<\/p>\n<p><b>MULTIVITAMIN FOR MEN\u00a0<\/b>dodatkowo jest wzbogacony o L-arginin\u0119, ekstrakt \u017ce\u0144-szenia korea\u0144skiego, DAA i tauryn\u0119.<\/p>\n<p>&nbsp;<\/p>\n<p>Porcja produktu zalecana do spo\u017cycia w ci\u0105gu dnia to 2 kapsu\u0142ki.<\/p>\n<\/div>\n<\/div>\n<div id=\"tab_FXC9C3E3\" class=\"\">\n<div class=\"w-100\">\n<h3>DAWKOWANIE\u00a0<em><strong>MULTIVITAMIN FOR MEN<\/strong><\/em><\/h3>\n<p>Jednorazow\u0105 porcj\u0119 produktu \u2013 1 kapsu\u0142k\u0119 &#8211; popi\u0107<b><\/b>ok. 300 ml wody. Stosowa\u0107 2 razy dziennie, najlepiej w trakcie posi\u0142ku. Nie stosowa\u0107 d\u0142u\u017cej ni\u017c 3 miesi\u0105ce.<\/p>\n<p>Nie nale\u017cy przekracza\u0107 zalecanej porcji do spo\u017cycia w ci\u0105gu dnia.<\/p>\n<\/div>\n<\/div>\n<div id=\"tab_NTVXLQ3B\" class=\"\">\n<div class=\"w-100\">\n<div class=\"b-product-table\">\n<p>&nbsp;<\/p>\n<h3>TABELA SK\u0141ADU\u00a0<em><strong>MULTIVITAMIN FOR MEN<\/strong><\/em><\/h3>\n<table border=\"1\" cellspacing=\"0\" cellpadding=\"0\">\n<tbody>\n<tr>\n<td><b>Sk\u0142adniki aktywne:<\/b><\/td>\n<td>\n<p align=\"center\"><b>w 2 kap.**<\/b><\/p>\n<\/td>\n<td>\n<p align=\"center\"><b>w 1 kap.<\/b><\/p>\n<\/td>\n<\/tr>\n<tr>\n<td><b>MULTIVITAMIN COMPLEX<\/b><\/td>\n<\/tr>\n<tr>\n<td>Witamina C<\/td>\n<td>\n<p align=\"right\">80,00 mg (100 %*)<\/p>\n<\/td>\n<td>\n<p align=\"right\">40,00 mg (50 %*)<\/p>\n<\/td>\n<\/tr>\n<tr>\n<td>Niacyna (mg NE)<\/td>\n<td>\n<p align=\"right\">8,00 mg (50 %*)<\/p>\n<\/td>\n<td>\n<p align=\"right\">4,00 mg (25 %*)<\/p>\n<\/td>\n<\/tr>\n<tr>\n<td>Witamina E (mg \u03b1-TE)<\/td>\n<td>\n<p align=\"right\">6,00 mg (50 %*)<\/p>\n<\/td>\n<td>\n<p align=\"right\">3,00 mg (25 %*)<\/p>\n<\/td>\n<\/tr>\n<tr>\n<td>Kwas Pantotenowy<\/td>\n<td>\n<p align=\"right\">3,00 mg (50 %*)<\/p>\n<\/td>\n<td>\n<p align=\"right\">1,50 mg (25 %*)<\/p>\n<\/td>\n<\/tr>\n<tr>\n<td>Witamina B6<\/td>\n<td>\n<p align=\"right\">0,70 mg (50 %*)<\/p>\n<\/td>\n<td>\n<p align=\"right\">0,35 mg (25 %*)<\/p>\n<\/td>\n<\/tr>\n<tr>\n<td>Ryboflawina (Witamina B2)<\/td>\n<td>\n<p align=\"right\">0,70 mg (50 %*)<\/p>\n<\/td>\n<td>\n<p align=\"right\">0,35 mg (25 %*)<\/p>\n<\/td>\n<\/tr>\n<tr>\n<td>Tiamina (Witamina B1)<\/td>\n<td>\n<p align=\"right\">0,55 mg (50 %*)<\/p>\n<\/td>\n<td>\n<p align=\"right\">0,28 mg (25 %*)<\/p>\n<\/td>\n<\/tr>\n<tr>\n<td>Witamina A (\u00b5g RE)<\/td>\n<td>\n<p align=\"right\">400,00 \u00b5g (50 %*)<\/p>\n<\/td>\n<td>\n<p align=\"right\">200,00 \u00b5g (25 %*)<\/p>\n<\/td>\n<\/tr>\n<tr>\n<td>Kwas Foliowy<\/td>\n<td>\n<p align=\"right\">100,00 \u00b5g (50 %*)<\/p>\n<\/td>\n<td>\n<p align=\"right\">50,00 \u00b5g (25 %*)<\/p>\n<\/td>\n<\/tr>\n<tr>\n<td>Biotyna<\/td>\n<td>\n<p align=\"right\">25,00 \u00b5g (50 %*)<\/p>\n<\/td>\n<td>\n<p align=\"right\">12,50 \u00b5g (25 %*)<\/p>\n<\/td>\n<\/tr>\n<tr>\n<td>Witamina D<\/td>\n<td>\n<p align=\"right\">2,50 \u00b5g (50 %*)<\/p>\n<\/td>\n<td>\n<p align=\"right\">1,25 \u00b5g (25 %*)<\/p>\n<\/td>\n<\/tr>\n<tr>\n<td>Witamina B12<\/td>\n<td>\n<p align=\"right\">1,25 \u00b5g (50 %*)<\/p>\n<\/td>\n<td>\n<p align=\"right\">0,63 \u00b5g (25 %*)<\/p>\n<\/td>\n<\/tr>\n<tr>\n<td><b>COMPLEX FOR MEN<\/b><\/td>\n<td>\n<p align=\"right\">\n<\/td>\n<td valign=\"top\"><\/td>\n<\/tr>\n<tr>\n<td>L-Arginina<\/td>\n<td>\n<p align=\"right\">250,00 mg<\/p>\n<\/td>\n<td>\n<p align=\"right\">125,00 mg<\/p>\n<\/td>\n<\/tr>\n<tr>\n<td>Ekstrakt \u017be\u0144-Szenia Korea\u0144skiego\u00a0<i>(Panax ginseng)\u00a0<\/i>[10% Ginsenozyd\u00f3w]<\/td>\n<td>\n<p align=\"right\">100,00 mg<\/p>\n<\/td>\n<td>\n<p align=\"right\">50,00 mg<\/p>\n<\/td>\n<\/tr>\n<tr>\n<td>Kwas D-Asparaginowy (DAA)<\/td>\n<td>\n<p align=\"right\">100,00 mg<\/p>\n<\/td>\n<td>\n<p align=\"right\">50,00 mg<\/p>\n<\/td>\n<\/tr>\n<tr>\n<td>Tauryna<\/td>\n<td>\n<p align=\"right\">100,00 mg<\/p>\n<\/td>\n<td>\n<p align=\"right\">50,00 mg<\/p>\n<\/td>\n<\/tr>\n<tr>\n<td>Magnez<\/td>\n<td>\n<p align=\"right\">100,00 mg (27 %*)<\/p>\n<\/td>\n<td>\n<p align=\"right\">50,00 mg (13 %*)<\/p>\n<\/td>\n<\/tr>\n<tr>\n<td>Cynk<\/td>\n<td>\n<p align=\"right\">5,00 mg (50 %*)<\/p>\n<\/td>\n<td>\n<p align=\"right\">2,50 mg (25 %*)<\/p>\n<\/td>\n<\/tr>\n<\/tbody>\n<\/table>\n<p><b>*<\/b>Referencyjna Warto\u015b\u0107 Spo\u017cycia<\/p>\n<p>** Dzienna porcja produktu<\/p>\n<\/div>\n<h3>SK\u0141ADNIKI\u00a0<em><strong>MULTIVITAMIN FOR MEN<\/strong><\/em><\/h3>\n<p><b>COMPLEX FOR MEN<\/b>\u00a0[L-arginina HCl; magnez (tlenek magnezu); ekstrakt \u017ce\u0144-szenia korea\u0144skiego (<i>Panax ginseng<\/i>) [10 % ginsenozyd\u00f3w]; kwas D-asparaginowy; tauryna; cynk (tlenek cynku)]; otoczka kapsu\u0142ki [substancja glazuruj\u0105ca\u00a0 (hydroksypropylometyloceluloza)];\u00a0<b>MULTIVITAMIN COMPLEX<\/b>\u00a0[witamina C (kwas L-askorbinowy); maltodekstryna; niacyna (amid kwasu nikotynowego); witamina E (octan DL-alfa-tokoferylu); kwas pantotenowy (D-pantotenian wapnia); witamina B6 (chlorowodorek pirydoksyny); ryboflawina; tiamina (monoazotan tiaminy); witamina A (octan retinylu); kwas foliowy (kwas pteroilomonoglutaminowy); biotyna (D-biotyna); witamina D (cholekalcyferol); witamina B12 (cyjanokobalamina)]; substancja przeciwzbrylaj\u0105ca (sole magnezowe kwas\u00f3w t\u0142uszczowych).Produkt mo\u017ce zawiera\u0107:\u00a0<b><u>mleko<\/u><\/b>,\u00a0<b><u>soj\u0119<\/u><\/b>,\u00a0<b><u>zbo\u017ca zawieraj\u0105ce gluten<\/u><\/b>,\u00a0<b><u>jaja<\/u><\/b>,\u00a0<b><u>ryby<\/u><\/b>,\u00a0<b><u>orzeszki ziemne<\/u><\/b>\u00a0i\u00a0<b><u>orzechy<\/u><\/b>.<\/p>\n<div id=\"tab_FXC9C3E3\" class=\"\">\n<div class=\"w-100\">\n<h3>OSTRZE\u017bENIA<\/h3>\n<p>Produkt nie powinien by\u0107 spo\u017cywany w przypadku stosowania lek\u00f3w na nadci\u015bnienie lub cukrzyc\u0119. Produkt nie mo\u017ce by\u0107 stosowany jako substytut zr\u00f3\u017cnicowanej diety. Preparat nie jest przeznaczony dla dzieci, kobiet w ci\u0105\u017cy oraz karmi\u0105cych. Zr\u00f3wnowa\u017cona dieta i zdrowy tryb \u017cycia s\u0105 wa\u017cne.<\/p>\n<\/div>\n<\/div>\n<div id=\"tab_NTVXLQ3B\" class=\"\">\n<div class=\"w-100\">\n<div class=\"b-product-table\">\n<p>&nbsp;<\/p>\n<\/div>\n<\/div>\n<\/div>\n<\/div>\n<\/div>\n","protected":false},"excerpt":{"rendered":"<p>OPIS\u00a0MULTIVITAMIN FOR MEN MULTIVITAMIN FOR MEN\u00a0to suplement diety.Jest to kompleks witamin dla m\u0119\u017cczyzn. MULTIVITAMIN FOR MEN\u00a0zawiera: witaminy C, E i ryboflawin\u0119, kt\u00f3re pomagaj\u0105 w\u00a0ochronie kom\u00f3rek przed stresem oksydacyjnym; witaminy A, D, B6 i B12, kt\u00f3re pomagaj\u0105 w\u00a0prawid\u0142owym funkcjonowaniu uk\u0142adu odporno\u015bciowego, magnez, kt\u00f3ry pomaga w\u00a0utrzymaniu r\u00f3wnowagi elektrolitowej, cynk, kt\u00f3ry wspiera\u00a0prawid\u0142owy poziom testosteronu\u00a0we krwi. &nbsp; MULTIVITAMIN FOR&#8230;<\/p>\n","protected":false},"featured_media":43554,"comment_status":"open","ping_status":"closed","template":"","meta":[],"product_brand":[],"product_cat":[728,869,850],"product_tag":[],"class_list":{"0":"post-43545","1":"product","2":"type-product","3":"status-publish","4":"has-post-thumbnail","6":"product_cat-suplementy-diety","7":"product_cat-witaminy-i-mineraly","8":"product_cat-zdrowie-i-odpornosc","10":"first","11":"instock","12":"taxable","13":"shipping-taxable","14":"purchasable","15":"product-type-simple"},"_links":{"self":[{"href":"https:\/\/muscleforge.nl\/pl\/wp-json\/wp\/v2\/product\/43545","targetHints":{"allow":["GET"]}}],"collection":[{"href":"https:\/\/muscleforge.nl\/pl\/wp-json\/wp\/v2\/product"}],"about":[{"href":"https:\/\/muscleforge.nl\/pl\/wp-json\/wp\/v2\/types\/product"}],"replies":[{"embeddable":true,"href":"https:\/\/muscleforge.nl\/pl\/wp-json\/wp\/v2\/comments?post=43545"}],"wp:featuredmedia":[{"embeddable":true,"href":"https:\/\/muscleforge.nl\/pl\/wp-json\/wp\/v2\/media\/43554"}],"wp:attachment":[{"href":"https:\/\/muscleforge.nl\/pl\/wp-json\/wp\/v2\/media?parent=43545"}],"wp:term":[{"taxonomy":"product_brand","embeddable":true,"href":"https:\/\/muscleforge.nl\/pl\/wp-json\/wp\/v2\/product_brand?post=43545"},{"taxonomy":"product_cat","embeddable":true,"href":"https:\/\/muscleforge.nl\/pl\/wp-json\/wp\/v2\/product_cat?post=43545"},{"taxonomy":"product_tag","embeddable":true,"href":"https:\/\/muscleforge.nl\/pl\/wp-json\/wp\/v2\/product_tag?post=43545"}],"curies":[{"name":"wp","href":"https:\/\/api.w.org\/{rel}","templated":true}]}}