{"id":44834,"date":"2024-04-06T15:00:36","date_gmt":"2024-04-06T13:00:36","guid":{"rendered":"https:\/\/muscleforge.nl\/product\/all-nutrition-protein-isolate-908g\/"},"modified":"2025-06-02T00:07:13","modified_gmt":"2025-06-01T22:07:13","slug":"all-nutrition-protein-isolate-908g","status":"publish","type":"product","link":"https:\/\/muscleforge.nl\/pl\/produkt\/all-nutrition-protein-isolate-908g\/","title":{"rendered":"ALL NUTRITION Protein ISOLATE 908g"},"content":{"rendered":"<h1>ALL NUTRITION Protein ISOLATE<\/h1>\n<div class=\"white_text\">\n<p>IZOLAT BIA\u0141KA SERWATKI W FORMIE PROSZKU<\/p>\n<p>ZAWIERA 85% BIA\u0141KA W JEDNEJ PORCJI<\/p>\n<p>BEZ GLUTENU<\/p>\n<p>BIA\u0141KO POMAGA W ZACHOWANIU ZDROWYCH KO\u015aCI I WZRO\u015aCIE TKANKI MI\u0118\u015aNIOWEJ<\/p>\n<p>WSPANIA\u0141Y WSPARCIE PODCZAS ODCHUDZANIA<\/p>\n<p>ALLNUTRITION ISOLATE PROTEIN to wyj\u0105tkowy suplement diety w formie izolatu bia\u0142ka serwatki (WPI). Ten produkt wyr\u00f3\u017cnia si\u0119 doskona\u0142\u0105 przyswajalno\u015bci\u0105, co oznacza, \u017ce organizm mo\u017ce szybko wykorzysta\u0107 dostarczone mu cenne \u017ar\u00f3d\u0142o bia\u0142ka. Ponadto, izolat obfituje w aminokwasy rozga\u0142\u0119zione BCAA, przy minimalnej zawarto\u015bci cukru i sodu.<\/p>\n<p>Zawsze si\u0119gaj\u0105c po ISOLATE PROTEIN, otrzymujesz a\u017c 85% bia\u0142ka w jednej porcji, co czyni go doskona\u0142ym wyborem dla os\u00f3b d\u0105\u017c\u0105cych do zwi\u0119kszenia masy mi\u0119\u015bniowej i potrzebuj\u0105cych skutecznego wsparcia w procesie regeneracji po intensywnym treningu.<\/p>\n<p>DLACZEGO WARTO SI\u0118GN\u0104\u0106 PO SUPLEMENTACJ\u0118 ISOLATE PROTEIN? NISKI POZIOM W\u0118GLOWODAN\u00d3W I T\u0141USZCZ\u00d3W<\/p>\n<p>Dzi\u0119ki swojej wysokiej warto\u015bci biologicznej wynosz\u0105cej 159 BV, ISOLATE PROTEIN gwarantuje maksymalne wykorzystanie dostarczanego bia\u0142ka przez organizm. Ponadto, dzi\u0119ki niskiej zawarto\u015bci w\u0119glowodan\u00f3w i t\u0142uszcz\u00f3w, jest wyj\u0105tkowo przyswajalny.<\/p>\n<p>POMAGA W BUDOWIE MASY MI\u0118\u015aNIOWEJ<\/p>\n<p>ISOLATE PROTEIN to produkt stworzony z my\u015bl\u0105 o zaspokojeniu zapotrzebowania na bia\u0142ko. Jego cech\u0105 charakterystyczn\u0105 jest ograniczona zawarto\u015b\u0107 dodatkowych sk\u0142adnik\u00f3w, co pozwala dostarczy\u0107 organizmowi znaczn\u0105 ilo\u015b\u0107 czystego bia\u0142ka. Dzi\u0119ki niskiej kaloryczno\u015bci ISOLATE PROTEIN wspiera osoby d\u0105\u017c\u0105ce do zwi\u0119kszenia masy mi\u0119\u015bniowej, nie powoduj\u0105c jednoczesnego wzrostu tkanki t\u0142uszczowej.<\/p>\n<p>&nbsp;<\/p>\n<h3>Zalecane porcjowanie<\/h3>\n<div id=\"dawkowanie\" class=\"ui-tabs-panel ui-widget-content ui-corner-bottom\">\n<p>Od 1 do 2 porcji dziennie. Jedna porcja to 30 g(1,5 miarki) produktu rozpuszczone w 150ml wody lub mleka.<\/p>\n<\/div>\n<\/div>\n<p>&nbsp;<\/p>\n<h3>Sk\u0142ad produktu<\/h3>\n<table>\n<thead>\n<tr>\n<th>Zawarto\u015b\u0107<\/th>\n<th>W 100 g<\/th>\n<th>W porcji 30 g<\/th>\n<\/tr>\n<\/thead>\n<tbody>\n<tr>\n<td>Warto\u015b\u0107 energetyczna<\/td>\n<td>1613 kJ\/380 kcal (1) 1569 kJ\/376 kcal (2,4,5) 1575 kJ\/371 kcal (3)<\/td>\n<td>484 kJ\/114 kcal (1) 479 kJ\/113 kcal (2,4,5) 472 kJ\/111 kcal (3)<\/td>\n<\/tr>\n<tr>\n<td>T\u0142uszcz<\/td>\n<td>2,9 g \/ 3g (3)<\/td>\n<td>0,9 g \/ 0,9 g (3)<\/td>\n<\/tr>\n<tr>\n<td>&#8211; w tym kwasy t\u0142. nasycone<\/td>\n<td>1,8 g \/ 2 g (3)<\/td>\n<td>0,5 g \/ 0,6 g (3)<\/td>\n<\/tr>\n<tr>\n<td>W\u0119glowodany<\/td>\n<td>1,9 g (1) \/ 2,6 g (2,4,5) \/ 4,7 g (3)<\/td>\n<td>0,6 g (1) \/ 0,8 g (2,4,5) \/ 1,4 g (3)<\/td>\n<\/tr>\n<tr>\n<td>&#8211; w tym cukier<\/td>\n<td>1,9 g (1) \/ 2,5 g (2,4,5) \/ 4,5 g (3)<\/td>\n<td>0,6 g (1) \/ 0,8 g (2,4,5) \/ 1,4 g (3)<\/td>\n<\/tr>\n<tr>\n<td>Bia\u0142ko<\/td>\n<td>86,7 g (1) \/ 85 g (2,4,5) \/ 81,4 g (3)<\/td>\n<td>26 g (1) \/ 25,5 g (2,4,5) \/ 24,4 g (3)<\/td>\n<\/tr>\n<tr>\n<td>S\u00f3l<\/td>\n<td>0,3 g \/ 0,9 g (4)<\/td>\n<td>0,1 g \/ 0,3 g (4)<\/td>\n<\/tr>\n<tr>\n<td>Izolat bia\u0142ka serwatki<\/td>\n<td>100 g (1) \/ 98 g (2,4,5) \/ 93,4 g (3)<\/td>\n<td>30 g (1) \/ 29,4 g (2,4,5) \/ 28 g (3)<\/td>\n<\/tr>\n<\/tbody>\n<\/table>\n<p>&nbsp;<\/p>\n<p><strong>Sk\u0142adniki:<\/strong> 100%(1), 98%(2,4,5), 93,4%(3) izolat bia\u0142ka serwatki (z mleka), stabilizator E414, kakao o obni\u017conej zawarto\u015bci t\u0142uszczu (3), chlorek sodu (4), regulator kwasowo\u015bci, kwas jab\u0142kowy (5), emulgator: lecytyna sojowa\/s\u0142onecznikowa, aromat, substancja s\u0142odz\u0105ca: sukraloza. Produkt mo\u017ce zawiera\u0107 orzechy i bia\u0142ka jaj.<\/p>\n<p>Warto\u015bci od\u017cywcze mog\u0105 si\u0119 nieznacznie od siebie r\u00f3\u017cni\u0107 ze wzgl\u0119du na wybrane smaki.<br \/>\n(1) &#8211; dla smak\u00f3w naturalnego<br \/>\n(2) &#8211; dla smak\u00f3w bez ciemnej czekolady<br \/>\n(3) &#8211; dla smak\u00f3w z ciemn\u0105 czekolad\u0105<br \/>\n(4) &#8211; dla smak\u00f3w solonych<br \/>\n(5) \u2013 dla smak\u00f3w owocowych<\/p>\n<div>\n<div><\/div>\n<div id=\"ctl00_ContentPlaceHolder1_EtykietaControl_pAlergeny\"><span id=\"ctl00_ContentPlaceHolder1_EtykietaControl_lblAlergenyNaglowek\" class=\"label-header\"><strong>Alergeny<\/strong>:<\/span><span id=\"ctl00_ContentPlaceHolder1_EtykietaControl_lblAlergeny\" class=\"label-ingridients__list label-allergens\">produkt mo\u017ce zawiera\u0107 orzechy, soj\u0119 i bia\u0142ka jaj<\/span><\/div>\n<\/div>\n","protected":false},"excerpt":{"rendered":"<p>ALL NUTRITION Protein ISOLATE IZOLAT BIA\u0141KA SERWATKI W FORMIE PROSZKU ZAWIERA 85% BIA\u0141KA W JEDNEJ PORCJI BEZ GLUTENU BIA\u0141KO POMAGA W ZACHOWANIU ZDROWYCH KO\u015aCI I WZRO\u015aCIE TKANKI MI\u0118\u015aNIOWEJ WSPANIA\u0141Y WSPARCIE PODCZAS ODCHUDZANIA ALLNUTRITION ISOLATE PROTEIN to wyj\u0105tkowy suplement diety w formie izolatu bia\u0142ka serwatki (WPI). Ten produkt wyr\u00f3\u017cnia si\u0119 doskona\u0142\u0105 przyswajalno\u015bci\u0105, co oznacza, \u017ce organizm&#8230;<\/p>\n","protected":false},"featured_media":44816,"comment_status":"open","ping_status":"closed","template":"","meta":[],"product_brand":[],"product_cat":[728,874],"product_tag":[],"class_list":{"0":"post-44834","1":"product","2":"type-product","3":"status-publish","4":"has-post-thumbnail","6":"product_cat-suplementy-diety","7":"product_cat-izolat-bialka-serwatkowego-wpi","9":"first","10":"instock","11":"sale","12":"taxable","13":"shipping-taxable","14":"purchasable","15":"product-type-variable"},"_links":{"self":[{"href":"https:\/\/muscleforge.nl\/pl\/wp-json\/wp\/v2\/product\/44834","targetHints":{"allow":["GET"]}}],"collection":[{"href":"https:\/\/muscleforge.nl\/pl\/wp-json\/wp\/v2\/product"}],"about":[{"href":"https:\/\/muscleforge.nl\/pl\/wp-json\/wp\/v2\/types\/product"}],"replies":[{"embeddable":true,"href":"https:\/\/muscleforge.nl\/pl\/wp-json\/wp\/v2\/comments?post=44834"}],"wp:featuredmedia":[{"embeddable":true,"href":"https:\/\/muscleforge.nl\/pl\/wp-json\/wp\/v2\/media\/44816"}],"wp:attachment":[{"href":"https:\/\/muscleforge.nl\/pl\/wp-json\/wp\/v2\/media?parent=44834"}],"wp:term":[{"taxonomy":"product_brand","embeddable":true,"href":"https:\/\/muscleforge.nl\/pl\/wp-json\/wp\/v2\/product_brand?post=44834"},{"taxonomy":"product_cat","embeddable":true,"href":"https:\/\/muscleforge.nl\/pl\/wp-json\/wp\/v2\/product_cat?post=44834"},{"taxonomy":"product_tag","embeddable":true,"href":"https:\/\/muscleforge.nl\/pl\/wp-json\/wp\/v2\/product_tag?post=44834"}],"curies":[{"name":"wp","href":"https:\/\/api.w.org\/{rel}","templated":true}]}}