{"id":45293,"date":"2020-09-17T14:11:06","date_gmt":"2020-09-17T12:11:06","guid":{"rendered":"https:\/\/muscleforge.nl\/product\/patriotic-futura-band-black\/"},"modified":"2020-09-17T14:11:06","modified_gmt":"2020-09-17T12:11:06","slug":"patriotic-futura-band-black","status":"publish","type":"product","link":"https:\/\/muscleforge.nl\/pl\/produkt\/patriotic-futura-band-black\/","title":{"rendered":"Patriotic Futura Band Black"},"content":{"rendered":"<h1>Opaska na nadgarstek marki Patriotic<\/h1>\n<p>&nbsp;<\/p>\n<h3><strong>Cechy produktu:<\/strong><br \/>\nz przodu opaski du\u017cy t\u0142oczony nadruk Futura &#8222;Patriotic&#8221;<br \/>\nwewn\u0105trz t\u0142ocze\u0144 trwa\u0142a farba<br \/>\nopaska bardzo elastyczna i wodoodporna<br \/>\nwysoka jako\u015b\u0107 wykonania<br \/>\nobw\u00f3d: 20 cm<\/h3>\n","protected":false},"excerpt":{"rendered":"<p>Opaska na nadgarstek marki Patriotic &nbsp; Cechy produktu: z przodu opaski du\u017cy t\u0142oczony nadruk Futura &#8222;Patriotic&#8221; wewn\u0105trz t\u0142ocze\u0144 trwa\u0142a farba opaska bardzo elastyczna i wodoodporna wysoka jako\u015b\u0107 wykonania obw\u00f3d: 20 cm<\/p>\n","protected":false},"featured_media":11067,"comment_status":"closed","ping_status":"closed","template":"","meta":[],"product_brand":[],"product_cat":[774,780,782],"product_tag":[],"class_list":{"0":"post-45293","1":"product","2":"type-product","3":"status-publish","4":"has-post-thumbnail","6":"product_cat-akcesoria","7":"product_cat-akcesoria-uliczne","8":"product_cat-opaski","10":"first","11":"instock","12":"taxable","13":"shipping-taxable","14":"purchasable","15":"product-type-simple"},"_links":{"self":[{"href":"https:\/\/muscleforge.nl\/pl\/wp-json\/wp\/v2\/product\/45293","targetHints":{"allow":["GET"]}}],"collection":[{"href":"https:\/\/muscleforge.nl\/pl\/wp-json\/wp\/v2\/product"}],"about":[{"href":"https:\/\/muscleforge.nl\/pl\/wp-json\/wp\/v2\/types\/product"}],"replies":[{"embeddable":true,"href":"https:\/\/muscleforge.nl\/pl\/wp-json\/wp\/v2\/comments?post=45293"}],"wp:featuredmedia":[{"embeddable":true,"href":"https:\/\/muscleforge.nl\/pl\/wp-json\/wp\/v2\/media\/11067"}],"wp:attachment":[{"href":"https:\/\/muscleforge.nl\/pl\/wp-json\/wp\/v2\/media?parent=45293"}],"wp:term":[{"taxonomy":"product_brand","embeddable":true,"href":"https:\/\/muscleforge.nl\/pl\/wp-json\/wp\/v2\/product_brand?post=45293"},{"taxonomy":"product_cat","embeddable":true,"href":"https:\/\/muscleforge.nl\/pl\/wp-json\/wp\/v2\/product_cat?post=45293"},{"taxonomy":"product_tag","embeddable":true,"href":"https:\/\/muscleforge.nl\/pl\/wp-json\/wp\/v2\/product_tag?post=45293"}],"curies":[{"name":"wp","href":"https:\/\/api.w.org\/{rel}","templated":true}]}}