{"id":45963,"date":"2024-04-18T17:39:04","date_gmt":"2024-04-18T15:39:04","guid":{"rendered":"https:\/\/muscleforge.nl\/product\/olavoga-spodnie-dresowe-forest-khaki\/"},"modified":"2026-01-31T14:44:00","modified_gmt":"2026-01-31T13:44:00","slug":"olavoga-spodnie-dresowe-forest-khaki","status":"publish","type":"product","link":"https:\/\/muscleforge.nl\/pl\/produkt\/olavoga-spodnie-dresowe-forest-khaki\/","title":{"rendered":"Olavoga Spodnie Dresowe Forest Khaki"},"content":{"rendered":"<h3>Olavoga Spodnie Dresowe Forest<\/h3>\n<div id=\"tw-target-text\" class=\"tw-data-text tw-text-large tw-ta\" data-placeholder=\"T\u0142umaczenie\" aria-label=\"Przet\u0142umaczony tekst\" data-ved=\"2ahUKEwjQu6aTycSFAxUqgP0HHTG7DJ0Q3ewLegQICxAU\"><span class=\"Y2IQFc\" lang=\"pl\">Materia\u0142: 80% bawe\u0142na, 16% poliester, 4% elastan<\/span><\/div>\n<div data-placeholder=\"T\u0142umaczenie\" aria-label=\"Przet\u0142umaczony tekst\" data-ved=\"2ahUKEwjQu6aTycSFAxUqgP0HHTG7DJ0Q3ewLegQICxAU\"><\/div>\n<table>\n<thead>\n<tr>\n<th>Wielko\u015b\u0107<\/th>\n<th>M<\/th>\n<th>L<\/th>\n<th>XL<\/th>\n<\/tr>\n<\/thead>\n<tbody>\n<tr>\n<td>Obw\u00f3d w pasie (materia\u0142 rozci\u0105ga si\u0119 do 8 cm)<\/td>\n<td>86 cm<\/td>\n<td>90 cm<\/td>\n<td>94 cm<\/td>\n<\/tr>\n<tr>\n<td>Obw\u00f3d w biodrach (materia\u0142 rozci\u0105ga si\u0119 do 10 cm)<\/td>\n<td>112 cm<\/td>\n<td>116 cm<\/td>\n<td>118 cm<\/td>\n<\/tr>\n<tr>\n<td>Stan<\/td>\n<td>28 cm<\/td>\n<td>29 cm<\/td>\n<td>30 cm<\/td>\n<\/tr>\n<tr>\n<td>D\u0142ugo\u015b\u0107 zewn\u0119trzna nogawki<\/td>\n<td>101 cm<\/td>\n<td>102 cm<\/td>\n<td>103 cm<\/td>\n<\/tr>\n<tr>\n<td>D\u0142ugo\u015b\u0107 wewn\u0119trzna nogawki<\/td>\n<td>77 cm<\/td>\n<td>78 cm<\/td>\n<td>78 cm<\/td>\n<\/tr>\n<tr>\n<td>Obw\u00f3d nogawki na dole (materia\u0142 rozci\u0105ga si\u0119 do 5 cm)<\/td>\n<td>28 cm<\/td>\n<td>28 cm<\/td>\n<td>30 cm<\/td>\n<\/tr>\n<\/tbody>\n<\/table>\n<p>&nbsp;<\/p>\n","protected":false},"excerpt":{"rendered":"<p>Olavoga Spodnie Dresowe Forest Materia\u0142: 80% bawe\u0142na, 16% poliester, 4% elastan Wielko\u015b\u0107 M L XL Obw\u00f3d w pasie (materia\u0142 rozci\u0105ga si\u0119 do 8 cm) 86 cm 90 cm 94 cm Obw\u00f3d w biodrach (materia\u0142 rozci\u0105ga si\u0119 do 10 cm) 112 cm 116 cm 118 cm Stan 28 cm 29 cm 30 cm D\u0142ugo\u015b\u0107 zewn\u0119trzna nogawki&#8230;<\/p>\n","protected":false},"featured_media":45924,"comment_status":"open","ping_status":"closed","template":"","meta":[],"product_brand":[],"product_cat":[798,799,800,801,803],"product_tag":[],"class_list":{"0":"post-45963","1":"product","2":"type-product","3":"status-publish","4":"has-post-thumbnail","6":"product_cat-odziez","7":"product_cat-dla-mezczyzn","8":"product_cat-promocja","9":"product_cat-spodnie","10":"product_cat-spodnie-dresowe","12":"first","13":"instock","14":"sale","15":"taxable","16":"shipping-taxable","17":"purchasable","18":"product-type-variable"},"_links":{"self":[{"href":"https:\/\/muscleforge.nl\/pl\/wp-json\/wp\/v2\/product\/45963","targetHints":{"allow":["GET"]}}],"collection":[{"href":"https:\/\/muscleforge.nl\/pl\/wp-json\/wp\/v2\/product"}],"about":[{"href":"https:\/\/muscleforge.nl\/pl\/wp-json\/wp\/v2\/types\/product"}],"replies":[{"embeddable":true,"href":"https:\/\/muscleforge.nl\/pl\/wp-json\/wp\/v2\/comments?post=45963"}],"wp:featuredmedia":[{"embeddable":true,"href":"https:\/\/muscleforge.nl\/pl\/wp-json\/wp\/v2\/media\/45924"}],"wp:attachment":[{"href":"https:\/\/muscleforge.nl\/pl\/wp-json\/wp\/v2\/media?parent=45963"}],"wp:term":[{"taxonomy":"product_brand","embeddable":true,"href":"https:\/\/muscleforge.nl\/pl\/wp-json\/wp\/v2\/product_brand?post=45963"},{"taxonomy":"product_cat","embeddable":true,"href":"https:\/\/muscleforge.nl\/pl\/wp-json\/wp\/v2\/product_cat?post=45963"},{"taxonomy":"product_tag","embeddable":true,"href":"https:\/\/muscleforge.nl\/pl\/wp-json\/wp\/v2\/product_tag?post=45963"}],"curies":[{"name":"wp","href":"https:\/\/api.w.org\/{rel}","templated":true}]}}