{"id":46168,"date":"2024-04-26T14:12:51","date_gmt":"2024-04-26T12:12:51","guid":{"rendered":"https:\/\/muscleforge.nl\/product\/olavoga-blank-baseball-jacket-beige\/"},"modified":"2025-06-02T00:07:06","modified_gmt":"2025-06-01T22:07:06","slug":"olavoga-blank-baseball-jacket-beige","status":"publish","type":"product","link":"https:\/\/muscleforge.nl\/pl\/produkt\/olavoga-blank-baseball-jacket-beige\/","title":{"rendered":"Olavoga Blank Baseball Jacket Beige"},"content":{"rendered":"<div>\n<h3>Kurtka m\u0119ska marki Olavoga<\/h3>\n<p><strong>Cechy produktu:<\/strong><br \/>\nWiosenna kurtka zapinana na guziki.<br \/>\nNa przodzie delikatne haft z logo marki.<br \/>\nNa plecach du\u017cy haft w kolorystyce produktu OLAVOGA SINCE 2015.<br \/>\nPosiada sk\u00f3rzane kieszenie po bokach produktu.<br \/>\nR\u0119kawy wykonane ze sk\u00f3ry, natomiast reszta wykonana z wysokiej jako\u015bci we\u0142ny.<\/p>\n<\/div>\n<div><\/div>\n<div><\/div>\n<h3><img loading=\"lazy\" decoding=\"async\" class=\"alignnone wp-image-46096 size-full\" src=\"https:\/\/muscleforge.nl\/wp-content\/uploads\/2024\/04\/Olavoga-Blank-Baseball-Jacket9.png\" alt=\"\" width=\"857\" height=\"344\" srcset=\"https:\/\/muscleforge.nl\/wp-content\/uploads\/2024\/04\/Olavoga-Blank-Baseball-Jacket9.png 857w, https:\/\/muscleforge.nl\/wp-content\/uploads\/2024\/04\/Olavoga-Blank-Baseball-Jacket9-300x120.png 300w, https:\/\/muscleforge.nl\/wp-content\/uploads\/2024\/04\/Olavoga-Blank-Baseball-Jacket9-768x308.png 768w, https:\/\/muscleforge.nl\/wp-content\/uploads\/2024\/04\/Olavoga-Blank-Baseball-Jacket9-580x233.png 580w, https:\/\/muscleforge.nl\/wp-content\/uploads\/2024\/04\/Olavoga-Blank-Baseball-Jacket9-600x241.png 600w\" sizes=\"auto, (max-width: 857px) 100vw, 857px\" \/><\/h3>\n","protected":false},"excerpt":{"rendered":"<p>Kurtka m\u0119ska marki Olavoga Cechy produktu: Wiosenna kurtka zapinana na guziki. Na przodzie delikatne haft z logo marki. Na plecach du\u017cy haft w kolorystyce produktu OLAVOGA SINCE 2015. Posiada sk\u00f3rzane kieszenie po bokach produktu. R\u0119kawy wykonane ze sk\u00f3ry, natomiast reszta wykonana z wysokiej jako\u015bci we\u0142ny.<\/p>\n","protected":false},"featured_media":46153,"comment_status":"open","ping_status":"closed","template":"","meta":[],"product_brand":[],"product_cat":[798,799,800,804,805,806],"product_tag":[],"class_list":{"0":"post-46168","1":"product","2":"type-product","3":"status-publish","4":"has-post-thumbnail","6":"product_cat-odziez","7":"product_cat-dla-mezczyzn","8":"product_cat-promocja","9":"product_cat-kurtki","10":"product_cat-kurtki-letnie","11":"product_cat-kurtki-zimowe","13":"first","14":"instock","15":"sale","16":"taxable","17":"shipping-taxable","18":"purchasable","19":"product-type-variable"},"_links":{"self":[{"href":"https:\/\/muscleforge.nl\/pl\/wp-json\/wp\/v2\/product\/46168","targetHints":{"allow":["GET"]}}],"collection":[{"href":"https:\/\/muscleforge.nl\/pl\/wp-json\/wp\/v2\/product"}],"about":[{"href":"https:\/\/muscleforge.nl\/pl\/wp-json\/wp\/v2\/types\/product"}],"replies":[{"embeddable":true,"href":"https:\/\/muscleforge.nl\/pl\/wp-json\/wp\/v2\/comments?post=46168"}],"wp:featuredmedia":[{"embeddable":true,"href":"https:\/\/muscleforge.nl\/pl\/wp-json\/wp\/v2\/media\/46153"}],"wp:attachment":[{"href":"https:\/\/muscleforge.nl\/pl\/wp-json\/wp\/v2\/media?parent=46168"}],"wp:term":[{"taxonomy":"product_brand","embeddable":true,"href":"https:\/\/muscleforge.nl\/pl\/wp-json\/wp\/v2\/product_brand?post=46168"},{"taxonomy":"product_cat","embeddable":true,"href":"https:\/\/muscleforge.nl\/pl\/wp-json\/wp\/v2\/product_cat?post=46168"},{"taxonomy":"product_tag","embeddable":true,"href":"https:\/\/muscleforge.nl\/pl\/wp-json\/wp\/v2\/product_tag?post=46168"}],"curies":[{"name":"wp","href":"https:\/\/api.w.org\/{rel}","templated":true}]}}