{"id":46289,"date":"2024-04-27T14:52:26","date_gmt":"2024-04-27T12:52:26","guid":{"rendered":"https:\/\/muscleforge.nl\/product\/olavoga-clark-jeans-dark-navy\/"},"modified":"2025-06-02T00:07:04","modified_gmt":"2025-06-01T22:07:04","slug":"olavoga-clark-jeans-dark-navy","status":"publish","type":"product","link":"https:\/\/muscleforge.nl\/pl\/produkt\/olavoga-clark-jeans-dark-navy\/","title":{"rendered":"Olavoga Clark Jeans Dark Navy"},"content":{"rendered":"<h3>Spodnie jeansowe m\u0119skie marki Olavoga<\/h3>\n<div>\n<p>Dopasowane jeansy uszyte z najwy\u017cszej jako\u015bci denimu.<br \/>Liczne zdobienia w postaci ekspresu, sk\u00f3rzanej kieszeni i chlapania bia\u0142\u0105 farb\u0105.<br \/>Spodnie zapinane na breandowany guzik oraz zamek, w pasie szlufki na pasek.<\/p>\n<\/div>\n<p><\/p>\n<p><img loading=\"lazy\" decoding=\"async\" class=\"alignnone wp-image-46272 size-full\" src=\"https:\/\/muscleforge.nl\/wp-content\/uploads\/2024\/04\/Olavoga-Clark-Jeans-Black9.png\" alt=\"\" width=\"878\" height=\"370\" data-mce-src=\"https:\/\/muscleforge.nl\/wp-content\/uploads\/2024\/04\/Olavoga-Clark-Jeans-Black9.png\" srcset=\"https:\/\/muscleforge.nl\/wp-content\/uploads\/2024\/04\/Olavoga-Clark-Jeans-Black9.png 878w, https:\/\/muscleforge.nl\/wp-content\/uploads\/2024\/04\/Olavoga-Clark-Jeans-Black9-300x126.png 300w, https:\/\/muscleforge.nl\/wp-content\/uploads\/2024\/04\/Olavoga-Clark-Jeans-Black9-768x324.png 768w, https:\/\/muscleforge.nl\/wp-content\/uploads\/2024\/04\/Olavoga-Clark-Jeans-Black9-580x244.png 580w, https:\/\/muscleforge.nl\/wp-content\/uploads\/2024\/04\/Olavoga-Clark-Jeans-Black9-860x362.png 860w, https:\/\/muscleforge.nl\/wp-content\/uploads\/2024\/04\/Olavoga-Clark-Jeans-Black9-600x253.png 600w\" sizes=\"auto, (max-width: 878px) 100vw, 878px\" \/><\/p>\n","protected":false},"excerpt":{"rendered":"<p><br data-mce-bogus=\"1\"><\/p>\n","protected":false},"featured_media":46296,"comment_status":"open","ping_status":"closed","template":"","meta":[],"product_brand":[],"product_cat":[798,799,800,801],"product_tag":[],"class_list":{"0":"post-46289","1":"product","2":"type-product","3":"status-publish","4":"has-post-thumbnail","6":"product_cat-odziez","7":"product_cat-dla-mezczyzn","8":"product_cat-promocja","9":"product_cat-spodnie","11":"first","12":"instock","13":"sale","14":"taxable","15":"shipping-taxable","16":"purchasable","17":"product-type-variable"},"_links":{"self":[{"href":"https:\/\/muscleforge.nl\/pl\/wp-json\/wp\/v2\/product\/46289","targetHints":{"allow":["GET"]}}],"collection":[{"href":"https:\/\/muscleforge.nl\/pl\/wp-json\/wp\/v2\/product"}],"about":[{"href":"https:\/\/muscleforge.nl\/pl\/wp-json\/wp\/v2\/types\/product"}],"replies":[{"embeddable":true,"href":"https:\/\/muscleforge.nl\/pl\/wp-json\/wp\/v2\/comments?post=46289"}],"wp:featuredmedia":[{"embeddable":true,"href":"https:\/\/muscleforge.nl\/pl\/wp-json\/wp\/v2\/media\/46296"}],"wp:attachment":[{"href":"https:\/\/muscleforge.nl\/pl\/wp-json\/wp\/v2\/media?parent=46289"}],"wp:term":[{"taxonomy":"product_brand","embeddable":true,"href":"https:\/\/muscleforge.nl\/pl\/wp-json\/wp\/v2\/product_brand?post=46289"},{"taxonomy":"product_cat","embeddable":true,"href":"https:\/\/muscleforge.nl\/pl\/wp-json\/wp\/v2\/product_cat?post=46289"},{"taxonomy":"product_tag","embeddable":true,"href":"https:\/\/muscleforge.nl\/pl\/wp-json\/wp\/v2\/product_tag?post=46289"}],"curies":[{"name":"wp","href":"https:\/\/api.w.org\/{rel}","templated":true}]}}