{"id":46323,"date":"2024-04-27T16:03:25","date_gmt":"2024-04-27T14:03:25","guid":{"rendered":"https:\/\/muscleforge.nl\/product\/olavoga-balance-hoodie-gray-melange\/"},"modified":"2025-06-02T00:07:04","modified_gmt":"2025-06-01T22:07:04","slug":"olavoga-balance-hoodie-gray-melange","status":"publish","type":"product","link":"https:\/\/muscleforge.nl\/pl\/produkt\/olavoga-balance-hoodie-gray-melange\/","title":{"rendered":"Olavoga Balance Hoodie Gray Melange"},"content":{"rendered":"<h3>Bluza m\u0119ska marki Olavoga<\/h3>\n<div>\n<p><strong>Cechy produktu:<\/strong><br \/>\nSportowa bluza z kapturem, klasyczny kr\u00f3j kangurki.<br \/>\nNa lewej piersi naszyta firmowa naszywka<br \/>\nPrzednia kiesze\u0144 typu kangur<br \/>\nNa r\u0119kawach lampasy z ozdobnym haftem\u00a0<b>OLAVOGA<\/b><\/div>\n<p>&nbsp;<\/p>\n<p><img loading=\"lazy\" decoding=\"async\" class=\"alignnone wp-image-46314 size-full\" src=\"https:\/\/muscleforge.nl\/wp-content\/uploads\/2024\/04\/Olavoga-Balance-Hoodie-Gray-Melange9.webp\" alt=\"\" width=\"512\" height=\"224\" srcset=\"https:\/\/muscleforge.nl\/wp-content\/uploads\/2024\/04\/Olavoga-Balance-Hoodie-Gray-Melange9.webp 512w, https:\/\/muscleforge.nl\/wp-content\/uploads\/2024\/04\/Olavoga-Balance-Hoodie-Gray-Melange9-300x131.webp 300w\" sizes=\"auto, (max-width: 512px) 100vw, 512px\" \/><\/p>\n","protected":false},"excerpt":{"rendered":"<p>Bluza m\u0119ska marki Olavoga Cechy produktu: Sportowa bluza z kapturem, klasyczny kr\u00f3j kangurki. Na lewej piersi naszyta firmowa naszywka Przednia kiesze\u0144 typu kangur Na r\u0119kawach lampasy z ozdobnym haftem\u00a0OLAVOGA &nbsp;<\/p>\n","protected":false},"featured_media":46322,"comment_status":"open","ping_status":"closed","template":"","meta":[],"product_brand":[],"product_cat":[798,799,800,814,891],"product_tag":[],"class_list":{"0":"post-46323","1":"product","2":"type-product","3":"status-publish","4":"has-post-thumbnail","6":"product_cat-odziez","7":"product_cat-dla-mezczyzn","8":"product_cat-promocja","9":"product_cat-bez-kaptura","10":"product_cat-z-kapturem-pl-2","12":"first","13":"instock","14":"sale","15":"taxable","16":"shipping-taxable","17":"purchasable","18":"product-type-variable"},"_links":{"self":[{"href":"https:\/\/muscleforge.nl\/pl\/wp-json\/wp\/v2\/product\/46323","targetHints":{"allow":["GET"]}}],"collection":[{"href":"https:\/\/muscleforge.nl\/pl\/wp-json\/wp\/v2\/product"}],"about":[{"href":"https:\/\/muscleforge.nl\/pl\/wp-json\/wp\/v2\/types\/product"}],"replies":[{"embeddable":true,"href":"https:\/\/muscleforge.nl\/pl\/wp-json\/wp\/v2\/comments?post=46323"}],"wp:featuredmedia":[{"embeddable":true,"href":"https:\/\/muscleforge.nl\/pl\/wp-json\/wp\/v2\/media\/46322"}],"wp:attachment":[{"href":"https:\/\/muscleforge.nl\/pl\/wp-json\/wp\/v2\/media?parent=46323"}],"wp:term":[{"taxonomy":"product_brand","embeddable":true,"href":"https:\/\/muscleforge.nl\/pl\/wp-json\/wp\/v2\/product_brand?post=46323"},{"taxonomy":"product_cat","embeddable":true,"href":"https:\/\/muscleforge.nl\/pl\/wp-json\/wp\/v2\/product_cat?post=46323"},{"taxonomy":"product_tag","embeddable":true,"href":"https:\/\/muscleforge.nl\/pl\/wp-json\/wp\/v2\/product_tag?post=46323"}],"curies":[{"name":"wp","href":"https:\/\/api.w.org\/{rel}","templated":true}]}}