{"id":46633,"date":"2024-05-03T14:03:36","date_gmt":"2024-05-03T12:03:36","guid":{"rendered":"https:\/\/muscleforge.nl\/product\/pit-bull-sunglasses-pepper-black-black\/"},"modified":"2025-06-02T00:06:59","modified_gmt":"2025-06-01T22:06:59","slug":"pit-bull-sunglasses-pepper-black-black","status":"publish","type":"product","link":"https:\/\/muscleforge.nl\/pl\/produkt\/pit-bull-sunglasses-pepper-black-black\/","title":{"rendered":"PIT BULL SUNGLASSES PEPPER BLACK-BLACK"},"content":{"rendered":"<h3>Okulary przeciws\u0142oneczne z kolekcji firmy PITBULL \u2013 Pepper<\/h3>\n<p>&#8211; sportowy fason<br \/>\n&#8211; czarne grube oprawki<br \/>\n&#8211; idealne do uprawiania wszystkich sport\u00f3w, wszelkiej aktywno\u015bci fizycznej jak i na co dzie\u0144<br \/>\n&#8211; wykonane z najwy\u017cszej jako\u015bci materia\u0142u kt\u00f3ry jest wytrzyma\u0142y na uderzenia, elastyczny oraz ma w\u0142a\u015bciwo\u015bci antyalergiczne<br \/>\n&#8211; soczewki polaryzowane TAC o grubo\u015bci ponad 1mm dodatkowo chronione specjaln\u0105 warstw\u0105 tworzywa odpornego na \u015bcieranie i p\u0119kanie<br \/>\n&#8211; zapewniaj\u0105 100% ochron\u0119 przed promieniowaniem UV oraz eliminuj\u0105 99% odblask\u00f3w \u015bwietlnych<br \/>\n&#8211; szk\u0142a zastosowane w okularach maj\u0105 idealn\u0105 przejrzysto\u015b\u0107 oraz zapewniaj\u0105 pe\u0142ny komfort widzenia<br \/>\n&#8211; dzi\u0119ki warstwom ochronnym szk\u0142a zachowuj\u0105 stabilno\u015b\u0107, nie kurcz\u0105 si\u0119 oraz nie ulegaj\u0105 rozwarstwieniu.<br \/>\n&#8211; specjalna pow\u0142oka REVO o wielowarstwowej strukturze, kt\u00f3ra chroni wzrok przed skutkami oddzia\u0142ywania promieniowania ultrafioletowego oraz ogranicza ilo\u015b\u0107 ciep\u0142a dop\u0142ywaj\u0105c\u0105 do naszych oczu<br \/>\n&#8211; okulary z pow\u0142ok\u0105 REVO gwarantuj\u0105 wysoki kontrast, jak r\u00f3wnie\u017c precyzyjne odwzorowanie wszystkich barw.<br \/>\n&#8211; napis Pitbull na zausznikach oraz na lewej soczewce<br \/>\n&#8211; okulary s\u0105 w komplecie z etui oraz woreczkiem pe\u0142ni\u0105cym rol\u0119 \u015bciereczki<\/p>\n<p>Dane techniczne:<\/p>\n<p>&#8211; materia\u0142 oprawek: Grilamid TR90 (NYLON), poliw\u0119glan<br \/>\n&#8211; soczewki: REVO, polaryzowane TAC &gt;1mm, \ufb01ltr UV 400 kt\u00f3ry blokuje 3 zakresy promieniowania ultra\ufb01oletowego: UVA, UVB i UVC. Kategoria przepuszczalno\u015bci \u015bwiat\u0142a i stopie\u0144 przyciemnienia szkie\u0142: kat. 3 (8%-18%) intensywne \u015bwiat\u0142o s\u0142oneczne.<br \/>\n&#8211; wymiary: odleg\u0142o\u015b\u0107 mi\u0119dzy zawiasami: 13,3 cm, wysoko\u015b\u0107 szkie\u0142 z oprawk\u0105: 4,2 cm<\/p>\n","protected":false},"excerpt":{"rendered":"<p>Okulary przeciws\u0142oneczne z kolekcji firmy PITBULL \u2013 Pepper &#8211; sportowy fason &#8211; czarne grube oprawki &#8211; idealne do uprawiania wszystkich sport\u00f3w, wszelkiej aktywno\u015bci fizycznej jak i na co dzie\u0144 &#8211; wykonane z najwy\u017cszej jako\u015bci materia\u0142u kt\u00f3ry jest wytrzyma\u0142y na uderzenia, elastyczny oraz ma w\u0142a\u015bciwo\u015bci antyalergiczne &#8211; soczewki polaryzowane TAC o grubo\u015bci ponad 1mm dodatkowo chronione&#8230;<\/p>\n","protected":false},"featured_media":46632,"comment_status":"open","ping_status":"closed","template":"","meta":[],"product_brand":[],"product_cat":[774,780,795],"product_tag":[],"class_list":{"0":"post-46633","1":"product","2":"type-product","3":"status-publish","4":"has-post-thumbnail","6":"product_cat-akcesoria","7":"product_cat-akcesoria-uliczne","8":"product_cat-okulary-przeciwsloneczne","10":"first","11":"instock","12":"taxable","13":"shipping-taxable","14":"purchasable","15":"product-type-simple"},"_links":{"self":[{"href":"https:\/\/muscleforge.nl\/pl\/wp-json\/wp\/v2\/product\/46633","targetHints":{"allow":["GET"]}}],"collection":[{"href":"https:\/\/muscleforge.nl\/pl\/wp-json\/wp\/v2\/product"}],"about":[{"href":"https:\/\/muscleforge.nl\/pl\/wp-json\/wp\/v2\/types\/product"}],"replies":[{"embeddable":true,"href":"https:\/\/muscleforge.nl\/pl\/wp-json\/wp\/v2\/comments?post=46633"}],"wp:featuredmedia":[{"embeddable":true,"href":"https:\/\/muscleforge.nl\/pl\/wp-json\/wp\/v2\/media\/46632"}],"wp:attachment":[{"href":"https:\/\/muscleforge.nl\/pl\/wp-json\/wp\/v2\/media?parent=46633"}],"wp:term":[{"taxonomy":"product_brand","embeddable":true,"href":"https:\/\/muscleforge.nl\/pl\/wp-json\/wp\/v2\/product_brand?post=46633"},{"taxonomy":"product_cat","embeddable":true,"href":"https:\/\/muscleforge.nl\/pl\/wp-json\/wp\/v2\/product_cat?post=46633"},{"taxonomy":"product_tag","embeddable":true,"href":"https:\/\/muscleforge.nl\/pl\/wp-json\/wp\/v2\/product_tag?post=46633"}],"curies":[{"name":"wp","href":"https:\/\/api.w.org\/{rel}","templated":true}]}}