{"id":47650,"date":"2024-07-11T17:34:38","date_gmt":"2024-07-11T15:34:38","guid":{"rendered":"https:\/\/muscleforge.nl\/product\/pit-bull-mens-cargo-short-jackal-black\/"},"modified":"2025-06-02T00:06:55","modified_gmt":"2025-06-01T22:06:55","slug":"pit-bull-mens-cargo-short-jackal-black","status":"publish","type":"product","link":"https:\/\/muscleforge.nl\/pl\/produkt\/pit-bull-mens-cargo-short-jackal-black\/","title":{"rendered":"PIT BULL MENS CARGO SHORT JACKAL BLACK"},"content":{"rendered":"<h3>PIT BULL MENS CARGO SHORT JACKAL<\/h3>\n<p>Szorty boj\u00f3wki z kolekcji wiosna \/ lato firmy PITBULL \u2013 Jackal<\/p>\n<p>&#8211; regularny fason<br \/>\n&#8211; spodenki wykonane z mocnej tkaniny bawe\u0142nianej \u015bredniej grubo\u015bci<br \/>\n&#8211; dzi\u0119ki domieszce elastanu spodenki s\u0105 lekko elastyczne i nie kr\u0119puj\u0105 ruch\u00f3w<br \/>\n&#8211; lekko zw\u0119\u017cane nogawki nad kolano<br \/>\n&#8211; dwie klasyczne kieszenie na r\u0119ce<br \/>\n&#8211; na nogawkach pojemne kieszenie boczne zapinane na zatrzaski<br \/>\n&#8211; tylne kieszenie przykryte klapami zapinanymi na zatrzaski<br \/>\n&#8211; zapinane na zamek i guzik<br \/>\n&#8211; sk\u0142ad materia\u0142u: 98% bawe\u0142na \/ 2% elastan<\/p>\n<p>&nbsp;<\/p>\n<p><img loading=\"lazy\" decoding=\"async\" class=\"alignnone wp-image-47639 size-full\" src=\"https:\/\/muscleforge.nl\/wp-content\/uploads\/2024\/07\/Zrzut-ekranu-2023-06-09-165720.jpg\" alt=\"\" width=\"362\" height=\"500\" srcset=\"https:\/\/muscleforge.nl\/wp-content\/uploads\/2024\/07\/Zrzut-ekranu-2023-06-09-165720.jpg 362w, https:\/\/muscleforge.nl\/wp-content\/uploads\/2024\/07\/Zrzut-ekranu-2023-06-09-165720-217x300.jpg 217w\" sizes=\"auto, (max-width: 362px) 100vw, 362px\" \/><\/p>\n<p><img loading=\"lazy\" decoding=\"async\" class=\"alignnone wp-image-47642 size-full\" src=\"https:\/\/muscleforge.nl\/wp-content\/uploads\/2024\/07\/PIT-BULL-MENS-CARGO-SHORT-JACKAL-BLACK9.jpg\" alt=\"\" width=\"603\" height=\"288\" srcset=\"https:\/\/muscleforge.nl\/wp-content\/uploads\/2024\/07\/PIT-BULL-MENS-CARGO-SHORT-JACKAL-BLACK9.jpg 603w, https:\/\/muscleforge.nl\/wp-content\/uploads\/2024\/07\/PIT-BULL-MENS-CARGO-SHORT-JACKAL-BLACK9-300x143.jpg 300w, https:\/\/muscleforge.nl\/wp-content\/uploads\/2024\/07\/PIT-BULL-MENS-CARGO-SHORT-JACKAL-BLACK9-580x277.jpg 580w, https:\/\/muscleforge.nl\/wp-content\/uploads\/2024\/07\/PIT-BULL-MENS-CARGO-SHORT-JACKAL-BLACK9-600x287.jpg 600w\" sizes=\"auto, (max-width: 603px) 100vw, 603px\" \/><\/p>\n","protected":false},"excerpt":{"rendered":"<p>PIT BULL MENS CARGO SHORT JACKAL Szorty boj\u00f3wki z kolekcji wiosna \/ lato firmy PITBULL \u2013 Jackal &#8211; regularny fason &#8211; spodenki wykonane z mocnej tkaniny bawe\u0142nianej \u015bredniej grubo\u015bci &#8211; dzi\u0119ki domieszce elastanu spodenki s\u0105 lekko elastyczne i nie kr\u0119puj\u0105 ruch\u00f3w &#8211; lekko zw\u0119\u017cane nogawki nad kolano &#8211; dwie klasyczne kieszenie na r\u0119ce &#8211; na&#8230;<\/p>\n","protected":false},"featured_media":47635,"comment_status":"open","ping_status":"closed","template":"","meta":[],"product_brand":[],"product_cat":[798,799,800,807],"product_tag":[],"class_list":{"0":"post-47650","1":"product","2":"type-product","3":"status-publish","4":"has-post-thumbnail","6":"product_cat-odziez","7":"product_cat-dla-mezczyzn","8":"product_cat-promocja","9":"product_cat-kr","11":"first","12":"instock","13":"sale","14":"taxable","15":"shipping-taxable","16":"purchasable","17":"product-type-variable"},"_links":{"self":[{"href":"https:\/\/muscleforge.nl\/pl\/wp-json\/wp\/v2\/product\/47650","targetHints":{"allow":["GET"]}}],"collection":[{"href":"https:\/\/muscleforge.nl\/pl\/wp-json\/wp\/v2\/product"}],"about":[{"href":"https:\/\/muscleforge.nl\/pl\/wp-json\/wp\/v2\/types\/product"}],"replies":[{"embeddable":true,"href":"https:\/\/muscleforge.nl\/pl\/wp-json\/wp\/v2\/comments?post=47650"}],"wp:featuredmedia":[{"embeddable":true,"href":"https:\/\/muscleforge.nl\/pl\/wp-json\/wp\/v2\/media\/47635"}],"wp:attachment":[{"href":"https:\/\/muscleforge.nl\/pl\/wp-json\/wp\/v2\/media?parent=47650"}],"wp:term":[{"taxonomy":"product_brand","embeddable":true,"href":"https:\/\/muscleforge.nl\/pl\/wp-json\/wp\/v2\/product_brand?post=47650"},{"taxonomy":"product_cat","embeddable":true,"href":"https:\/\/muscleforge.nl\/pl\/wp-json\/wp\/v2\/product_cat?post=47650"},{"taxonomy":"product_tag","embeddable":true,"href":"https:\/\/muscleforge.nl\/pl\/wp-json\/wp\/v2\/product_tag?post=47650"}],"curies":[{"name":"wp","href":"https:\/\/api.w.org\/{rel}","templated":true}]}}