{"id":47672,"date":"2024-07-11T17:54:03","date_gmt":"2024-07-11T15:54:03","guid":{"rendered":"https:\/\/muscleforge.nl\/product\/pit-bull-tarento-shorts-black\/"},"modified":"2025-06-02T00:06:55","modified_gmt":"2025-06-01T22:06:55","slug":"pit-bull-tarento-shorts-black","status":"publish","type":"product","link":"https:\/\/muscleforge.nl\/pl\/produkt\/pit-bull-tarento-shorts-black\/","title":{"rendered":"PIT BULL TARENTO SHORTS BLACK"},"content":{"rendered":"<h3>PIT BULL TARENTO SHOR TS<\/h3>\n<p>Szorty dresowe m\u0119skie z kolekcji wiosna \/ lato 2023 firmy PIT BULL WEST COAST \u2013 Tarento<\/p>\n<p>SERIA HEAVY WEIGHT 210 SPANDEX<\/p>\n<p>&#8211; fason ze zw\u0119\u017canymi nogawkami<br \/>\n&#8211; spodnie wykonane z lekko elastycznej mi\u0119kkiej bawe\u0142ny o gramaturze 210 g\/m2<br \/>\n&#8211; tkanina jest cienka przez co spodnie idealnie sprawdz\u0105 si\u0119 w ciep\u0142e dni lub tam gdzie potrzebna jest ochrona sk\u00f3ry przy minimalnym efekcie cieplnym<br \/>\n&#8211; bawe\u0142na zastosowana w spodniach jest taka sama jak w produktach tej samej serii<br \/>\n&#8211; szeroki elastyczny \u015bci\u0105gacz w pasie z dodatkow\u0105 regulacj\u0105 sznurkiem<br \/>\n&#8211; zapinane kieszenie boczne<br \/>\n&#8211; pionowy nadruk Pitbull West Coast na lewej nogawce<br \/>\n&#8211; sk\u0142ad materia\u0142u: 95% bawe\u0142na, 5 % elastan<\/p>\n<p>&nbsp;<\/p>\n<h3><img loading=\"lazy\" decoding=\"async\" class=\"alignnone wp-image-47639 size-full\" style=\"font-size: 16px\" src=\"https:\/\/muscleforge.nl\/wp-content\/uploads\/2024\/07\/Zrzut-ekranu-2023-06-09-165720.jpg\" alt=\"\" width=\"362\" height=\"500\" srcset=\"https:\/\/muscleforge.nl\/wp-content\/uploads\/2024\/07\/Zrzut-ekranu-2023-06-09-165720.jpg 362w, https:\/\/muscleforge.nl\/wp-content\/uploads\/2024\/07\/Zrzut-ekranu-2023-06-09-165720-217x300.jpg 217w\" sizes=\"auto, (max-width: 362px) 100vw, 362px\" \/><\/h3>\n<h3><img loading=\"lazy\" decoding=\"async\" class=\"alignnone wp-image-47665 size-full\" style=\"font-size: 16px\" src=\"https:\/\/muscleforge.nl\/wp-content\/uploads\/2024\/07\/PIT-BULL-TARENTO-SHORTS-BLACK9.jpg\" alt=\"\" width=\"607\" height=\"286\" srcset=\"https:\/\/muscleforge.nl\/wp-content\/uploads\/2024\/07\/PIT-BULL-TARENTO-SHORTS-BLACK9.jpg 607w, https:\/\/muscleforge.nl\/wp-content\/uploads\/2024\/07\/PIT-BULL-TARENTO-SHORTS-BLACK9-300x141.jpg 300w, https:\/\/muscleforge.nl\/wp-content\/uploads\/2024\/07\/PIT-BULL-TARENTO-SHORTS-BLACK9-580x273.jpg 580w, https:\/\/muscleforge.nl\/wp-content\/uploads\/2024\/07\/PIT-BULL-TARENTO-SHORTS-BLACK9-600x283.jpg 600w\" sizes=\"auto, (max-width: 607px) 100vw, 607px\" \/><\/h3>\n","protected":false},"excerpt":{"rendered":"<p>PIT BULL TARENTO SHOR TS Szorty dresowe m\u0119skie z kolekcji wiosna \/ lato 2023 firmy PIT BULL WEST COAST \u2013 Tarento SERIA HEAVY WEIGHT 210 SPANDEX &#8211; fason ze zw\u0119\u017canymi nogawkami &#8211; spodnie wykonane z lekko elastycznej mi\u0119kkiej bawe\u0142ny o gramaturze 210 g\/m2 &#8211; tkanina jest cienka przez co spodnie idealnie sprawdz\u0105 si\u0119 w ciep\u0142e&#8230;<\/p>\n","protected":false},"featured_media":47659,"comment_status":"open","ping_status":"closed","template":"","meta":[],"product_brand":[],"product_cat":[798,799,800,807],"product_tag":[],"class_list":{"0":"post-47672","1":"product","2":"type-product","3":"status-publish","4":"has-post-thumbnail","6":"product_cat-odziez","7":"product_cat-dla-mezczyzn","8":"product_cat-promocja","9":"product_cat-kr","11":"first","12":"instock","13":"sale","14":"taxable","15":"shipping-taxable","16":"purchasable","17":"product-type-variable"},"_links":{"self":[{"href":"https:\/\/muscleforge.nl\/pl\/wp-json\/wp\/v2\/product\/47672","targetHints":{"allow":["GET"]}}],"collection":[{"href":"https:\/\/muscleforge.nl\/pl\/wp-json\/wp\/v2\/product"}],"about":[{"href":"https:\/\/muscleforge.nl\/pl\/wp-json\/wp\/v2\/types\/product"}],"replies":[{"embeddable":true,"href":"https:\/\/muscleforge.nl\/pl\/wp-json\/wp\/v2\/comments?post=47672"}],"wp:featuredmedia":[{"embeddable":true,"href":"https:\/\/muscleforge.nl\/pl\/wp-json\/wp\/v2\/media\/47659"}],"wp:attachment":[{"href":"https:\/\/muscleforge.nl\/pl\/wp-json\/wp\/v2\/media?parent=47672"}],"wp:term":[{"taxonomy":"product_brand","embeddable":true,"href":"https:\/\/muscleforge.nl\/pl\/wp-json\/wp\/v2\/product_brand?post=47672"},{"taxonomy":"product_cat","embeddable":true,"href":"https:\/\/muscleforge.nl\/pl\/wp-json\/wp\/v2\/product_cat?post=47672"},{"taxonomy":"product_tag","embeddable":true,"href":"https:\/\/muscleforge.nl\/pl\/wp-json\/wp\/v2\/product_tag?post=47672"}],"curies":[{"name":"wp","href":"https:\/\/api.w.org\/{rel}","templated":true}]}}