{"id":47936,"date":"2024-07-24T14:02:34","date_gmt":"2024-07-24T12:02:34","guid":{"rendered":"https:\/\/muscleforge.nl\/product\/public-enemy-t-shirt-trening-podstawa-sukcesu-white\/"},"modified":"2025-06-02T00:06:53","modified_gmt":"2025-06-01T22:06:53","slug":"public-enemy-t-shirt-trening-podstawa-sukcesu-white","status":"publish","type":"product","link":"https:\/\/muscleforge.nl\/pl\/produkt\/public-enemy-t-shirt-trening-podstawa-sukcesu-white\/","title":{"rendered":"Public Enemy T-shirt Trening Podstaw\u0105 Sukcesu White"},"content":{"rendered":"<div class=\"flex flex-grow flex-col max-w-full\">\n<div class=\"min-h-[20px] text-message flex w-full flex-col items-end gap-2 whitespace-pre-wrap break-words [.text-message+&amp;]:mt-5 overflow-x-auto\" dir=\"auto\" data-message-author-role=\"assistant\" data-message-id=\"5e3fd6ff-eed7-4e69-b748-bf1d6bb1bbbd\">\n<div class=\"flex w-full flex-col gap-1 empty:hidden first:pt-[3px]\">\n<div class=\"markdown prose w-full break-words dark:prose-invert light\">\n<h3><strong>T-shirt marki\u00a0 <\/strong>Public Enemy<\/h3>\n<p style=\"font-weight: 300\">Klasyczny kr\u00f3j oraz 100% bawe\u0142na sprawiaj\u0105, \u017ce koszulka jest bardzo wygodna i komfortowa w u\u017cytkowaniu.<\/p>\n<p style=\"font-weight: 300\"><strong>Materia\u0142:<\/strong>\u00a0100% bawe\u0142na<\/p>\n<p style=\"font-weight: 300\"><strong>Gramatura:<\/strong>\u00a0190g\/cm3<\/p>\n<p style=\"font-weight: 300\"><strong>Gwarancja zadowolenia!<\/strong><\/p>\n<p>&nbsp;<\/p>\n<\/div>\n<\/div>\n<\/div>\n<\/div>\n<div class=\"mt-1 flex gap-3 empty:hidden -ml-2\">\n<div class=\"items-center justify-start rounded-xl p-1 flex\">\n<div class=\"flex items-center\"><img decoding=\"async\" src=\"https:\/\/www.odziez-uliczna.pl\/galerie\/t\/t-shirt-sportowy-tryb-zycia-1_35457_p.jpg\" alt=\"T-shirt Trening Podstaw\u0105 Sukcesu bia\u0142y\" \/><\/div>\n<\/div>\n<\/div>\n","protected":false},"excerpt":{"rendered":"<p>T-shirt marki\u00a0 Public Enemy Klasyczny kr\u00f3j oraz 100% bawe\u0142na sprawiaj\u0105, \u017ce koszulka jest bardzo wygodna i komfortowa w u\u017cytkowaniu. Materia\u0142:\u00a0100% bawe\u0142na Gramatura:\u00a0190g\/cm3 Gwarancja zadowolenia! &nbsp;<\/p>\n","protected":false},"featured_media":47930,"comment_status":"open","ping_status":"closed","template":"","meta":[],"product_brand":[],"product_cat":[798,799,800,809,812],"product_tag":[],"class_list":{"0":"post-47936","1":"product","2":"type-product","3":"status-publish","4":"has-post-thumbnail","6":"product_cat-odziez","7":"product_cat-dla-mezczyzn","8":"product_cat-promocja","9":"product_cat-koszulki","10":"product_cat-t-shirts-pl","12":"first","13":"instock","14":"sale","15":"taxable","16":"shipping-taxable","17":"purchasable","18":"product-type-variable"},"_links":{"self":[{"href":"https:\/\/muscleforge.nl\/pl\/wp-json\/wp\/v2\/product\/47936","targetHints":{"allow":["GET"]}}],"collection":[{"href":"https:\/\/muscleforge.nl\/pl\/wp-json\/wp\/v2\/product"}],"about":[{"href":"https:\/\/muscleforge.nl\/pl\/wp-json\/wp\/v2\/types\/product"}],"replies":[{"embeddable":true,"href":"https:\/\/muscleforge.nl\/pl\/wp-json\/wp\/v2\/comments?post=47936"}],"wp:featuredmedia":[{"embeddable":true,"href":"https:\/\/muscleforge.nl\/pl\/wp-json\/wp\/v2\/media\/47930"}],"wp:attachment":[{"href":"https:\/\/muscleforge.nl\/pl\/wp-json\/wp\/v2\/media?parent=47936"}],"wp:term":[{"taxonomy":"product_brand","embeddable":true,"href":"https:\/\/muscleforge.nl\/pl\/wp-json\/wp\/v2\/product_brand?post=47936"},{"taxonomy":"product_cat","embeddable":true,"href":"https:\/\/muscleforge.nl\/pl\/wp-json\/wp\/v2\/product_cat?post=47936"},{"taxonomy":"product_tag","embeddable":true,"href":"https:\/\/muscleforge.nl\/pl\/wp-json\/wp\/v2\/product_tag?post=47936"}],"curies":[{"name":"wp","href":"https:\/\/api.w.org\/{rel}","templated":true}]}}