{"id":48008,"date":"2024-07-24T16:08:55","date_gmt":"2024-07-24T14:08:55","guid":{"rendered":"https:\/\/muscleforge.nl\/product\/public-enemy-t-shirt-patrioci-wielka-polska-black\/"},"modified":"2025-06-02T00:06:51","modified_gmt":"2025-06-01T22:06:51","slug":"public-enemy-t-shirt-patrioci-wielka-polska-black","status":"publish","type":"product","link":"https:\/\/muscleforge.nl\/pl\/produkt\/public-enemy-t-shirt-patrioci-wielka-polska-black\/","title":{"rendered":"Public Enemy T-shirt Patrioci Wielka Polska Black"},"content":{"rendered":"<div class=\"flex flex-grow flex-col max-w-full\">\n<div class=\"min-h-[20px] text-message flex w-full flex-col items-end gap-2 whitespace-pre-wrap break-words [.text-message+&amp;]:mt-5 overflow-x-auto\" dir=\"auto\" data-message-author-role=\"assistant\" data-message-id=\"d8c82df9-73d4-4ed0-9806-fd11e81c6623\">\n<div class=\"flex w-full flex-col gap-1 empty:hidden first:pt-[3px]\">\n<div class=\"markdown prose w-full break-words dark:prose-invert light\">\n<h3 style=\"font-weight: 300\"><strong>T-shirt patriotyczny marki Public Enemy<\/strong><\/h3>\n<p style=\"font-weight: 300\">Klasyczny kr\u00f3j oraz 100% bawe\u0142na sprawiaj\u0105, \u017ce koszulka jest bardzo wygodna i komfortowa w u\u017cytkowaniu.<\/p>\n<p style=\"font-weight: 300\"><strong>Materia\u0142:<\/strong>\u00a0100% bawe\u0142na<\/p>\n<p style=\"font-weight: 300\"><strong>Gramatura:<\/strong>\u00a0190g\/cm3<\/p>\n<p style=\"font-weight: 300\"><strong>Gwarancja zadowolenia!<\/strong><\/p>\n<\/div>\n<\/div>\n<\/div>\n<\/div>\n<p>&nbsp;<\/p>\n<p><img decoding=\"async\" src=\"https:\/\/www.odziez-uliczna.pl\/galerie\/t\/t-shirt-mysl-samodzielnie-cza_35405.jpg\" \/><\/p>\n","protected":false},"excerpt":{"rendered":"<p>T-shirt patriotyczny marki Public Enemy Klasyczny kr\u00f3j oraz 100% bawe\u0142na sprawiaj\u0105, \u017ce koszulka jest bardzo wygodna i komfortowa w u\u017cytkowaniu. Materia\u0142:\u00a0100% bawe\u0142na Gramatura:\u00a0190g\/cm3 Gwarancja zadowolenia! &nbsp;<\/p>\n","protected":false},"featured_media":48002,"comment_status":"open","ping_status":"closed","template":"","meta":[],"product_brand":[],"product_cat":[798,799,800,809,812],"product_tag":[],"class_list":{"0":"post-48008","1":"product","2":"type-product","3":"status-publish","4":"has-post-thumbnail","6":"product_cat-odziez","7":"product_cat-dla-mezczyzn","8":"product_cat-promocja","9":"product_cat-koszulki","10":"product_cat-t-shirts-pl","12":"first","13":"instock","14":"sale","15":"taxable","16":"shipping-taxable","17":"purchasable","18":"product-type-variable"},"_links":{"self":[{"href":"https:\/\/muscleforge.nl\/pl\/wp-json\/wp\/v2\/product\/48008","targetHints":{"allow":["GET"]}}],"collection":[{"href":"https:\/\/muscleforge.nl\/pl\/wp-json\/wp\/v2\/product"}],"about":[{"href":"https:\/\/muscleforge.nl\/pl\/wp-json\/wp\/v2\/types\/product"}],"replies":[{"embeddable":true,"href":"https:\/\/muscleforge.nl\/pl\/wp-json\/wp\/v2\/comments?post=48008"}],"wp:featuredmedia":[{"embeddable":true,"href":"https:\/\/muscleforge.nl\/pl\/wp-json\/wp\/v2\/media\/48002"}],"wp:attachment":[{"href":"https:\/\/muscleforge.nl\/pl\/wp-json\/wp\/v2\/media?parent=48008"}],"wp:term":[{"taxonomy":"product_brand","embeddable":true,"href":"https:\/\/muscleforge.nl\/pl\/wp-json\/wp\/v2\/product_brand?post=48008"},{"taxonomy":"product_cat","embeddable":true,"href":"https:\/\/muscleforge.nl\/pl\/wp-json\/wp\/v2\/product_cat?post=48008"},{"taxonomy":"product_tag","embeddable":true,"href":"https:\/\/muscleforge.nl\/pl\/wp-json\/wp\/v2\/product_tag?post=48008"}],"curies":[{"name":"wp","href":"https:\/\/api.w.org\/{rel}","templated":true}]}}