{"id":48152,"date":"2024-07-27T13:26:16","date_gmt":"2024-07-27T11:26:16","guid":{"rendered":"https:\/\/muscleforge.nl\/product\/fa-napalm-igniter-juice-shot-120ml\/"},"modified":"2025-06-02T00:06:50","modified_gmt":"2025-06-01T22:06:50","slug":"fa-napalm-igniter-juice-shot-120ml","status":"publish","type":"product","link":"https:\/\/muscleforge.nl\/pl\/produkt\/fa-napalm-igniter-juice-shot-120ml\/","title":{"rendered":"FA NAPALM Igniter Juice Shot 120ml"},"content":{"rendered":"<h1>NAPALM Igniter Juice Shot<\/h1>\n<p>Suplement diety w formie p\u0142ynnego shota, zaprojektowany w celu zwi\u0119kszenia energii, koncentracji oraz poprawy wydolno\u015bci podczas trening\u00f3w. Formu\u0142a wspiera tak\u017ce regeneracj\u0119 mi\u0119\u015bni oraz redukcj\u0119 zm\u0119czenia.<\/p>\n<p><strong>Zalety produktu:<\/strong><\/p>\n<ul>\n<li><strong>Zwi\u0119kszenie energii i koncentracji<\/strong> \u2013 zawiera kofein\u0119 oraz tauryn\u0119, kt\u00f3re dostarczaj\u0105 natychmiastowego zastrzyku energii i poprawiaj\u0105 koncentracj\u0119, umo\u017cliwiaj\u0105c pe\u0142ne skupienie podczas treningu.<\/li>\n<li><strong>Wsparcie funkcji poznawczych<\/strong> \u2013 ekstrakty z ashwagandy, bakopy drobnolistnej i mi\u0142orz\u0119bu dwuklapowego wspieraj\u0105 pami\u0119\u0107 oraz zdolno\u015bci poznawcze.<\/li>\n<li><strong>Redukcja zm\u0119czenia<\/strong> \u2013 magnez przyczynia si\u0119 do zmniejszenia uczucia zm\u0119czenia, co pozwala na d\u0142u\u017csze i intensywniejsze treningi.<\/li>\n<li><strong>Wzbogacenie o witaminy i minera\u0142y<\/strong> \u2013 witamina A pomaga utrzyma\u0107 prawid\u0142owe widzenie, a witamina B6 wspiera funkcje psychologiczne, poprawiaj\u0105c samopoczucie.<\/li>\n<\/ul>\n<p>FA NAPALM Igniter Juice Shot to innowacyjny suplement przedtreningowy, kt\u00f3ry zapewnia intensywny zastrzyk energii i koncentracji, wspomagaj\u0105c osi\u0105ganie lepszych wynik\u00f3w podczas d\u0142ugich i wymagaj\u0105cych trening\u00f3w. Zawiera kombinacj\u0119 sk\u0142adnik\u00f3w takich jak kofeina, tauryna, cytrulina, magnez i witaminy, kt\u00f3re razem wspieraj\u0105 popraw\u0119 wydolno\u015bci, redukcj\u0119 zm\u0119czenia oraz popraw\u0119 pami\u0119ci<\/p>\n<p>&nbsp;<\/p>\n<h3><strong>Zalecany spos\u00f3b spo\u017cycia:<\/strong><\/h3>\n<p>Spo\u017cywa\u0107 jedn\u0105 porcj\u0119 trzy razy dziennie (1 porcja = 30 ml). Przed u\u017cyciem wstrz\u0105sn\u0105\u0107.<\/p>\n<h3><\/h3>\n<h3>Sk\u0142adniki aktywne<\/h3>\n<table>\n<tbody>\n<tr>\n<td colspan=\"3\"><strong>Porcja:<\/strong>\u00a0\u00bc Ampu\u0142ki (30 ml)<br \/>\n<strong>Ilo\u015b\u0107 porcji w opakowaniu:<\/strong>\u00a04<\/td>\n<\/tr>\n<tr>\n<td><strong>Zawarto\u015b\u0107 w<\/strong><\/td>\n<td><strong>30 ml<\/strong><\/td>\n<td><strong>90 ml<\/strong><\/td>\n<\/tr>\n<tr>\n<td>Beta-alanina<\/td>\n<td>800 mg<\/td>\n<td>2400 mg<\/td>\n<\/tr>\n<tr>\n<td>Tauryna<\/td>\n<td>500 mg<\/td>\n<td>1500 mg<\/td>\n<\/tr>\n<tr>\n<td>Kofeina<\/td>\n<td>100 mg<\/td>\n<td>300 mg<\/td>\n<\/tr>\n<tr>\n<td>Glukuronolakton<\/td>\n<td>62,5 mg<\/td>\n<td>187,5 mg<\/td>\n<\/tr>\n<tr>\n<td>Dwuwinian choliny<\/td>\n<td>62,5 mg<\/td>\n<td>187,5 mg<\/td>\n<\/tr>\n<tr>\n<td>\u00a0\u00a0\u00a0\u00a0 w tym cholina<\/td>\n<td>25,6 mg<\/td>\n<td>76,8 mg<\/td>\n<\/tr>\n<tr>\n<td>Kwas gamma-aminomas\u0142owy (GABA)<\/td>\n<td>62,5 mg<\/td>\n<td>187,5 mg<\/td>\n<\/tr>\n<tr>\n<td>L-teanina<\/td>\n<td>25 mg<\/td>\n<td>75 mg<\/td>\n<\/tr>\n<tr>\n<td>L-tryptofan<\/td>\n<td>25 mg<\/td>\n<td>75 mg<\/td>\n<\/tr>\n<tr>\n<td>Ekstrakt z korzenia \u017ce\u0144-szenia koreanskiego<\/td>\n<td>25 mg<\/td>\n<td>75 mg<\/td>\n<\/tr>\n<tr>\n<td>Ekstrakt z korzenia ashwagandy<\/td>\n<td>25 mg<\/td>\n<td>75 mg<\/td>\n<\/tr>\n<tr>\n<td>\u00a0\u00a0\u00a0\u00a0 w tym witanolidy<\/td>\n<td>0,38 mg<\/td>\n<td>1,14 mg<\/td>\n<\/tr>\n<tr>\n<td>Ekstrakt z lisci mi\u0142orzebu dwuklapowego<\/td>\n<td>20 mg<\/td>\n<td>60 mg<\/td>\n<\/tr>\n<tr>\n<td>Ekstrakt z korzenia r\u00f3zenca g\u00f3rskiego<\/td>\n<td>12,5 mg<\/td>\n<td>37,5 mg<\/td>\n<\/tr>\n<tr>\n<td>\u00a0\u00a0\u00a0\u00a0 w tym polifenole<\/td>\n<td>5,6 mg<\/td>\n<td>16,8 mg<\/td>\n<\/tr>\n<tr>\n<td>\u00a0\u00a0\u00a0\u00a0 w tym salidrozydy<\/td>\n<td>0,13 mg<\/td>\n<td>0,39 mg<\/td>\n<\/tr>\n<tr>\n<td>Niacyna<\/td>\n<td>12,5 mg NE (78% RWS)<\/td>\n<td>(37,5 mg NE\u2013 234% RWS)<\/td>\n<\/tr>\n<tr>\n<td>Witamina B6<\/td>\n<td>0,35 mg (25% RWS)<\/td>\n<td>(1,05 mg \u2013 75% RWS)<\/td>\n<\/tr>\n<\/tbody>\n<\/table>\n<p>%RWS &#8211; Referencyjne Warto\u015bci Spo\u017cycia<\/p>\n<p><strong>Sk\u0142adniki:\u00a0<\/strong>woda, sok jab\u0142kowy z koncentratu soku jab\u0142kowego (20%), beta-alanina, tauryna, kofeina, glukuronolakton, dwuwinian choliny, kwas gamma-aminomas\u0142owy (GABA), L-teanina [ekstrakt z li\u015bci zielonej herbaty (<em>Camellia<\/em>\u00a0<em>sinensis\u00a0<\/em>L.; standaryzowany na 99% L-teaniny], L-tryptofan, ekstrakt z korzenia \u017ce\u0144-szenia korea\u0144skiego (<em>Panax ginseng\u00a0<\/em>C.A. Mey.), ekstrakt z korzenia ashwagandy (<em>Withania somnifera\u00a0<\/em>L.; standaryzowany na 1,5% witanolid\u00f3w), ekstrakt z li\u015bci mi\u0142orz\u0119bu dwuklapowego (<em>Ginkgo biloba\u00a0<\/em>L.), ekstrakt z korzenia r\u00f3\u017ce\u0144ca g\u00f3rskiego (<em>Rhodiola rosea\u00a0<\/em>L.; 45% polifenoli; 1% salidrozyd\u00f3w), niacyna (amid kwasu nikotynowego), witamina B6 (chlorowodorek pirydoksyny), kwas (kwas cytrynowy), aromat, substancje konserwuj\u0105ce (sorbinian potasu, benzoesan sodu), substancje s\u0142odz\u0105ce (sukraloza, acesulfam K, neotam), maltodekstryna.<\/p>\n<p>&nbsp;<\/p>\n<p>Suplementy diety nie mog\u0105 by\u0107 stosowane jako substytut zr\u00f3\u017cnicowanej diety. Pami\u0119taj, \u017ce tylko zdrowy tryb \u017cycia i zr\u00f3wnowa\u017cony spos\u00f3b od\u017cywiania zapewniaj\u0105 prawid\u0142owe funkcjonowanie organizmu i zachowanie dobrej kondycji. Nie przekracza\u0107 400ml kofeiny dziennie ze wszystkich \u017ar\u00f3de\u0142.<\/p>\n<p>Nie przekracza\u0107 zalecanej porcji do spo\u017cycia w ci\u0105gu dnia. Produkt nie mo\u017ce by\u0107 stosowany przez osoby uczulone na kt\u00f3rykolwiek z jego sk\u0142adnik\u00f3w. Przechowywa\u0107 w miejscu niedost\u0119pnym dla ma\u0142ych dzieci. Przechowywa\u0107 w miejscu suchym w temperaturze pokojowej w szczelnie zamkni\u0119tych opakowaniach.<\/p>\n","protected":false},"excerpt":{"rendered":"<p>NAPALM Igniter Juice Shot Suplement diety w formie p\u0142ynnego shota, zaprojektowany w celu zwi\u0119kszenia energii, koncentracji oraz poprawy wydolno\u015bci podczas trening\u00f3w. Formu\u0142a wspiera tak\u017ce regeneracj\u0119 mi\u0119\u015bni oraz redukcj\u0119 zm\u0119czenia. Zalety produktu: Zwi\u0119kszenie energii i koncentracji \u2013 zawiera kofein\u0119 oraz tauryn\u0119, kt\u00f3re dostarczaj\u0105 natychmiastowego zastrzyku energii i poprawiaj\u0105 koncentracj\u0119, umo\u017cliwiaj\u0105c pe\u0142ne skupienie podczas treningu. Wsparcie funkcji&#8230;<\/p>\n","protected":false},"featured_media":48149,"comment_status":"open","ping_status":"closed","template":"","meta":[],"product_brand":[],"product_cat":[728,863],"product_tag":[],"class_list":{"0":"post-48152","1":"product","2":"type-product","3":"status-publish","4":"has-post-thumbnail","6":"product_cat-suplementy-diety","7":"product_cat-szoty-przedtreningowe","9":"first","10":"instock","11":"taxable","12":"shipping-taxable","13":"purchasable","14":"product-type-variable"},"_links":{"self":[{"href":"https:\/\/muscleforge.nl\/pl\/wp-json\/wp\/v2\/product\/48152","targetHints":{"allow":["GET"]}}],"collection":[{"href":"https:\/\/muscleforge.nl\/pl\/wp-json\/wp\/v2\/product"}],"about":[{"href":"https:\/\/muscleforge.nl\/pl\/wp-json\/wp\/v2\/types\/product"}],"replies":[{"embeddable":true,"href":"https:\/\/muscleforge.nl\/pl\/wp-json\/wp\/v2\/comments?post=48152"}],"wp:featuredmedia":[{"embeddable":true,"href":"https:\/\/muscleforge.nl\/pl\/wp-json\/wp\/v2\/media\/48149"}],"wp:attachment":[{"href":"https:\/\/muscleforge.nl\/pl\/wp-json\/wp\/v2\/media?parent=48152"}],"wp:term":[{"taxonomy":"product_brand","embeddable":true,"href":"https:\/\/muscleforge.nl\/pl\/wp-json\/wp\/v2\/product_brand?post=48152"},{"taxonomy":"product_cat","embeddable":true,"href":"https:\/\/muscleforge.nl\/pl\/wp-json\/wp\/v2\/product_cat?post=48152"},{"taxonomy":"product_tag","embeddable":true,"href":"https:\/\/muscleforge.nl\/pl\/wp-json\/wp\/v2\/product_tag?post=48152"}],"curies":[{"name":"wp","href":"https:\/\/api.w.org\/{rel}","templated":true}]}}