{"id":48216,"date":"2024-08-01T14:38:38","date_gmt":"2024-08-01T12:38:38","guid":{"rendered":"https:\/\/muscleforge.nl\/product\/trec-nutrition-zinc-90cap\/"},"modified":"2025-06-02T00:06:49","modified_gmt":"2025-06-01T22:06:49","slug":"trec-nutrition-zinc-90cap","status":"publish","type":"product","link":"https:\/\/muscleforge.nl\/pl\/produkt\/trec-nutrition-zinc-90cap\/","title":{"rendered":"Trec Nutrition ZINC 90cap"},"content":{"rendered":"<h1>Trec Nutrition ZINC<\/h1>\n<div class=\"b-product-attributes__content dt mt12 ph4 ph0-l\">\n<p><strong>ZINC zawiera wysoko przyswajaln\u0105 form\u0119 cynku.<\/strong><\/p>\n<div class=\"b-product-attributes__content dt mt12 ph4 ph0-l\">\n<p>Cynk pomaga w utrzymaniu\u00a0<strong>prawid\u0142owej r\u00f3wnowagi kwasowo-zasadowej,<\/strong><br \/>\nCynk pomaga w utrzymaniu\u00a0<strong>prawid\u0142owego metabolizmu w\u0119glowodan\u00f3w,<\/strong><br \/>\nCynk przyczynia si\u0119 do utrzymania\u00a0<strong>prawid\u0142owego metabolizmu makrosk\u0142adnik\u00f3w od\u017cywczych,<\/strong><br \/>\nCynk pomaga zachowa\u0107<strong>\u00a0zdrowe w\u0142osy, sk\u00f3r\u0119 i paznokcie,<\/strong><br \/>\nCynk pomaga w\u00a0<strong>prawid\u0142owym funkcjonowaniu uk\u0142adu odporno\u015bciowego,<\/strong><br \/>\nCynk wspiera<strong>\u00a0ochron\u0119 kom\u00f3rek przed stresem oksydacyjnym.<\/strong><\/p>\n<\/div>\n<\/div>\n<p>&nbsp;<\/p>\n<div class=\"b-product-attributes__content dt mt12 ph4 ph0-l\">\n<div id=\"tab_A273QPI1\" class=\"\">\n<div class=\"w-100\">\n<h3>DAWKOWANIE<\/h3>\n<p>Jednorazow\u0105 porcj\u0119 produktu &#8211; 1 kapsu\u0142k\u0119 &#8211; popi\u0107 ok. 300 ml wody.<\/p>\n<p>Stosowa\u0107 1 porcj\u0119 dziennie po posi\u0142ku.<\/p>\n<p>Nie nale\u017cy przekracza\u0107 zalecanej porcji do spo\u017cycia w ci\u0105gu dnia.<\/p>\n<p>&nbsp;<\/p>\n<h3>TABELA SK\u0141ADU<\/h3>\n<div align=\"center\">\n<table class=\"alignleft\" border=\"1\" width=\"566\" cellspacing=\"0\" cellpadding=\"0\">\n<tbody>\n<tr>\n<td><b>Sk\u0142adniki aktywne<\/b><\/td>\n<td>\n<p align=\"center\"><b>w 1 kap.**<\/b><\/p>\n<\/td>\n<\/tr>\n<tr>\n<td>Cynk<\/td>\n<td>\n<p align=\"right\">15,00 mg (150 %*)<\/p>\n<\/td>\n<\/tr>\n<\/tbody>\n<\/table>\n<\/div>\n<p align=\"center\">\n<p align=\"center\">\n<p align=\"center\">\n<p align=\"center\">\n<p style=\"text-align: left\" align=\"center\">*Referencyjna Warto\u015b\u0107 Spo\u017cycia<\/p>\n<p style=\"text-align: left\" align=\"center\">**Dzienna porcja produktu<\/p>\n<\/div>\n<\/div>\n<div id=\"tab_1UMD8MIR\" class=\"\">\n<div class=\"w-100\">\n<div class=\"b-product-table\">\n<div>\n<h3>SK\u0141ADNIKI<\/h3>\n<p>Maltodekstryna; otoczka kapsu\u0142ki [substancja glazuruj\u0105ca (hydroksypropylometyloceluloza)]; cynk (glukonian cynku);substancja przeciwzbrylaj\u0105ca (sole magnezowe kwas\u00f3w t\u0142uszczowych). Produkt mo\u017ce zawiera\u0107:\u00a0<b><u>mleko<\/u><\/b>,\u00a0<b><u>soj\u0119<\/u><\/b>,\u00a0<b><u>zbo\u017ca zawieraj\u0105ce gluten<\/u><\/b>,\u00a0<b><u>ryby<\/u><\/b>\u00a0i\u00a0<b><u>orzeszki ziemne<\/u><\/b>.<\/p>\n<h3>OSTRZE\u017bENIE<\/h3>\n<p>Produkt nie mo\u017ce by\u0107 stosowany jako substytut zr\u00f3\u017cnicowanej diety. Preparat nie jest przeznaczony dla dzieci, kobiet w ci\u0105\u017cy oraz karmi\u0105cych. Zr\u00f3wnowa\u017cona dieta i zdrowy tryb \u017cycia s\u0105 wa\u017cne.<\/p>\n<\/div>\n<\/div>\n<\/div>\n<\/div>\n<p>&nbsp;<\/p>\n<\/div>\n","protected":false},"excerpt":{"rendered":"<p>Trec Nutrition ZINC ZINC zawiera wysoko przyswajaln\u0105 form\u0119 cynku. Cynk pomaga w utrzymaniu\u00a0prawid\u0142owej r\u00f3wnowagi kwasowo-zasadowej, Cynk pomaga w utrzymaniu\u00a0prawid\u0142owego metabolizmu w\u0119glowodan\u00f3w, Cynk przyczynia si\u0119 do utrzymania\u00a0prawid\u0142owego metabolizmu makrosk\u0142adnik\u00f3w od\u017cywczych, Cynk pomaga zachowa\u0107\u00a0zdrowe w\u0142osy, sk\u00f3r\u0119 i paznokcie, Cynk pomaga w\u00a0prawid\u0142owym funkcjonowaniu uk\u0142adu odporno\u015bciowego, Cynk wspiera\u00a0ochron\u0119 kom\u00f3rek przed stresem oksydacyjnym. &nbsp; DAWKOWANIE Jednorazow\u0105 porcj\u0119 produktu &#8211; 1&#8230;<\/p>\n","protected":false},"featured_media":48215,"comment_status":"open","ping_status":"closed","template":"","meta":[],"product_brand":[],"product_cat":[728,853,869,850],"product_tag":[],"class_list":{"0":"post-48216","1":"product","2":"type-product","3":"status-publish","4":"has-post-thumbnail","6":"product_cat-suplementy-diety","7":"product_cat-skora-wlosy-i-paznokcie","8":"product_cat-witaminy-i-mineraly","9":"product_cat-zdrowie-i-odpornosc","11":"first","12":"instock","13":"taxable","14":"shipping-taxable","15":"purchasable","16":"product-type-simple"},"_links":{"self":[{"href":"https:\/\/muscleforge.nl\/pl\/wp-json\/wp\/v2\/product\/48216","targetHints":{"allow":["GET"]}}],"collection":[{"href":"https:\/\/muscleforge.nl\/pl\/wp-json\/wp\/v2\/product"}],"about":[{"href":"https:\/\/muscleforge.nl\/pl\/wp-json\/wp\/v2\/types\/product"}],"replies":[{"embeddable":true,"href":"https:\/\/muscleforge.nl\/pl\/wp-json\/wp\/v2\/comments?post=48216"}],"wp:featuredmedia":[{"embeddable":true,"href":"https:\/\/muscleforge.nl\/pl\/wp-json\/wp\/v2\/media\/48215"}],"wp:attachment":[{"href":"https:\/\/muscleforge.nl\/pl\/wp-json\/wp\/v2\/media?parent=48216"}],"wp:term":[{"taxonomy":"product_brand","embeddable":true,"href":"https:\/\/muscleforge.nl\/pl\/wp-json\/wp\/v2\/product_brand?post=48216"},{"taxonomy":"product_cat","embeddable":true,"href":"https:\/\/muscleforge.nl\/pl\/wp-json\/wp\/v2\/product_cat?post=48216"},{"taxonomy":"product_tag","embeddable":true,"href":"https:\/\/muscleforge.nl\/pl\/wp-json\/wp\/v2\/product_tag?post=48216"}],"curies":[{"name":"wp","href":"https:\/\/api.w.org\/{rel}","templated":true}]}}