{"id":48278,"date":"2024-08-02T15:46:11","date_gmt":"2024-08-02T13:46:11","guid":{"rendered":"https:\/\/muscleforge.nl\/product\/essensey-berberine-turmeric-90-caps\/"},"modified":"2025-06-02T00:06:49","modified_gmt":"2025-06-01T22:06:49","slug":"essensey-berberine-turmeric-90-caps","status":"publish","type":"product","link":"https:\/\/muscleforge.nl\/pl\/produkt\/essensey-berberine-turmeric-90-caps\/","title":{"rendered":"Essensey BERBERINE + TURMERIC 90 Caps."},"content":{"rendered":"<h1>BERBERINE + TURMERIC<\/h1>\n<p>Suplement diety \u0142\u0105cz\u0105cy ekstrakt z korzenia berberysu oraz kurkumy, wspieraj\u0105cy utrzymanie prawid\u0142owego poziomu glukozy we krwi, poprawiaj\u0105cy procesy trawienne oraz regeneracj\u0119 staw\u00f3w.<\/p>\n<p><strong>Zalety produktu:<\/strong><\/p>\n<ul>\n<li><strong>Wsparcie metabolizmu glukozy<\/strong> \u2013 berberyna pomaga w utrzymaniu prawid\u0142owego poziomu cukru we krwi, co jest korzystne dla os\u00f3b dbaj\u0105cych o metabolizm.<\/li>\n<li><strong>Poprawa funkcji trawiennych<\/strong> \u2013 kurkuma wspiera prawid\u0142owe funkcjonowanie uk\u0142adu pokarmowego, przyczyniaj\u0105c si\u0119 do lepszego trawienia i wch\u0142aniania sk\u0142adnik\u00f3w od\u017cywczych.<\/li>\n<li><strong>Regeneracja staw\u00f3w<\/strong> \u2013 kurkuma wykazuje dzia\u0142anie przeciwzapalne, co wspomaga regeneracj\u0119 staw\u00f3w i uk\u0142adu ruchu.<\/li>\n<li><strong>Wysoka jako\u015b\u0107 sk\u0142adnik\u00f3w<\/strong> \u2013 produkt zawiera wysokiej jako\u015bci ekstrakty z berberysu i kurkumy o odpowiedniej standaryzacji, co zapewnia ich skuteczno\u015b\u0107.<\/li>\n<\/ul>\n<p>ESSENSEY BERBERINE + TURMERIC to suplement diety, kt\u00f3ry dostarcza skuteczne po\u0142\u0105czenie dw\u00f3ch silnych sk\u0142adnik\u00f3w: berberyny i kurkumy. Pomaga utrzyma\u0107 prawid\u0142owy poziom glukozy we krwi, poprawia trawienie oraz wspomaga regeneracj\u0119 staw\u00f3w. Dzi\u0119ki naturalnym w\u0142a\u015bciwo\u015bciom tych ro\u015blin, produkt mo\u017ce stanowi\u0107 doskona\u0142e wsparcie dla os\u00f3b dbaj\u0105cych o zdrowie i kondycj\u0119.<\/p>\n<p>&nbsp;<\/p>\n<h3><strong>Spos\u00f3b u\u017cycia:<\/strong><\/h3>\n<p>Zaleca si\u0119 przyjmowanie 1 kapsu\u0142ki dziennie, popijaj\u0105c j\u0105 odpowiedni\u0105 ilo\u015bci\u0105 wody.<\/p>\n<p>&nbsp;<\/p>\n<h3><strong>Sk\u0142ad i w\u0142a\u015bciwo\u015bci produktu:<\/strong><\/h3>\n<div class=\"composition-container\">\n<table class=\"table composition\">\n<thead>\n<tr>\n<td colspan=\"3\">Warto\u015b\u0107 od\u017cywcza<\/td>\n<\/tr>\n<tr>\n<td><\/td>\n<td>na\u00a01 kaps.<\/td>\n<td>% RWS*<\/td>\n<\/tr>\n<\/thead>\n<tbody>\n<tr>\n<td class=\"composition-header\">&#8211;\u00a0Kwas cysteinowy<\/td>\n<td class=\"composition\">300 mg<\/td>\n<td class=\"composition\">&#8211;<\/td>\n<\/tr>\n<tr>\n<td class=\"composition-header\">Ekstrakt z Kurkumy [95% Kurkuminy]<\/td>\n<td class=\"composition\">300 mg<\/td>\n<td class=\"composition\">&#8211;<\/td>\n<\/tr>\n<\/tbody>\n<\/table>\n<\/div>\n<div class=\"composition-container\">\n<div>\n<p><strong>Sk\u0142adniki:<\/strong> 40 % ekstrakt z korzenia berberysu (Berberis aristata) [2 % berberyny], 40 % ekstrakt z kurkumy (Curcuma longa) [95 % kurkuminy], otoczka kapsu\u0142ki [substancja glazuruj\u0105ca (hydroksypropylomentyloceluloza), substancja przeciwzbrylaj\u0105ca (sole magnezowe kwas\u00f3w t\u0142uszczowych).<\/p>\n<p>Produkt mo\u017ce zawiera\u0107:\u00a0mleko, soj\u0119, zbo\u017ca zawieraj\u0105ce gluten, ryby i orzeszki ziemne.<\/p>\n<\/div>\n<\/div>\n","protected":false},"excerpt":{"rendered":"<p>BERBERINE + TURMERIC Suplement diety \u0142\u0105cz\u0105cy ekstrakt z korzenia berberysu oraz kurkumy, wspieraj\u0105cy utrzymanie prawid\u0142owego poziomu glukozy we krwi, poprawiaj\u0105cy procesy trawienne oraz regeneracj\u0119 staw\u00f3w. Zalety produktu: Wsparcie metabolizmu glukozy \u2013 berberyna pomaga w utrzymaniu prawid\u0142owego poziomu cukru we krwi, co jest korzystne dla os\u00f3b dbaj\u0105cych o metabolizm. Poprawa funkcji trawiennych \u2013 kurkuma wspiera prawid\u0142owe&#8230;<\/p>\n","protected":false},"featured_media":48275,"comment_status":"open","ping_status":"closed","template":"","meta":[],"product_brand":[],"product_cat":[728,850],"product_tag":[],"class_list":{"0":"post-48278","1":"product","2":"type-product","3":"status-publish","4":"has-post-thumbnail","6":"product_cat-suplementy-diety","7":"product_cat-zdrowie-i-odpornosc","9":"first","10":"instock","11":"taxable","12":"shipping-taxable","13":"purchasable","14":"product-type-simple"},"_links":{"self":[{"href":"https:\/\/muscleforge.nl\/pl\/wp-json\/wp\/v2\/product\/48278","targetHints":{"allow":["GET"]}}],"collection":[{"href":"https:\/\/muscleforge.nl\/pl\/wp-json\/wp\/v2\/product"}],"about":[{"href":"https:\/\/muscleforge.nl\/pl\/wp-json\/wp\/v2\/types\/product"}],"replies":[{"embeddable":true,"href":"https:\/\/muscleforge.nl\/pl\/wp-json\/wp\/v2\/comments?post=48278"}],"wp:featuredmedia":[{"embeddable":true,"href":"https:\/\/muscleforge.nl\/pl\/wp-json\/wp\/v2\/media\/48275"}],"wp:attachment":[{"href":"https:\/\/muscleforge.nl\/pl\/wp-json\/wp\/v2\/media?parent=48278"}],"wp:term":[{"taxonomy":"product_brand","embeddable":true,"href":"https:\/\/muscleforge.nl\/pl\/wp-json\/wp\/v2\/product_brand?post=48278"},{"taxonomy":"product_cat","embeddable":true,"href":"https:\/\/muscleforge.nl\/pl\/wp-json\/wp\/v2\/product_cat?post=48278"},{"taxonomy":"product_tag","embeddable":true,"href":"https:\/\/muscleforge.nl\/pl\/wp-json\/wp\/v2\/product_tag?post=48278"}],"curies":[{"name":"wp","href":"https:\/\/api.w.org\/{rel}","templated":true}]}}