{"id":48544,"date":"2024-08-28T17:02:06","date_gmt":"2024-08-28T15:02:06","guid":{"rendered":"https:\/\/muscleforge.nl\/product\/scitec-nutrition-milk-thistle-80-caps\/"},"modified":"2025-06-02T00:06:48","modified_gmt":"2025-06-01T22:06:48","slug":"scitec-nutrition-milk-thistle-80-caps","status":"publish","type":"product","link":"https:\/\/muscleforge.nl\/pl\/produkt\/scitec-nutrition-milk-thistle-80-caps\/","title":{"rendered":"Scitec Nutrition Milk Thistle 80 caps"},"content":{"rendered":"<h1><strong>Milk Thistle<\/strong><\/h1>\n<p><strong>Scitec Nutrition Milk Thistle<\/strong> wspiera ochron\u0119 w\u0105troby oraz detoksykacj\u0119 organizmu dzi\u0119ki naturalnym ekstraktom z ostropestu plamistego.<\/p>\n<ul>\n<li>250 mg sylimaryny na kapsu\u0142k\u0119<\/li>\n<li>Mo\u017ce mie\u0107 pozytywny wp\u0142yw na wsparcie w\u0105troby, trawienie oraz przyswajanie sk\u0142adnik\u00f3w od\u017cywczych<\/li>\n<li>Zawiera bioflawonoidy i w\u0142a\u015bciwo\u015bci detoksykuj\u0105ce, kt\u00f3re regeneruj\u0105 kom\u00f3rki w\u0105troby, zwi\u0119kszaj\u0105c odporno\u015b\u0107 na choroby mikrobiologiczne, bakteryjne, wirusowe i toksyczne<\/li>\n<li>Mo\u017ce wspomaga\u0107 usuwanie toksyn, na kt\u00f3re organizm jest codziennie nara\u017cony, takich jak zanieczyszczenia i substancje chemiczne.<\/li>\n<\/ul>\n<hr \/>\n<p><strong>Scitec Nutrition Milk Thistle<\/strong> wspiera ochron\u0119 w\u0105troby oraz detoksykacj\u0119 organizmu dzi\u0119ki naturalnym ekstraktom z ostropestu plamistego.<\/p>\n<p>Ten suplement wykorzystuje zalety ostropestu plamistego, poniewa\u017c jest bogatym \u017ar\u00f3d\u0142em sylimaryny, jednej z najlepszych substancji do ochrony w\u0105troby.<\/p>\n<p>Ostropest plamisty to najlepsze wsparcie, jakie mo\u017cesz da\u0107 swojej w\u0105trobie:<\/p>\n<ul>\n<li>Zawiera bioflawonoidy i w\u0142a\u015bciwo\u015bci antyoksydacyjne, kt\u00f3re regeneruj\u0105 w\u0105trob\u0119, czyni\u0105c ci\u0119 bardziej odpornym na choroby mikrobiologiczne, bakteryjne, wirusowe i toksyczne.<\/li>\n<li>Pomaga w eliminacji toksyn, na kt\u00f3re organizm jest nara\u017cony codziennie.<\/li>\n<li>Poprawia funkcjonowanie w\u0105troby podczas procesu trawienia i wch\u0142aniania sk\u0142adnik\u00f3w od\u017cywczych.<\/li>\n<\/ul>\n<p>Dzi\u0119ki ostropestowi plamistemu poczujesz si\u0119 dobrze i wypocz\u0119ty w przypadku problem\u00f3w trawiennych i nara\u017cenia na toksyny, kt\u00f3re mog\u0105 zagrozi\u0107 Twojemu zdrowiu.<\/p>\n<hr \/>\n<p><strong>Spos\u00f3b u\u017cycia:<\/strong><\/p>\n<p>Przyjmowa\u0107 1 kapsu\u0142k\u0119 dziennie, najlepiej podczas posi\u0142ku.<\/p>\n<p>&nbsp;<\/p>\n<hr \/>\n<table>\n<thead>\n<tr>\n<th><strong>Warto\u015bci od\u017cywcze<\/strong><\/th>\n<th><strong>Na porcj\u0119 (1 kapsu\u0142ka)<\/strong><\/th>\n<\/tr>\n<\/thead>\n<tbody>\n<tr>\n<td>Ekstrakt z nasion ostropestu plamistego<\/td>\n<td>250 mg<\/td>\n<\/tr>\n<tr>\n<td>w tym sylimaryna<\/td>\n<td>188 mg<\/td>\n<\/tr>\n<\/tbody>\n<\/table>\n<p>&nbsp;<\/p>\n<p><strong>Sk\u0142adniki:<\/strong> Preparat z oleju sojowego [olej sojowy, przeciwutleniacz (ekstrakt bogaty w tokoferole)], otoczka kapsu\u0142ki [\u017celatyna, substancja nawil\u017caj\u0105ca (glicerol), oczyszczona woda, barwniki (fosforany wapnia, tlenki i wodorotlenki \u017celaza)], ekstrakt z nasion ostropestu plamistego (Silybum marianum) 29%.<\/p>\n<p><strong>Alergeny:<\/strong> Wyprodukowane w zak\u0142adzie przetwarzaj\u0105cym sk\u0142adniki z mleka, jaj, glutenu, soi, orzeszk\u00f3w ziemnych, orzech\u00f3w, selera, ryb i skorupiak\u00f3w.<\/p>\n<p><strong>Wa\u017cne:<\/strong><\/p>\n<p>Stosowa\u0107 produkt wraz z jedzeniem jako cz\u0119\u015b\u0107 zdrowej, zr\u00f3wnowa\u017conej diety, a nie jako jej zamiennik. Przechowywa\u0107 w miejscu niedost\u0119pnym dla dzieci. NIE PRZEKRACZA\u0106 ZALECANEJ DZIENNEJ DAWKI!<\/p>\n","protected":false},"excerpt":{"rendered":"<p>Milk Thistle Scitec Nutrition Milk Thistle wspiera ochron\u0119 w\u0105troby oraz detoksykacj\u0119 organizmu dzi\u0119ki naturalnym ekstraktom z ostropestu plamistego. 250 mg sylimaryny na kapsu\u0142k\u0119 Mo\u017ce mie\u0107 pozytywny wp\u0142yw na wsparcie w\u0105troby, trawienie oraz przyswajanie sk\u0142adnik\u00f3w od\u017cywczych Zawiera bioflawonoidy i w\u0142a\u015bciwo\u015bci detoksykuj\u0105ce, kt\u00f3re regeneruj\u0105 kom\u00f3rki w\u0105troby, zwi\u0119kszaj\u0105c odporno\u015b\u0107 na choroby mikrobiologiczne, bakteryjne, wirusowe i toksyczne Mo\u017ce wspomaga\u0107&#8230;<\/p>\n","protected":false},"featured_media":48540,"comment_status":"open","ping_status":"closed","template":"","meta":[],"product_brand":[],"product_cat":[728,856],"product_tag":[],"class_list":{"0":"post-48544","1":"product","2":"type-product","3":"status-publish","4":"has-post-thumbnail","6":"product_cat-suplementy-diety","7":"product_cat-wsparcie-watroby","9":"first","10":"instock","11":"taxable","12":"shipping-taxable","13":"purchasable","14":"product-type-simple"},"_links":{"self":[{"href":"https:\/\/muscleforge.nl\/pl\/wp-json\/wp\/v2\/product\/48544","targetHints":{"allow":["GET"]}}],"collection":[{"href":"https:\/\/muscleforge.nl\/pl\/wp-json\/wp\/v2\/product"}],"about":[{"href":"https:\/\/muscleforge.nl\/pl\/wp-json\/wp\/v2\/types\/product"}],"replies":[{"embeddable":true,"href":"https:\/\/muscleforge.nl\/pl\/wp-json\/wp\/v2\/comments?post=48544"}],"wp:featuredmedia":[{"embeddable":true,"href":"https:\/\/muscleforge.nl\/pl\/wp-json\/wp\/v2\/media\/48540"}],"wp:attachment":[{"href":"https:\/\/muscleforge.nl\/pl\/wp-json\/wp\/v2\/media?parent=48544"}],"wp:term":[{"taxonomy":"product_brand","embeddable":true,"href":"https:\/\/muscleforge.nl\/pl\/wp-json\/wp\/v2\/product_brand?post=48544"},{"taxonomy":"product_cat","embeddable":true,"href":"https:\/\/muscleforge.nl\/pl\/wp-json\/wp\/v2\/product_cat?post=48544"},{"taxonomy":"product_tag","embeddable":true,"href":"https:\/\/muscleforge.nl\/pl\/wp-json\/wp\/v2\/product_tag?post=48544"}],"curies":[{"name":"wp","href":"https:\/\/api.w.org\/{rel}","templated":true}]}}